{"id":2870,"date":"2021-02-18T20:10:21","date_gmt":"2021-02-18T19:10:21","guid":{"rendered":"https:\/\/www.dbaspecialists.com\/sql-server\/"},"modified":"2021-02-22T14:30:36","modified_gmt":"2021-02-22T13:30:36","slug":"sql-server","status":"publish","type":"page","link":"https:\/\/www.dbaspecialists.com\/nl\/sql-server\/","title":{"rendered":"Sql Server"},"content":{"rendered":"<p>[et_pb_section fb_built=&#8221;1&#8243; fullwidth=&#8221;on&#8221; custom_padding_last_edited=&#8221;on|desktop&#8221; disabled_on=&#8221;off|off|&#8221; _builder_version=&#8221;3.22&#8243; background_color=&#8221;#ffffff&#8221; custom_padding_tablet=&#8221;50px|0|50px|0&#8243; custom_padding_phone=&#8221;&#8221; transparent_background=&#8221;off&#8221; padding_mobile=&#8221;off&#8221; make_fullwidth=&#8221;off&#8221; use_custom_width=&#8221;off&#8221; width_unit=&#8221;on&#8221;][et_pb_fullwidth_header title=&#8221;DBA Sql Server&#8221; subhead=&#8221;Diensten voor beheer, monitoring en databasebeheer op afstand&#8221; text_orientation=&#8221;center&#8221; _builder_version=&#8221;4.2.1&#8243; title_font_size=&#8221;46px&#8221; background_color=&#8221;rgba(255, 255, 255, 0)&#8221; use_background_color_gradient=&#8221;on&#8221; background_color_gradient_end=&#8221;#004494&#8243; max_width_tablet=&#8221;50px&#8221; title_font_size_tablet=&#8221;36px&#8221; title_font_size_phone=&#8221;30px&#8221; title_font_size_last_edited=&#8221;on|phone&#8221; button_one_text_size__hover_enabled=&#8221;off&#8221; button_two_text_size__hover_enabled=&#8221;off&#8221; button_one_text_color__hover_enabled=&#8221;off&#8221; button_two_text_color__hover_enabled=&#8221;off&#8221; button_one_border_width__hover_enabled=&#8221;off&#8221; button_two_border_width__hover_enabled=&#8221;off&#8221; button_one_border_color__hover_enabled=&#8221;off&#8221; button_two_border_color__hover_enabled=&#8221;off&#8221; button_one_border_radius__hover_enabled=&#8221;off&#8221; button_two_border_radius__hover_enabled=&#8221;off&#8221; button_one_letter_spacing__hover_enabled=&#8221;off&#8221; button_two_letter_spacing__hover_enabled=&#8221;off&#8221; button_one_bg_color__hover_enabled=&#8221;off&#8221; button_two_bg_color__hover_enabled=&#8221;off&#8221;][\/et_pb_fullwidth_header][\/et_pb_section][et_pb_section fb_built=&#8221;1&#8243; custom_padding_last_edited=&#8221;on|desktop&#8221; _builder_version=&#8221;3.22&#8243; background_color=&#8221;#ee7f01&#8243; custom_padding_tablet=&#8221;50px|0|50px|0&#8243; custom_padding_phone=&#8221;&#8221; padding_mobile=&#8221;off&#8221;][et_pb_row column_structure=&#8221;2_3,1_3&#8243; padding_mobile=&#8221;off&#8221; column_padding_mobile=&#8221;on&#8221; custom_padding_last_edited=&#8221;off|desktop&#8221; _builder_version=&#8221;3.25&#8243; background_size=&#8221;initial&#8221; background_position=&#8221;top_left&#8221; background_repeat=&#8221;repeat&#8221;][et_pb_column type=&#8221;2_3&#8243; _builder_version=&#8221;3.25&#8243; custom_padding=&#8221;|||&#8221; custom_padding__hover=&#8221;|||&#8221;][et_pb_text _builder_version=&#8221;3.27.4&#8243; text_font_size=&#8221;20&#8243; background_size=&#8221;initial&#8221; background_position=&#8221;top_left&#8221; background_repeat=&#8221;repeat&#8221; background_layout=&#8221;dark&#8221; module_alignment=&#8221;left&#8221; custom_padding=&#8221;6px|||&#8221; border_style=&#8221;solid&#8221;]<\/p>\n<p><strong>Bent u op zoek naar een deskundige adviseur voor het beheer van uw SQL Server-database?<\/strong><\/p>\n<p>[\/et_pb_text][\/et_pb_column][et_pb_column type=&#8221;1_3&#8243; _builder_version=&#8221;3.25&#8243; custom_padding=&#8221;|||&#8221; custom_padding__hover=&#8221;|||&#8221;][et_pb_button button_url=&#8221;https:\/\/www.dbaspecialists.com\/nl\/contact\/&#8221; button_text=&#8221;informatie opvragen&#8221; button_alignment=&#8221;right&#8221; _builder_version=&#8221;4.9.0&#8243; custom_button=&#8221;on&#8221; button_bg_color=&#8221;#004494&#8243; button_border_color=&#8221;#004494&#8243; button_icon=&#8221;%%20%%&#8221; button_icon_color=&#8221;#e63517&#8243; button_icon_placement=&#8221;left&#8221; button_on_hover=&#8221;off&#8221; hover_enabled=&#8221;0&#8243; button_text_color_hover=&#8221;#004494&#8243; button_border_color_hover=&#8221;#ffffff&#8221; button_bg_color_hover=&#8221;#ee7f01&#8243; button_text_size__hover_enabled=&#8221;off&#8221; button_one_text_size__hover_enabled=&#8221;off&#8221; button_two_text_size__hover_enabled=&#8221;off&#8221; button_text_color__hover_enabled=&#8221;on&#8221; button_text_color__hover=&#8221;#004494&#8243; button_one_text_color__hover_enabled=&#8221;off&#8221; button_two_text_color__hover_enabled=&#8221;off&#8221; button_border_width__hover_enabled=&#8221;off&#8221; button_one_border_width__hover_enabled=&#8221;off&#8221; button_two_border_width__hover_enabled=&#8221;off&#8221; button_border_color__hover_enabled=&#8221;on&#8221; button_border_color__hover=&#8221;#ffffff&#8221; button_one_border_color__hover_enabled=&#8221;off&#8221; button_two_border_color__hover_enabled=&#8221;off&#8221; button_border_radius__hover_enabled=&#8221;off&#8221; button_one_border_radius__hover_enabled=&#8221;off&#8221; button_two_border_radius__hover_enabled=&#8221;off&#8221; button_letter_spacing__hover_enabled=&#8221;off&#8221; button_one_letter_spacing__hover_enabled=&#8221;off&#8221; button_two_letter_spacing__hover_enabled=&#8221;off&#8221; button_bg_color__hover_enabled=&#8221;on&#8221; button_bg_color__hover=&#8221;#ee7f01&#8243; button_one_bg_color__hover_enabled=&#8221;off&#8221; button_two_bg_color__hover_enabled=&#8221;off&#8221; sticky_enabled=&#8221;0&#8243;][\/et_pb_button][\/et_pb_column][\/et_pb_row][\/et_pb_section][et_pb_section fb_built=&#8221;1&#8243; custom_padding_last_edited=&#8221;on|desktop&#8221; _builder_version=&#8221;3.22&#8243; custom_padding=&#8221;40px||40px|&#8221; custom_padding_tablet=&#8221;50px|0|50px|0&#8243; custom_padding_phone=&#8221;&#8221; transparent_background=&#8221;off&#8221; padding_mobile=&#8221;off&#8221; make_fullwidth=&#8221;off&#8221; use_custom_width=&#8221;off&#8221; width_unit=&#8221;on&#8221;][et_pb_row column_structure=&#8221;1_2,1_2&#8243; _builder_version=&#8221;3.25&#8243; background_size=&#8221;initial&#8221; background_position=&#8221;top_left&#8221; background_repeat=&#8221;repeat&#8221;][et_pb_column type=&#8221;1_2&#8243; _builder_version=&#8221;3.25&#8243; custom_padding=&#8221;|||&#8221; custom_padding__hover=&#8221;|||&#8221;][et_pb_text _builder_version=&#8221;4.9.0&#8243; background_size=&#8221;initial&#8221; background_position=&#8221;top_left&#8221; background_repeat=&#8221;repeat&#8221; module_alignment=&#8221;left&#8221; hover_enabled=&#8221;0&#8243; border_style=&#8221;solid&#8221; sticky_enabled=&#8221;0&#8243;]<\/p>\n<h2>Professionals in het beheer van uw database<\/h2>\n<p>Wij zijn de ideale partner voor al uw behoeften op het gebied van Sql Server databasebeheer: een fulltime team dat gericht is op het behoud van optimale prestaties, stabiliteit en veiligheid. U kunt profiteren van onze meer dan 18 jaar ervaring.<\/p>\n<p>Wij zijn er ons van bewust dat elke klant unieke behoeften heeft, en daarom worden onze DBA-diensten geleverd met verschillende oplossingen: wij kunnen aan uw behoeften voldoen en bieden de ondersteuning en serviceformules die het meest nuttigs zijn voor uw bedrijf.<br \/>Wij bieden een grote beschikbaarheid en verschillende dekkingsplannen (8\u00d75, 16\u00d75, 24\u00d77) via ons Sql Server gecertificeerd team, dat voortdurend op de hoogte blijft van gespecialiseerde vaardigheden.<br \/>Wij kunnen diepgaande analyses uitvoeren op uw database om de verbeteringsopties te beoordelen, wij zorgen voor het beheer, de monitoring en management van de database om deze in de loop van de tijd stabieler te houden.<\/p>\n<p>Vertrouw op onze jarenlange ervaring om de waarde van uw Sql Server database te optimaliseren en te verhogen.<\/p>\n<p>[\/et_pb_text][\/et_pb_column][et_pb_column type=&#8221;1_2&#8243; _builder_version=&#8221;3.25&#8243; custom_padding=&#8221;|||&#8221; custom_padding__hover=&#8221;|||&#8221;][et_pb_text _builder_version=&#8221;3.27.4&#8243; text_orientation=&#8221;center&#8221; module_alignment=&#8221;center&#8221;]<\/p>\n<h2>Gecertificeerde <strong>Microsoft Sql Server <\/strong>experts<\/h2>\n<p>[\/et_pb_text][et_pb_image src=&#8221;https:\/\/www.dbaspecialists.com\/wp-content\/uploads\/2017\/07\/logoMicrosoftDBCertified_s.png&#8221; alt=&#8221;DBA Sql Server&#8221; align=&#8221;center&#8221; align_tablet=&#8221;center&#8221; align_phone=&#8221;&#8221; align_last_edited=&#8221;on|desktop&#8221; _builder_version=&#8221;3.23&#8243; border_style=&#8221;solid&#8221; animation=&#8221;off&#8221; sticky=&#8221;off&#8221; always_center_on_mobile=&#8221;on&#8221;][\/et_pb_image][et_pb_divider color=&#8221;#ee7f01&#8243; divider_weight=&#8221;5&#8243; disabled_on=&#8221;on|on|off&#8221; _builder_version=&#8221;3.2&#8243; hide_on_mobile=&#8221;on&#8221;][\/et_pb_divider][\/et_pb_column][\/et_pb_row][\/et_pb_section][et_pb_section fb_built=&#8221;1&#8243; _builder_version=&#8221;3.22&#8243; background_color=&#8221;#f2f2f2&#8243; custom_padding=&#8221;50px||50px|&#8221;][et_pb_row column_structure=&#8221;1_2,1_4,1_4&#8243; _builder_version=&#8221;3.25&#8243; background_color=&#8221;#f0f0f0&#8243; background_size=&#8221;initial&#8221; background_position=&#8221;top_left&#8221; background_repeat=&#8221;repeat&#8221; custom_padding=&#8221;25px|25px|25px|25px&#8221;][et_pb_column type=&#8221;1_2&#8243; _builder_version=&#8221;3.25&#8243; background_position=&#8221;top_left&#8221; custom_padding=&#8221;|||&#8221; custom_padding__hover=&#8221;|||&#8221;][et_pb_text _builder_version=&#8221;4.2.1&#8243; module_alignment=&#8221;left&#8221; border_style=&#8221;solid&#8221;]<\/p>\n<h2 style=\"text-align: center;\">Onze SQL Server services<\/h2>\n<p>[\/et_pb_text][et_pb_blurb image=&#8221;https:\/\/www.dbaspecialists.com\/wp-content\/uploads\/2021\/02\/nl.png&#8221; disabled_on=&#8221;off|off|&#8221; _builder_version=&#8221;4.9.0&#8243; text_orientation=&#8221;center&#8221; hover_enabled=&#8221;0&#8243; border_style=&#8221;solid&#8221; title_text=&#8221;nl&#8221; sticky_enabled=&#8221;0&#8243;]<\/p>\n<p>Wij leveren onze DBA-services door het hele land.<\/p>\n<p>[\/et_pb_blurb][\/et_pb_column][et_pb_column type=&#8221;1_4&#8243; _builder_version=&#8221;3.25&#8243; background_position=&#8221;top_left&#8221; custom_padding=&#8221;|||&#8221; custom_padding__hover=&#8221;|||&#8221;][et_pb_text _builder_version=&#8221;3.27.4&#8243; module_alignment=&#8221;left&#8221; border_style=&#8221;solid&#8221;]<\/p>\n<h4><span style=\"color: #e27500;\">DATABASE BEHEER SERVICE<\/span><\/h4>\n<p>[\/et_pb_text][et_pb_blurb url=&#8221;https:\/\/www.dbaspecialists.com\/nl\/reactieve-diensten\/&#8221; url_new_window=&#8221;on&#8221; use_icon=&#8221;on&#8221; font_icon=&#8221;%%227%%&#8221; icon_placement=&#8221;left&#8221; _builder_version=&#8221;4.7.6&#8243; body_text_align=&#8221;left&#8221; text_orientation=&#8221;center&#8221; animation=&#8221;off&#8221; border_color=&#8221;#e0e0e0&#8243; border_style=&#8221;solid&#8221;]<\/p>\n<p><a href=\"https:\/\/www.dbaspecialists.com\/nl\/reactieve-diensten\/\" target=\"_blank\" rel=\"noopener noreferrer\"><strong>Reactieve services<\/strong><\/a><\/p>\n<p>[\/et_pb_blurb][et_pb_blurb url=&#8221;https:\/\/www.dbaspecialists.com\/nl\/standaard-database-beheer\/&#8221; url_new_window=&#8221;on&#8221; use_icon=&#8221;on&#8221; font_icon=&#8221;%%173%%&#8221; icon_placement=&#8221;left&#8221; _builder_version=&#8221;3.0.87&#8243; body_text_align=&#8221;left&#8221; text_orientation=&#8221;center&#8221; animation=&#8221;off&#8221; border_color_all=&#8221;#e0e0e0&#8243; border_style_all=&#8221;solid&#8221; border_color=&#8221;#e0e0e0&#8243; border_style=&#8221;solid&#8221;]<\/p>\n<p><a href=\"https:\/\/www.dbaspecialists.com\/nl\/standaard-database-beheer\/\" target=\"_blank\" rel=\"noopener noreferrer\"><strong>Standaard beheer<\/strong><\/a><\/p>\n<p>[\/et_pb_blurb][et_pb_blurb url=&#8221;https:\/\/www.dbaspecialists.com\/nl\/proactieve-services\/&#8221; url_new_window=&#8221;on&#8221; use_icon=&#8221;on&#8221; font_icon=&#8221;%%176%%&#8221; icon_placement=&#8221;left&#8221; _builder_version=&#8221;3.0.87&#8243; body_text_align=&#8221;left&#8221; text_orientation=&#8221;center&#8221; animation=&#8221;off&#8221; border_color=&#8221;#e0e0e0&#8243; border_style=&#8221;solid&#8221;]<\/p>\n<p><a href=\"https:\/\/www.dbaspecialists.com\/nl\/proactieve-services\/\" target=\"_blank\" rel=\"noopener noreferrer\"><strong>Proactieve services<\/strong><\/a><\/p>\n<p>[\/et_pb_blurb][\/et_pb_column][et_pb_column type=&#8221;1_4&#8243; _builder_version=&#8221;3.25&#8243; background_position=&#8221;top_left&#8221; custom_padding=&#8221;|||&#8221; custom_padding__hover=&#8221;|||&#8221;][et_pb_text _builder_version=&#8221;3.27.4&#8243; module_alignment=&#8221;left&#8221; border_style=&#8221;solid&#8221;]<\/p>\n<h4><span style=\"color: #e27500;\">PROJECTEN EN CONSULTANCY OP AFSTAND<\/span><\/h4>\n<p>[\/et_pb_text][et_pb_blurb url=&#8221;https:\/\/www.dbaspecialists.com\/nl\/professionele-database-consultancy\/&#8221; url_new_window=&#8221;on&#8221; use_icon=&#8221;on&#8221; font_icon=&#8221;%%275%%&#8221; icon_placement=&#8221;left&#8221; _builder_version=&#8221;3.0.87&#8243; body_text_align=&#8221;left&#8221; text_orientation=&#8221;center&#8221; animation=&#8221;off&#8221; border_color=&#8221;#e0e0e0&#8243; border_style=&#8221;solid&#8221;]<\/p>\n<p><a href=\"https:\/\/www.dbaspecialists.com\/nl\/professionele-database-consultancy\/\" target=\"_blank\" rel=\"noopener noreferrer\"><strong>Professioneel advies<\/strong><\/a><\/p>\n<p>[\/et_pb_blurb][et_pb_blurb url=&#8221;https:\/\/www.dbaspecialists.com\/nl\/controle-en-analyse-van-database-beveiliging\/&#8221; url_new_window=&#8221;on&#8221; use_icon=&#8221;on&#8221; font_icon=&#8221;%%228%%&#8221; icon_placement=&#8221;left&#8221; _builder_version=&#8221;3.0.87&#8243; body_text_align=&#8221;left&#8221; text_orientation=&#8221;center&#8221; animation=&#8221;off&#8221; border_color=&#8221;#e0e0e0&#8243; border_style=&#8221;solid&#8221;]<\/p>\n<p><a href=\"https:\/\/www.dbaspecialists.com\/nl\/controle-en-analyse-van-database-beveiliging\/\" target=\"_blank\" rel=\"noopener noreferrer\"><strong>Veiligheidscontroles en analyses<\/strong><\/a><\/p>\n<p>[\/et_pb_blurb][et_pb_blurb url=&#8221;https:\/\/www.dbaspecialists.com\/nl\/prestatie-en-database-optimalisatie\/&#8221; url_new_window=&#8221;on&#8221; use_icon=&#8221;on&#8221; font_icon=&#8221;%%283%%&#8221; icon_placement=&#8221;left&#8221; _builder_version=&#8221;3.0.87&#8243; body_text_align=&#8221;left&#8221; text_orientation=&#8221;center&#8221; animation=&#8221;off&#8221; border_color=&#8221;#e0e0e0&#8243; border_style=&#8221;solid&#8221;]<\/p>\n<p><a href=\"https:\/\/www.dbaspecialists.com\/nl\/prestatie-en-database-optimalisatie\/\" target=\"_blank\" rel=\"noopener noreferrer\"><strong>Prestaties en optimalisatie<\/strong><\/a><\/p>\n<p>[\/et_pb_blurb][\/et_pb_column][\/et_pb_row][\/et_pb_section][et_pb_section fb_built=&#8221;1&#8243; _builder_version=&#8221;3.22&#8243;][et_pb_row _builder_version=&#8221;3.25&#8243; background_size=&#8221;initial&#8221; background_position=&#8221;top_left&#8221; background_repeat=&#8221;repeat&#8221;][et_pb_column type=&#8221;4_4&#8243; _builder_version=&#8221;3.25&#8243; custom_padding=&#8221;|||&#8221; custom_padding__hover=&#8221;|||&#8221;][et_pb_text _builder_version=&#8221;3.27.4&#8243; module_alignment=&#8221;left&#8221;]<\/p>\n<h2 style=\"text-align: center;\">Onze ervaring voor uw <strong>database SQL Server<\/strong><\/h2>\n<p>[\/et_pb_text][\/et_pb_column][\/et_pb_row][et_pb_row column_structure=&#8221;1_2,1_2&#8243; _builder_version=&#8221;3.25&#8243; background_size=&#8221;initial&#8221; background_position=&#8221;top_left&#8221; background_repeat=&#8221;repeat&#8221;][et_pb_column type=&#8221;1_2&#8243; _builder_version=&#8221;3.25&#8243; custom_padding=&#8221;|||&#8221; custom_padding__hover=&#8221;|||&#8221;][et_pb_blurb title=&#8221;Kostenoptimalisatie&#8221; use_icon=&#8221;on&#8221; font_icon=&#8221;%%283%%&#8221; _builder_version=&#8221;4.2.1&#8243; max_width_tablet=&#8221;50px&#8221;]<\/p>\n<p>Onze ondersteuningsdiensten op afstand helpen u kosten te besparen door een snel en effici\u00ebnt beheer van incidentele werklasten mogelijk te maken.<\/p>\n<p>[\/et_pb_blurb][\/et_pb_column][et_pb_column type=&#8221;1_2&#8243; _builder_version=&#8221;3.25&#8243; custom_padding=&#8221;|||&#8221; custom_padding__hover=&#8221;|||&#8221;][et_pb_blurb title=&#8221;Diverse service plannen&#8221; use_icon=&#8221;on&#8221; font_icon=&#8221;%%260%%&#8221; _builder_version=&#8221;4.2.1&#8243; max_width_tablet=&#8221;50px&#8221;]<\/p>\n<p>Ons team kan een serviceplan voorstellen dat aan uw specifieke beheer behoeften beantwoord en aan uw eisen voldoet.<\/p>\n<p>[\/et_pb_blurb][\/et_pb_column][\/et_pb_row][et_pb_row column_structure=&#8221;1_2,1_2&#8243; _builder_version=&#8221;3.25&#8243; background_size=&#8221;initial&#8221; background_position=&#8221;top_left&#8221; background_repeat=&#8221;repeat&#8221;][et_pb_column type=&#8221;1_2&#8243; _builder_version=&#8221;3.25&#8243; custom_padding=&#8221;|||&#8221; custom_padding__hover=&#8221;|||&#8221;][et_pb_blurb title=&#8221;Een team van ervaren DBA&#8217;s&#8221; use_icon=&#8221;on&#8221; font_icon=&#8221;%%275%%&#8221; _builder_version=&#8221;4.2.1&#8243; max_width_tablet=&#8221;50px&#8221;]<\/p>\n<p>Wij bieden u de kracht van de collectieve kennis van ons SQL Server team: door harmonieus teamwork groeit de ontwikkeling van onze knowhow voortdurend.<\/p>\n<p>[\/et_pb_blurb][\/et_pb_column][et_pb_column type=&#8221;1_2&#8243; _builder_version=&#8221;3.25&#8243; custom_padding=&#8221;|||&#8221; custom_padding__hover=&#8221;|||&#8221;][et_pb_blurb title=&#8221;Meer dan 18 jaar ervaring&#8221; use_icon=&#8221;on&#8221; font_icon=&#8221;%%277%%&#8221; _builder_version=&#8221;4.2.1&#8243; max_width_tablet=&#8221;50px&#8221; border_style=&#8221;solid&#8221;]<\/p>\n<p>Van systeemmanagement en -beheer tot voortdurende ondersteuning en 24\/7 monitoring, onze DBA&#8217;s zijn uw vertrouwde digitale partner, zodat u uw activiteiten kunt optimaliseren en een belangrijk concurrentievoordeel kunt behalen.<\/p>\n<p>[\/et_pb_blurb][\/et_pb_column][\/et_pb_row][\/et_pb_section]<\/p>\n","protected":false},"excerpt":{"rendered":"<p>Bent u op zoek naar een deskundige adviseur voor het beheer van uw SQL Server-database? Professionals in het beheer van uw database Wij zijn de ideale partner voor al uw behoeften op het gebied van Sql Server databasebeheer: een fulltime team dat gericht is op het behoud van optimale prestaties, stabiliteit en veiligheid. U kunt [&hellip;]<\/p>\n","protected":false},"author":1,"featured_media":0,"parent":0,"menu_order":0,"comment_status":"closed","ping_status":"closed","template":"","meta":{"_et_pb_use_builder":"on","_et_pb_old_content":"","_et_gb_content_width":"","footnotes":""},"class_list":["post-2870","page","type-page","status-publish","hentry"],"yoast_head":"<!-- This site is optimized with the Yoast SEO plugin v27.4 - https:\/\/yoast.com\/product\/yoast-seo-wordpress\/ -->\n<title>Dba Sql Server: monitoring- en beheer diensten database<\/title>\n<meta name=\"description\" content=\"Met 18 jaar ervaring bieden we een breed scala aan oplossingen en ondersteuning voor bedrijfsdatabases. SQL Server gecertificeerde experts. Beschikbaarheid 24x7x365\" \/>\n<meta name=\"robots\" content=\"index, follow, max-snippet:-1, max-image-preview:large, max-video-preview:-1\" \/>\n<link rel=\"canonical\" href=\"https:\/\/www.dbaspecialists.com\/nl\/sql-server\/\" \/>\n<meta property=\"og:locale\" content=\"nl_NL\" \/>\n<meta property=\"og:type\" content=\"article\" \/>\n<meta property=\"og:title\" content=\"Dba Sql Server: monitoring- en beheer diensten database\" \/>\n<meta property=\"og:description\" content=\"Met 18 jaar ervaring bieden we een breed scala aan oplossingen en ondersteuning voor bedrijfsdatabases. SQL Server gecertificeerde experts. Beschikbaarheid 24x7x365\" \/>\n<meta property=\"og:url\" content=\"https:\/\/www.dbaspecialists.com\/nl\/sql-server\/\" \/>\n<meta property=\"og:site_name\" content=\"DBA Remote Services\" \/>\n<meta property=\"article:publisher\" content=\"https:\/\/www.facebook.com\/BetacomSrl\" \/>\n<meta property=\"article:modified_time\" content=\"2021-02-22T13:30:36+00:00\" \/>\n<meta name=\"twitter:card\" content=\"summary_large_image\" \/>\n<meta name=\"twitter:label1\" content=\"Geschatte leestijd\" \/>\n\t<meta name=\"twitter:data1\" content=\"9 minuten\" \/>\n<script type=\"application\/ld+json\" class=\"yoast-schema-graph\">{\"@context\":\"https:\\\/\\\/schema.org\",\"@graph\":[{\"@type\":\"WebPage\",\"@id\":\"https:\\\/\\\/www.dbaspecialists.com\\\/nl\\\/sql-server\\\/\",\"url\":\"https:\\\/\\\/www.dbaspecialists.com\\\/nl\\\/sql-server\\\/\",\"name\":\"Dba Sql Server: monitoring- en beheer diensten database\",\"isPartOf\":{\"@id\":\"https:\\\/\\\/www.dbaspecialists.com\\\/#website\"},\"datePublished\":\"2021-02-18T19:10:21+00:00\",\"dateModified\":\"2021-02-22T13:30:36+00:00\",\"description\":\"Met 18 jaar ervaring bieden we een breed scala aan oplossingen en ondersteuning voor bedrijfsdatabases. SQL Server gecertificeerde experts. Beschikbaarheid 24x7x365\",\"breadcrumb\":{\"@id\":\"https:\\\/\\\/www.dbaspecialists.com\\\/nl\\\/sql-server\\\/#breadcrumb\"},\"inLanguage\":\"nl-NL\",\"potentialAction\":[{\"@type\":\"ReadAction\",\"target\":[\"https:\\\/\\\/www.dbaspecialists.com\\\/nl\\\/sql-server\\\/\"]}]},{\"@type\":\"BreadcrumbList\",\"@id\":\"https:\\\/\\\/www.dbaspecialists.com\\\/nl\\\/sql-server\\\/#breadcrumb\",\"itemListElement\":[{\"@type\":\"ListItem\",\"position\":1,\"name\":\"Home\",\"item\":\"https:\\\/\\\/www.dbaspecialists.com\\\/nl\\\/\"},{\"@type\":\"ListItem\",\"position\":2,\"name\":\"Sql Server\"}]},{\"@type\":\"WebSite\",\"@id\":\"https:\\\/\\\/www.dbaspecialists.com\\\/#website\",\"url\":\"https:\\\/\\\/www.dbaspecialists.com\\\/\",\"name\":\"DBA Remote Services - Betacom\",\"description\":\"Servizi DBA 24\\\/7\",\"publisher\":{\"@id\":\"https:\\\/\\\/www.dbaspecialists.com\\\/#organization\"},\"potentialAction\":[{\"@type\":\"SearchAction\",\"target\":{\"@type\":\"EntryPoint\",\"urlTemplate\":\"https:\\\/\\\/www.dbaspecialists.com\\\/?s={search_term_string}\"},\"query-input\":{\"@type\":\"PropertyValueSpecification\",\"valueRequired\":true,\"valueName\":\"search_term_string\"}}],\"inLanguage\":\"nl-NL\"},{\"@type\":\"Organization\",\"@id\":\"https:\\\/\\\/www.dbaspecialists.com\\\/#organization\",\"name\":\"Betacom\",\"url\":\"https:\\\/\\\/www.dbaspecialists.com\\\/\",\"logo\":{\"@type\":\"ImageObject\",\"inLanguage\":\"nl-NL\",\"@id\":\"https:\\\/\\\/www.dbaspecialists.com\\\/#\\\/schema\\\/logo\\\/image\\\/\",\"url\":\"https:\\\/\\\/www.dbaspecialists.com\\\/wp-content\\\/uploads\\\/2016\\\/04\\\/DBA-logo_s.png\",\"contentUrl\":\"https:\\\/\\\/www.dbaspecialists.com\\\/wp-content\\\/uploads\\\/2016\\\/04\\\/DBA-logo_s.png\",\"width\":250,\"height\":78,\"caption\":\"Betacom\"},\"image\":{\"@id\":\"https:\\\/\\\/www.dbaspecialists.com\\\/#\\\/schema\\\/logo\\\/image\\\/\"},\"sameAs\":[\"https:\\\/\\\/www.facebook.com\\\/BetacomSrl\",\"https:\\\/\\\/www.instagram.com\\\/betacom_it\\\/\"]}]}<\/script>\n<!-- \/ Yoast SEO plugin. -->","yoast_head_json":{"title":"Dba Sql Server: monitoring- en beheer diensten database","description":"Met 18 jaar ervaring bieden we een breed scala aan oplossingen en ondersteuning voor bedrijfsdatabases. SQL Server gecertificeerde experts. Beschikbaarheid 24x7x365","robots":{"index":"index","follow":"follow","max-snippet":"max-snippet:-1","max-image-preview":"max-image-preview:large","max-video-preview":"max-video-preview:-1"},"canonical":"https:\/\/www.dbaspecialists.com\/nl\/sql-server\/","og_locale":"nl_NL","og_type":"article","og_title":"Dba Sql Server: monitoring- en beheer diensten database","og_description":"Met 18 jaar ervaring bieden we een breed scala aan oplossingen en ondersteuning voor bedrijfsdatabases. SQL Server gecertificeerde experts. Beschikbaarheid 24x7x365","og_url":"https:\/\/www.dbaspecialists.com\/nl\/sql-server\/","og_site_name":"DBA Remote Services","article_publisher":"https:\/\/www.facebook.com\/BetacomSrl","article_modified_time":"2021-02-22T13:30:36+00:00","twitter_card":"summary_large_image","twitter_misc":{"Geschatte leestijd":"9 minuten"},"schema":{"@context":"https:\/\/schema.org","@graph":[{"@type":"WebPage","@id":"https:\/\/www.dbaspecialists.com\/nl\/sql-server\/","url":"https:\/\/www.dbaspecialists.com\/nl\/sql-server\/","name":"Dba Sql Server: monitoring- en beheer diensten database","isPartOf":{"@id":"https:\/\/www.dbaspecialists.com\/#website"},"datePublished":"2021-02-18T19:10:21+00:00","dateModified":"2021-02-22T13:30:36+00:00","description":"Met 18 jaar ervaring bieden we een breed scala aan oplossingen en ondersteuning voor bedrijfsdatabases. SQL Server gecertificeerde experts. Beschikbaarheid 24x7x365","breadcrumb":{"@id":"https:\/\/www.dbaspecialists.com\/nl\/sql-server\/#breadcrumb"},"inLanguage":"nl-NL","potentialAction":[{"@type":"ReadAction","target":["https:\/\/www.dbaspecialists.com\/nl\/sql-server\/"]}]},{"@type":"BreadcrumbList","@id":"https:\/\/www.dbaspecialists.com\/nl\/sql-server\/#breadcrumb","itemListElement":[{"@type":"ListItem","position":1,"name":"Home","item":"https:\/\/www.dbaspecialists.com\/nl\/"},{"@type":"ListItem","position":2,"name":"Sql Server"}]},{"@type":"WebSite","@id":"https:\/\/www.dbaspecialists.com\/#website","url":"https:\/\/www.dbaspecialists.com\/","name":"DBA Remote Services - Betacom","description":"Servizi DBA 24\/7","publisher":{"@id":"https:\/\/www.dbaspecialists.com\/#organization"},"potentialAction":[{"@type":"SearchAction","target":{"@type":"EntryPoint","urlTemplate":"https:\/\/www.dbaspecialists.com\/?s={search_term_string}"},"query-input":{"@type":"PropertyValueSpecification","valueRequired":true,"valueName":"search_term_string"}}],"inLanguage":"nl-NL"},{"@type":"Organization","@id":"https:\/\/www.dbaspecialists.com\/#organization","name":"Betacom","url":"https:\/\/www.dbaspecialists.com\/","logo":{"@type":"ImageObject","inLanguage":"nl-NL","@id":"https:\/\/www.dbaspecialists.com\/#\/schema\/logo\/image\/","url":"https:\/\/www.dbaspecialists.com\/wp-content\/uploads\/2016\/04\/DBA-logo_s.png","contentUrl":"https:\/\/www.dbaspecialists.com\/wp-content\/uploads\/2016\/04\/DBA-logo_s.png","width":250,"height":78,"caption":"Betacom"},"image":{"@id":"https:\/\/www.dbaspecialists.com\/#\/schema\/logo\/image\/"},"sameAs":["https:\/\/www.facebook.com\/BetacomSrl","https:\/\/www.instagram.com\/betacom_it\/"]}]}},"_links":{"self":[{"href":"https:\/\/www.dbaspecialists.com\/nl\/wp-json\/wp\/v2\/pages\/2870","targetHints":{"allow":["GET"]}}],"collection":[{"href":"https:\/\/www.dbaspecialists.com\/nl\/wp-json\/wp\/v2\/pages"}],"about":[{"href":"https:\/\/www.dbaspecialists.com\/nl\/wp-json\/wp\/v2\/types\/page"}],"author":[{"embeddable":true,"href":"https:\/\/www.dbaspecialists.com\/nl\/wp-json\/wp\/v2\/users\/1"}],"replies":[{"embeddable":true,"href":"https:\/\/www.dbaspecialists.com\/nl\/wp-json\/wp\/v2\/comments?post=2870"}],"version-history":[{"count":3,"href":"https:\/\/www.dbaspecialists.com\/nl\/wp-json\/wp\/v2\/pages\/2870\/revisions"}],"predecessor-version":[{"id":3328,"href":"https:\/\/www.dbaspecialists.com\/nl\/wp-json\/wp\/v2\/pages\/2870\/revisions\/3328"}],"wp:attachment":[{"href":"https:\/\/www.dbaspecialists.com\/nl\/wp-json\/wp\/v2\/media?parent=2870"}],"curies":[{"name":"wp","href":"https:\/\/api.w.org\/{rel}","templated":true}]}}