{"id":2763,"date":"2021-02-18T16:04:33","date_gmt":"2021-02-18T15:04:33","guid":{"rendered":"https:\/\/www.dbaspecialists.com\/performances-et-optimisation\/"},"modified":"2021-02-20T20:08:44","modified_gmt":"2021-02-20T19:08:44","slug":"performances-et-optimisation","status":"publish","type":"page","link":"https:\/\/www.dbaspecialists.com\/fr\/performances-et-optimisation\/","title":{"rendered":"Performances et optimisation"},"content":{"rendered":"<p>[et_pb_section fb_built=&#8221;1&#8243; fullwidth=&#8221;on&#8221; custom_padding_last_edited=&#8221;on|desktop&#8221; disabled_on=&#8221;off|off|&#8221; _builder_version=&#8221;3.22&#8243; background_color=&#8221;#ffffff&#8221; custom_padding_tablet=&#8221;50px|0|50px|0&#8243; custom_padding_phone=&#8221;&#8221; padding_mobile=&#8221;off&#8221;][et_pb_fullwidth_header title=&#8221;Performances et optimisation des bases de donn\u00e9es&#8221; text_orientation=&#8221;center&#8221; background_overlay_color=&#8221;rgba(255,255,255,0.5)&#8221; _builder_version=&#8221;3.16&#8243; title_font_size=&#8221;46px&#8221; background_color=&#8221;rgba(255, 255, 255, 0)&#8221; background_image=&#8221;https:\/\/www.dbaspecialists.com\/wp-content\/uploads\/2016\/04\/header_serviziremoto.jpg&#8221; background_layout=&#8221;light&#8221; max_width_tablet=&#8221;50px&#8221; title_font_size_tablet=&#8221;36px&#8221; title_font_size_phone=&#8221;30px&#8221; title_font_size_last_edited=&#8221;on|phone&#8221; background_url=&#8221;https:\/\/www.dbaspecialists.com\/wp-content\/uploads\/2016\/04\/header_serviziremoto.jpg&#8221; button_one_text_size__hover_enabled=&#8221;off&#8221; button_two_text_size__hover_enabled=&#8221;off&#8221; button_one_text_color__hover_enabled=&#8221;off&#8221; button_two_text_color__hover_enabled=&#8221;off&#8221; button_one_border_width__hover_enabled=&#8221;off&#8221; button_two_border_width__hover_enabled=&#8221;off&#8221; button_one_border_color__hover_enabled=&#8221;off&#8221; button_two_border_color__hover_enabled=&#8221;off&#8221; button_one_border_radius__hover_enabled=&#8221;off&#8221; button_two_border_radius__hover_enabled=&#8221;off&#8221; button_one_letter_spacing__hover_enabled=&#8221;off&#8221; button_two_letter_spacing__hover_enabled=&#8221;off&#8221; button_one_bg_color__hover_enabled=&#8221;off&#8221; button_two_bg_color__hover_enabled=&#8221;off&#8221;][\/et_pb_fullwidth_header][\/et_pb_section][et_pb_section fb_built=&#8221;1&#8243; custom_padding_last_edited=&#8221;on|desktop&#8221; disabled_on=&#8221;on|on|&#8221; _builder_version=&#8221;3.22&#8243; background_color=&#8221;#ee7f01&#8243; custom_padding_tablet=&#8221;50px|0|50px|0&#8243; custom_padding_phone=&#8221;&#8221; padding_mobile=&#8221;off&#8221;][et_pb_row column_structure=&#8221;2_3,1_3&#8243; padding_mobile=&#8221;off&#8221; column_padding_mobile=&#8221;on&#8221; custom_padding_last_edited=&#8221;off|desktop&#8221; _builder_version=&#8221;3.25&#8243; background_size=&#8221;initial&#8221; background_position=&#8221;top_left&#8221; background_repeat=&#8221;repeat&#8221;][et_pb_column type=&#8221;2_3&#8243; _builder_version=&#8221;3.25&#8243; custom_padding=&#8221;|||&#8221; custom_padding__hover=&#8221;|||&#8221;][\/et_pb_column][et_pb_column type=&#8221;1_3&#8243; _builder_version=&#8221;3.25&#8243; custom_padding=&#8221;|||&#8221; custom_padding__hover=&#8221;|||&#8221;][\/et_pb_column][\/et_pb_row][\/et_pb_section][et_pb_section fb_built=&#8221;1&#8243; custom_padding_last_edited=&#8221;on|desktop&#8221; _builder_version=&#8221;3.22&#8243; custom_padding=&#8221;40px||40px|&#8221; custom_padding_tablet=&#8221;50px|0|50px|0&#8243; custom_padding_phone=&#8221;&#8221; padding_mobile=&#8221;off&#8221;][et_pb_row _builder_version=&#8221;3.25&#8243; background_size=&#8221;initial&#8221; background_position=&#8221;top_left&#8221; background_repeat=&#8221;repeat&#8221;][et_pb_column type=&#8221;4_4&#8243; _builder_version=&#8221;3.25&#8243; custom_padding=&#8221;|||&#8221; custom_padding__hover=&#8221;|||&#8221;][et_pb_text _builder_version=&#8221;4.2.1&#8243; background_size=&#8221;initial&#8221; background_position=&#8221;top_left&#8221; background_repeat=&#8221;repeat&#8221;]<\/p>\n<p>Notre soci\u00e9t\u00e9 est compos\u00e9e de <strong>sp\u00e9cialistes capables d&#8217;optimiser des bases de donn\u00e9es cruciales avec des niveaux de complexit\u00e9 et de croissance faibles, moyens et \u00e9lev\u00e9s<\/strong>. Dans le cas o\u00f9 votre soci\u00e9t\u00e9 ne dispose pas d&#8217;un expert d\u00e9di\u00e9 aux activit\u00e9s de r\u00e9glage et de performance, vous pouvez demander un contr\u00f4le pour d\u00e9tecter les probl\u00e8mes de performance et sugg\u00e9rer des am\u00e9liorations appropri\u00e9es, r\u00e9duisant ainsi toute performance insatisfaisante.<\/p>\n<p>Int\u00e9ress\u00e9 par un contr\u00f4le de la base de donn\u00e9es ?<\/p>\n<p>Le service de performance et de r\u00e9glage peut \u00eatre assur\u00e9 sur une base r\u00e9guli\u00e8re ou programm\u00e9 sous forme d&#8217;intervention ponctuelle. Apr\u00e8s une mise \u00e0 jour, il se peut que des probl\u00e8mes de performance, des blocages du syst\u00e8me ou des temps d&#8217;arr\u00eat fr\u00e9quents surviennent. Nos administrateurs de bases de donn\u00e9es peuvent analyser chaque aspect des base de donn\u00e9es et effectuer un contr\u00f4le pour s&#8217;assurer que les base de donn\u00e9es sont enti\u00e8rement optimis\u00e9es et que les objectifs d&#8217;\u00e9volutivit\u00e9 de l&#8217;entreprise soient atteints.<\/p>\n<p>L&#8217;analyse peut prendre de quelques heures jusqu&#8217;\u00e0 plusieurs jours, car il faut identifier les ressources sous-utilis\u00e9es et les blocages qui entra\u00eenent la baisse des performances. Les DBA d\u00e9finissent les changements appropri\u00e9s et &#8211; apr\u00e8s que ces changements aient \u00e9t\u00e9 test\u00e9s et valid\u00e9s &#8211; proc\u00e8dent au plan de d\u00e9ploiement afin de r\u00e9duire le risque futur de performances inad\u00e9quates et d&#8217;utiliser au mieux les outils et technologies existants.<\/p>\n<p>[\/et_pb_text][\/et_pb_column][\/et_pb_row][et_pb_row column_structure=&#8221;1_3,1_3,1_3&#8243; use_custom_gutter=&#8221;on&#8221; gutter_width=&#8221;1&#8243; module_class=&#8221; et_pb_row_fullwidth&#8221; _builder_version=&#8221;3.25&#8243; width=&#8221;100%&#8221; width_tablet=&#8221;100%&#8221; width_phone=&#8221;&#8221; width_last_edited=&#8221;on|desktop&#8221; max_width=&#8221;100%&#8221; max_width_tablet=&#8221;100%&#8221; max_width_phone=&#8221;&#8221; max_width_last_edited=&#8221;on|desktop&#8221; make_fullwidth=&#8221;on&#8221;][et_pb_column type=&#8221;1_3&#8243; _builder_version=&#8221;3.25&#8243; background_position=&#8221;top_left&#8221; custom_padding=&#8221;|||&#8221; custom_padding__hover=&#8221;|||&#8221;][\/et_pb_column][et_pb_column type=&#8221;1_3&#8243; _builder_version=&#8221;3.25&#8243; background_position=&#8221;top_left&#8221; custom_padding=&#8221;|||&#8221; custom_padding__hover=&#8221;|||&#8221;][\/et_pb_column][et_pb_column type=&#8221;1_3&#8243; _builder_version=&#8221;3.25&#8243; background_color=&#8221;#ee7f01&#8243; background_position=&#8221;top_left&#8221; custom_padding=&#8221;20px|20px|20px|20px&#8221; custom_padding__hover=&#8221;|||&#8221;][et_pb_button button_url=&#8221;https:\/\/www.dbaspecialists.com\/fr\/contacts\/&#8221; button_text=&#8221;obtenir des informations&#8221; button_alignment=&#8221;center&#8221; disabled_on=&#8221;||off&#8221; _builder_version=&#8221;4.9.0&#8243; hover_enabled=&#8221;0&#8243; button_text_size__hover_enabled=&#8221;off&#8221; button_one_text_size__hover_enabled=&#8221;off&#8221; button_two_text_size__hover_enabled=&#8221;off&#8221; button_text_color__hover_enabled=&#8221;off&#8221; button_one_text_color__hover_enabled=&#8221;off&#8221; button_two_text_color__hover_enabled=&#8221;off&#8221; button_border_width__hover_enabled=&#8221;off&#8221; button_one_border_width__hover_enabled=&#8221;off&#8221; button_two_border_width__hover_enabled=&#8221;off&#8221; button_border_color__hover_enabled=&#8221;off&#8221; button_one_border_color__hover_enabled=&#8221;off&#8221; button_two_border_color__hover_enabled=&#8221;off&#8221; button_border_radius__hover_enabled=&#8221;off&#8221; button_one_border_radius__hover_enabled=&#8221;off&#8221; button_two_border_radius__hover_enabled=&#8221;off&#8221; button_letter_spacing__hover_enabled=&#8221;off&#8221; button_one_letter_spacing__hover_enabled=&#8221;off&#8221; button_two_letter_spacing__hover_enabled=&#8221;off&#8221; button_bg_color__hover_enabled=&#8221;off&#8221; button_one_bg_color__hover_enabled=&#8221;off&#8221; button_two_bg_color__hover_enabled=&#8221;off&#8221; sticky_enabled=&#8221;0&#8243;][\/et_pb_button][\/et_pb_column][\/et_pb_row][\/et_pb_section][et_pb_section fb_built=&#8221;1&#8243; custom_padding_last_edited=&#8221;on|desktop&#8221; _builder_version=&#8221;3.22&#8243; background_color=&#8221;#f2f2f2&#8243; background_image=&#8221;https:\/\/www.dbaspecialists.com\/wp-content\/uploads\/2016\/04\/cta_admin.jpg&#8221; parallax=&#8221;on&#8221; custom_padding=&#8221;50px||80px|&#8221; custom_padding_tablet=&#8221;50px|0|50px|0&#8243; custom_padding_phone=&#8221;&#8221; padding_mobile=&#8221;off&#8221;][et_pb_row column_structure=&#8221;1_2,1_2&#8243; _builder_version=&#8221;3.25&#8243; background_size=&#8221;initial&#8221; background_position=&#8221;top_left&#8221; background_repeat=&#8221;repeat&#8221;][et_pb_column type=&#8221;1_2&#8243; _builder_version=&#8221;3.25&#8243; custom_padding=&#8221;|||&#8221; custom_padding__hover=&#8221;|||&#8221;][et_pb_cta title=&#8221;Les meilleures pratiques&#8221; url_new_window=&#8221;on&#8221; _builder_version=&#8221;3.16&#8243; header_level=&#8221;h3&#8243; header_text_color=&#8221;#ee7f01&#8243; background_color=&#8221;rgba(0,68,148,0.65)&#8221; background_size=&#8221;initial&#8221; background_position=&#8221;top_left&#8221; background_repeat=&#8221;repeat&#8221; text_orientation=&#8221;left&#8221; button_text_size__hover_enabled=&#8221;off&#8221; button_one_text_size__hover_enabled=&#8221;off&#8221; button_two_text_size__hover_enabled=&#8221;off&#8221; button_text_color__hover_enabled=&#8221;off&#8221; button_one_text_color__hover_enabled=&#8221;off&#8221; button_two_text_color__hover_enabled=&#8221;off&#8221; button_border_width__hover_enabled=&#8221;off&#8221; button_one_border_width__hover_enabled=&#8221;off&#8221; button_two_border_width__hover_enabled=&#8221;off&#8221; button_border_color__hover_enabled=&#8221;off&#8221; button_one_border_color__hover_enabled=&#8221;off&#8221; button_two_border_color__hover_enabled=&#8221;off&#8221; button_border_radius__hover_enabled=&#8221;off&#8221; button_one_border_radius__hover_enabled=&#8221;off&#8221; button_two_border_radius__hover_enabled=&#8221;off&#8221; button_letter_spacing__hover_enabled=&#8221;off&#8221; button_one_letter_spacing__hover_enabled=&#8221;off&#8221; button_two_letter_spacing__hover_enabled=&#8221;off&#8221; button_bg_color__hover_enabled=&#8221;off&#8221; button_one_bg_color__hover_enabled=&#8221;off&#8221; button_two_bg_color__hover_enabled=&#8221;off&#8221;]<\/p>\n<p>Nos DBA analysent les bases de donn\u00e9es des clients selon une proc\u00e9dure \u00e9prouv\u00e9e, en se basant sur un ensemble de meilleures pratiques et sur un vaste savoir-faire acquis gr\u00e2ce \u00e0 des ann\u00e9es d&#8217;exp\u00e9rience en mati\u00e8re de d\u00e9pannage :<\/p>\n<ul>\n<li>\u00c9valuation des infrastructures critiques et des questions soulev\u00e9es par le client.<\/li>\n<li>Analyse des demandes et des d\u00e9lais de r\u00e9ponse.<\/li>\n<li>V\u00e9rification de la vitesse d&#8217;acc\u00e8s aux donn\u00e9es, de la configuration du serveur, du DB et des param\u00e8tres associ\u00e9s.<\/li>\n<li>Regroupement et consolidation des applications d&#8217;entreprise.<\/li>\n<li>Suggestions et validation des modifications de la base de donn\u00e9es.<\/li>\n<li>Des rapports clairs et compr\u00e9hensibles.<\/li>\n<\/ul>\n<p>[\/et_pb_cta][\/et_pb_column][et_pb_column type=&#8221;1_2&#8243; _builder_version=&#8221;3.25&#8243; custom_padding=&#8221;|||&#8221; custom_padding__hover=&#8221;|||&#8221;][\/et_pb_column][\/et_pb_row][\/et_pb_section]<\/p>\n","protected":false},"excerpt":{"rendered":"<p>Notre soci\u00e9t\u00e9 est compos\u00e9e de sp\u00e9cialistes capables d&#8217;optimiser des bases de donn\u00e9es cruciales avec des niveaux de complexit\u00e9 et de croissance faibles, moyens et \u00e9lev\u00e9s. Dans le cas o\u00f9 votre soci\u00e9t\u00e9 ne dispose pas d&#8217;un expert d\u00e9di\u00e9 aux activit\u00e9s de r\u00e9glage et de performance, vous pouvez demander un contr\u00f4le pour d\u00e9tecter les probl\u00e8mes de performance [&hellip;]<\/p>\n","protected":false},"author":1,"featured_media":0,"parent":0,"menu_order":0,"comment_status":"closed","ping_status":"closed","template":"","meta":{"_et_pb_use_builder":"on","_et_pb_old_content":"","_et_gb_content_width":"","footnotes":""},"class_list":["post-2763","page","type-page","status-publish","hentry"],"yoast_head":"<!-- This site is optimized with the Yoast SEO plugin v27.4 - https:\/\/yoast.com\/product\/yoast-seo-wordpress\/ -->\n<title>Optimisation des bases de donn\u00e9es : services de mise au point et de performance avec des experts d\u00e9di\u00e9s<\/title>\n<meta name=\"description\" content=\"Nous optimisons les bases de donn\u00e9es de mission cruciales \u00e0 faible, moyenne et forte complexit\u00e9 et croissance. La base de donn\u00e9es peut \u00eatre consult\u00e9e sur demande.\" \/>\n<meta name=\"robots\" content=\"index, follow, max-snippet:-1, max-image-preview:large, max-video-preview:-1\" \/>\n<link rel=\"canonical\" href=\"https:\/\/www.dbaspecialists.com\/fr\/performances-et-optimisation\/\" \/>\n<meta property=\"og:locale\" content=\"fr_FR\" \/>\n<meta property=\"og:type\" content=\"article\" \/>\n<meta property=\"og:title\" content=\"Optimisation des bases de donn\u00e9es : services de mise au point et de performance avec des experts d\u00e9di\u00e9s\" \/>\n<meta property=\"og:description\" content=\"Nous optimisons les bases de donn\u00e9es de mission cruciales \u00e0 faible, moyenne et forte complexit\u00e9 et croissance. La base de donn\u00e9es peut \u00eatre consult\u00e9e sur demande.\" \/>\n<meta property=\"og:url\" content=\"https:\/\/www.dbaspecialists.com\/fr\/performances-et-optimisation\/\" \/>\n<meta property=\"og:site_name\" content=\"DBA Remote Services\" \/>\n<meta property=\"article:publisher\" content=\"https:\/\/www.facebook.com\/BetacomSrl\" \/>\n<meta property=\"article:modified_time\" content=\"2021-02-20T19:08:44+00:00\" \/>\n<meta name=\"twitter:card\" content=\"summary_large_image\" \/>\n<meta name=\"twitter:label1\" content=\"Dur\u00e9e de lecture estim\u00e9e\" \/>\n\t<meta name=\"twitter:data1\" content=\"7 minutes\" \/>\n<script type=\"application\/ld+json\" class=\"yoast-schema-graph\">{\"@context\":\"https:\\\/\\\/schema.org\",\"@graph\":[{\"@type\":\"WebPage\",\"@id\":\"https:\\\/\\\/www.dbaspecialists.com\\\/fr\\\/performances-et-optimisation\\\/\",\"url\":\"https:\\\/\\\/www.dbaspecialists.com\\\/fr\\\/performances-et-optimisation\\\/\",\"name\":\"Optimisation des bases de donn\u00e9es : services de mise au point et de performance avec des experts d\u00e9di\u00e9s\",\"isPartOf\":{\"@id\":\"https:\\\/\\\/www.dbaspecialists.com\\\/#website\"},\"datePublished\":\"2021-02-18T15:04:33+00:00\",\"dateModified\":\"2021-02-20T19:08:44+00:00\",\"description\":\"Nous optimisons les bases de donn\u00e9es de mission cruciales \u00e0 faible, moyenne et forte complexit\u00e9 et croissance. La base de donn\u00e9es peut \u00eatre consult\u00e9e sur demande.\",\"breadcrumb\":{\"@id\":\"https:\\\/\\\/www.dbaspecialists.com\\\/fr\\\/performances-et-optimisation\\\/#breadcrumb\"},\"inLanguage\":\"fr-FR\",\"potentialAction\":[{\"@type\":\"ReadAction\",\"target\":[\"https:\\\/\\\/www.dbaspecialists.com\\\/fr\\\/performances-et-optimisation\\\/\"]}]},{\"@type\":\"BreadcrumbList\",\"@id\":\"https:\\\/\\\/www.dbaspecialists.com\\\/fr\\\/performances-et-optimisation\\\/#breadcrumb\",\"itemListElement\":[{\"@type\":\"ListItem\",\"position\":1,\"name\":\"Home\",\"item\":\"https:\\\/\\\/www.dbaspecialists.com\\\/fr\\\/\"},{\"@type\":\"ListItem\",\"position\":2,\"name\":\"Performances et optimisation\"}]},{\"@type\":\"WebSite\",\"@id\":\"https:\\\/\\\/www.dbaspecialists.com\\\/#website\",\"url\":\"https:\\\/\\\/www.dbaspecialists.com\\\/\",\"name\":\"DBA Remote Services - Betacom\",\"description\":\"Servizi DBA 24\\\/7\",\"publisher\":{\"@id\":\"https:\\\/\\\/www.dbaspecialists.com\\\/#organization\"},\"potentialAction\":[{\"@type\":\"SearchAction\",\"target\":{\"@type\":\"EntryPoint\",\"urlTemplate\":\"https:\\\/\\\/www.dbaspecialists.com\\\/?s={search_term_string}\"},\"query-input\":{\"@type\":\"PropertyValueSpecification\",\"valueRequired\":true,\"valueName\":\"search_term_string\"}}],\"inLanguage\":\"fr-FR\"},{\"@type\":\"Organization\",\"@id\":\"https:\\\/\\\/www.dbaspecialists.com\\\/#organization\",\"name\":\"Betacom\",\"url\":\"https:\\\/\\\/www.dbaspecialists.com\\\/\",\"logo\":{\"@type\":\"ImageObject\",\"inLanguage\":\"fr-FR\",\"@id\":\"https:\\\/\\\/www.dbaspecialists.com\\\/#\\\/schema\\\/logo\\\/image\\\/\",\"url\":\"https:\\\/\\\/www.dbaspecialists.com\\\/wp-content\\\/uploads\\\/2016\\\/04\\\/DBA-logo_s.png\",\"contentUrl\":\"https:\\\/\\\/www.dbaspecialists.com\\\/wp-content\\\/uploads\\\/2016\\\/04\\\/DBA-logo_s.png\",\"width\":250,\"height\":78,\"caption\":\"Betacom\"},\"image\":{\"@id\":\"https:\\\/\\\/www.dbaspecialists.com\\\/#\\\/schema\\\/logo\\\/image\\\/\"},\"sameAs\":[\"https:\\\/\\\/www.facebook.com\\\/BetacomSrl\",\"https:\\\/\\\/www.instagram.com\\\/betacom_it\\\/\"]}]}<\/script>\n<!-- \/ Yoast SEO plugin. -->","yoast_head_json":{"title":"Optimisation des bases de donn\u00e9es : services de mise au point et de performance avec des experts d\u00e9di\u00e9s","description":"Nous optimisons les bases de donn\u00e9es de mission cruciales \u00e0 faible, moyenne et forte complexit\u00e9 et croissance. La base de donn\u00e9es peut \u00eatre consult\u00e9e sur demande.","robots":{"index":"index","follow":"follow","max-snippet":"max-snippet:-1","max-image-preview":"max-image-preview:large","max-video-preview":"max-video-preview:-1"},"canonical":"https:\/\/www.dbaspecialists.com\/fr\/performances-et-optimisation\/","og_locale":"fr_FR","og_type":"article","og_title":"Optimisation des bases de donn\u00e9es : services de mise au point et de performance avec des experts d\u00e9di\u00e9s","og_description":"Nous optimisons les bases de donn\u00e9es de mission cruciales \u00e0 faible, moyenne et forte complexit\u00e9 et croissance. La base de donn\u00e9es peut \u00eatre consult\u00e9e sur demande.","og_url":"https:\/\/www.dbaspecialists.com\/fr\/performances-et-optimisation\/","og_site_name":"DBA Remote Services","article_publisher":"https:\/\/www.facebook.com\/BetacomSrl","article_modified_time":"2021-02-20T19:08:44+00:00","twitter_card":"summary_large_image","twitter_misc":{"Dur\u00e9e de lecture estim\u00e9e":"7 minutes"},"schema":{"@context":"https:\/\/schema.org","@graph":[{"@type":"WebPage","@id":"https:\/\/www.dbaspecialists.com\/fr\/performances-et-optimisation\/","url":"https:\/\/www.dbaspecialists.com\/fr\/performances-et-optimisation\/","name":"Optimisation des bases de donn\u00e9es : services de mise au point et de performance avec des experts d\u00e9di\u00e9s","isPartOf":{"@id":"https:\/\/www.dbaspecialists.com\/#website"},"datePublished":"2021-02-18T15:04:33+00:00","dateModified":"2021-02-20T19:08:44+00:00","description":"Nous optimisons les bases de donn\u00e9es de mission cruciales \u00e0 faible, moyenne et forte complexit\u00e9 et croissance. La base de donn\u00e9es peut \u00eatre consult\u00e9e sur demande.","breadcrumb":{"@id":"https:\/\/www.dbaspecialists.com\/fr\/performances-et-optimisation\/#breadcrumb"},"inLanguage":"fr-FR","potentialAction":[{"@type":"ReadAction","target":["https:\/\/www.dbaspecialists.com\/fr\/performances-et-optimisation\/"]}]},{"@type":"BreadcrumbList","@id":"https:\/\/www.dbaspecialists.com\/fr\/performances-et-optimisation\/#breadcrumb","itemListElement":[{"@type":"ListItem","position":1,"name":"Home","item":"https:\/\/www.dbaspecialists.com\/fr\/"},{"@type":"ListItem","position":2,"name":"Performances et optimisation"}]},{"@type":"WebSite","@id":"https:\/\/www.dbaspecialists.com\/#website","url":"https:\/\/www.dbaspecialists.com\/","name":"DBA Remote Services - Betacom","description":"Servizi DBA 24\/7","publisher":{"@id":"https:\/\/www.dbaspecialists.com\/#organization"},"potentialAction":[{"@type":"SearchAction","target":{"@type":"EntryPoint","urlTemplate":"https:\/\/www.dbaspecialists.com\/?s={search_term_string}"},"query-input":{"@type":"PropertyValueSpecification","valueRequired":true,"valueName":"search_term_string"}}],"inLanguage":"fr-FR"},{"@type":"Organization","@id":"https:\/\/www.dbaspecialists.com\/#organization","name":"Betacom","url":"https:\/\/www.dbaspecialists.com\/","logo":{"@type":"ImageObject","inLanguage":"fr-FR","@id":"https:\/\/www.dbaspecialists.com\/#\/schema\/logo\/image\/","url":"https:\/\/www.dbaspecialists.com\/wp-content\/uploads\/2016\/04\/DBA-logo_s.png","contentUrl":"https:\/\/www.dbaspecialists.com\/wp-content\/uploads\/2016\/04\/DBA-logo_s.png","width":250,"height":78,"caption":"Betacom"},"image":{"@id":"https:\/\/www.dbaspecialists.com\/#\/schema\/logo\/image\/"},"sameAs":["https:\/\/www.facebook.com\/BetacomSrl","https:\/\/www.instagram.com\/betacom_it\/"]}]}},"_links":{"self":[{"href":"https:\/\/www.dbaspecialists.com\/fr\/wp-json\/wp\/v2\/pages\/2763","targetHints":{"allow":["GET"]}}],"collection":[{"href":"https:\/\/www.dbaspecialists.com\/fr\/wp-json\/wp\/v2\/pages"}],"about":[{"href":"https:\/\/www.dbaspecialists.com\/fr\/wp-json\/wp\/v2\/types\/page"}],"author":[{"embeddable":true,"href":"https:\/\/www.dbaspecialists.com\/fr\/wp-json\/wp\/v2\/users\/1"}],"replies":[{"embeddable":true,"href":"https:\/\/www.dbaspecialists.com\/fr\/wp-json\/wp\/v2\/comments?post=2763"}],"version-history":[{"count":4,"href":"https:\/\/www.dbaspecialists.com\/fr\/wp-json\/wp\/v2\/pages\/2763\/revisions"}],"predecessor-version":[{"id":3094,"href":"https:\/\/www.dbaspecialists.com\/fr\/wp-json\/wp\/v2\/pages\/2763\/revisions\/3094"}],"wp:attachment":[{"href":"https:\/\/www.dbaspecialists.com\/fr\/wp-json\/wp\/v2\/media?parent=2763"}],"curies":[{"name":"wp","href":"https:\/\/api.w.org\/{rel}","templated":true}]}}