{"id":2761,"date":"2021-02-18T16:01:04","date_gmt":"2021-02-18T15:01:04","guid":{"rendered":"https:\/\/www.dbaspecialists.com\/verification-et-analyse-de-la-securite\/"},"modified":"2021-02-20T20:07:04","modified_gmt":"2021-02-20T19:07:04","slug":"verification-et-analyse-de-la-securite","status":"publish","type":"page","link":"https:\/\/www.dbaspecialists.com\/fr\/verification-et-analyse-de-la-securite\/","title":{"rendered":"V\u00e9rification et analyse de la s\u00e9curit\u00e9"},"content":{"rendered":"<p>[et_pb_section fb_built=&#8221;1&#8243; fullwidth=&#8221;on&#8221; custom_padding_last_edited=&#8221;on|desktop&#8221; disabled_on=&#8221;off|off|&#8221; _builder_version=&#8221;3.22&#8243; background_color=&#8221;#ffffff&#8221; custom_padding_tablet=&#8221;50px|0|50px|0&#8243; custom_padding_phone=&#8221;&#8221; padding_mobile=&#8221;off&#8221;][et_pb_fullwidth_header title=&#8221;V\u00e9rification et analyse de la s\u00e9curit\u00e9 des bases de donn\u00e9es&#8221; text_orientation=&#8221;center&#8221; background_overlay_color=&#8221;rgba(255,255,255,0.5)&#8221; _builder_version=&#8221;3.16&#8243; title_font_size=&#8221;46px&#8221; background_color=&#8221;rgba(255, 255, 255, 0)&#8221; background_image=&#8221;https:\/\/www.dbaspecialists.com\/wp-content\/uploads\/2016\/04\/header_serviziremoto.jpg&#8221; background_layout=&#8221;light&#8221; max_width_tablet=&#8221;50px&#8221; title_font_size_tablet=&#8221;36px&#8221; title_font_size_phone=&#8221;&#8221; title_font_size_last_edited=&#8221;on|desktop&#8221; background_url=&#8221;https:\/\/www.dbaspecialists.com\/wp-content\/uploads\/2016\/04\/header_serviziremoto.jpg&#8221; button_one_text_size__hover_enabled=&#8221;off&#8221; button_two_text_size__hover_enabled=&#8221;off&#8221; button_one_text_color__hover_enabled=&#8221;off&#8221; button_two_text_color__hover_enabled=&#8221;off&#8221; button_one_border_width__hover_enabled=&#8221;off&#8221; button_two_border_width__hover_enabled=&#8221;off&#8221; button_one_border_color__hover_enabled=&#8221;off&#8221; button_two_border_color__hover_enabled=&#8221;off&#8221; button_one_border_radius__hover_enabled=&#8221;off&#8221; button_two_border_radius__hover_enabled=&#8221;off&#8221; button_one_letter_spacing__hover_enabled=&#8221;off&#8221; button_two_letter_spacing__hover_enabled=&#8221;off&#8221; button_one_bg_color__hover_enabled=&#8221;off&#8221; button_two_bg_color__hover_enabled=&#8221;off&#8221;][\/et_pb_fullwidth_header][\/et_pb_section][et_pb_section fb_built=&#8221;1&#8243; custom_padding_last_edited=&#8221;on|desktop&#8221; disabled_on=&#8221;on|on|&#8221; _builder_version=&#8221;3.22&#8243; background_color=&#8221;#ee7f01&#8243; custom_padding_tablet=&#8221;50px|0|50px|0&#8243; custom_padding_phone=&#8221;&#8221; padding_mobile=&#8221;off&#8221;][et_pb_row column_structure=&#8221;2_3,1_3&#8243; padding_mobile=&#8221;off&#8221; column_padding_mobile=&#8221;on&#8221; custom_padding_last_edited=&#8221;off|desktop&#8221; _builder_version=&#8221;3.25&#8243; background_size=&#8221;initial&#8221; background_position=&#8221;top_left&#8221; background_repeat=&#8221;repeat&#8221;][et_pb_column type=&#8221;2_3&#8243; _builder_version=&#8221;3.25&#8243; custom_padding=&#8221;|||&#8221; custom_padding__hover=&#8221;|||&#8221;][\/et_pb_column][et_pb_column type=&#8221;1_3&#8243; _builder_version=&#8221;3.25&#8243; custom_padding=&#8221;|||&#8221; custom_padding__hover=&#8221;|||&#8221;][\/et_pb_column][\/et_pb_row][\/et_pb_section][et_pb_section fb_built=&#8221;1&#8243; custom_padding_last_edited=&#8221;on|desktop&#8221; _builder_version=&#8221;3.22&#8243; custom_padding=&#8221;40px||40px|&#8221; custom_padding_tablet=&#8221;50px|0|50px|0&#8243; custom_padding_phone=&#8221;&#8221; padding_mobile=&#8221;off&#8221;][et_pb_row column_structure=&#8221;2_3,1_3&#8243; _builder_version=&#8221;3.25&#8243; background_size=&#8221;initial&#8221; background_position=&#8221;top_left&#8221; background_repeat=&#8221;repeat&#8221;][et_pb_column type=&#8221;2_3&#8243; _builder_version=&#8221;3.25&#8243; custom_padding=&#8221;|||&#8221; custom_padding__hover=&#8221;|||&#8221;][et_pb_text _builder_version=&#8221;4.2.1&#8243; background_size=&#8221;initial&#8221; background_position=&#8221;top_left&#8221; background_repeat=&#8221;repeat&#8221;]<\/p>\n<p>Gr\u00e2ce \u00e0 ces activit\u00e9s de consultation, nous proposons des <strong>projets visant \u00e0 \u00e9valuer la sant\u00e9 des bases de donn\u00e9es des clients<\/strong>. Les infrastructures sont pass\u00e9es en revue afin de d\u00e9tecter les performances, la fiabilit\u00e9 et les vuln\u00e9rabilit\u00e9s des syst\u00e8mes et un rapport d\u00e9taill\u00e9 de l&#8217;analyse est produit afin de conclure l&#8217;activit\u00e9 par un partage formel des r\u00e9sultats avec le client. Les activit\u00e9s sont principalement men\u00e9es \u00e0 distance par le biais d&#8217;une connexion VPN ponctuelle par rapport aux infrastructures des clients.<\/p>\n<p>Les examens des syst\u00e8mes sont effectu\u00e9s selon les meilleures pratiques en mati\u00e8re de s\u00e9curit\u00e9, de performances et d&#8217;installation des fournisseurs de technologies et de normes sur les plateformes suivantes:<\/p>\n<ul>\n<li>Microsoft SQL Server<\/li>\n<li>Oracle<\/li>\n<li>MySQL<\/li>\n<li>PostgreSQL<\/li>\n<\/ul>\n<p>Les clients comptent sur notre soci\u00e9t\u00e9, reconnaissant que des audits r\u00e9guliers en mati\u00e8re de s\u00e9curit\u00e9, de stabilit\u00e9 et de performance de leurs syst\u00e8mes sont essentiels pour <strong>garantir la fiabilit\u00e9, la stabilit\u00e9 et la performance<\/strong> de leurs environnements de production.<\/p>\n<p>[\/et_pb_text][\/et_pb_column][et_pb_column type=&#8221;1_3&#8243; _builder_version=&#8221;3.25&#8243; custom_padding=&#8221;|||&#8221; custom_padding__hover=&#8221;|||&#8221;][et_pb_image src=&#8221;https:\/\/www.dbaspecialists.com\/wp-content\/uploads\/2016\/03\/p3.jpg&#8221; alt=&#8221;V\u00e9rification de la s\u00e9curit\u00e9 des bases de donn\u00e9es&#8221; align=&#8221;center&#8221; align_tablet=&#8221;center&#8221; align_phone=&#8221;&#8221; align_last_edited=&#8221;on|desktop&#8221; _builder_version=&#8221;3.23&#8243; always_center_on_mobile=&#8221;on&#8221;][\/et_pb_image][\/et_pb_column][\/et_pb_row][et_pb_row column_structure=&#8221;1_3,1_3,1_3&#8243; use_custom_gutter=&#8221;on&#8221; gutter_width=&#8221;1&#8243; module_class=&#8221; et_pb_row_fullwidth&#8221; _builder_version=&#8221;3.25&#8243; width=&#8221;100%&#8221; width_tablet=&#8221;100%&#8221; width_phone=&#8221;&#8221; width_last_edited=&#8221;on|desktop&#8221; max_width=&#8221;100%&#8221; max_width_tablet=&#8221;100%&#8221; max_width_phone=&#8221;&#8221; max_width_last_edited=&#8221;on|desktop&#8221; make_fullwidth=&#8221;on&#8221;][et_pb_column type=&#8221;1_3&#8243; _builder_version=&#8221;3.25&#8243; background_position=&#8221;top_left&#8221; custom_padding=&#8221;|||&#8221; custom_padding__hover=&#8221;|||&#8221;][\/et_pb_column][et_pb_column type=&#8221;1_3&#8243; _builder_version=&#8221;3.25&#8243; background_position=&#8221;top_left&#8221; custom_padding=&#8221;|||&#8221; custom_padding__hover=&#8221;|||&#8221;][\/et_pb_column][et_pb_column type=&#8221;1_3&#8243; _builder_version=&#8221;3.25&#8243; background_color=&#8221;#ee7f01&#8243; background_position=&#8221;top_left&#8221; custom_padding=&#8221;20px|20px|20px|20px&#8221; custom_padding__hover=&#8221;|||&#8221;][et_pb_button button_url=&#8221;https:\/\/www.dbaspecialists.com\/fr\/contacts\/&#8221; button_text=&#8221;obtenir des informations&#8221; button_alignment=&#8221;center&#8221; disabled_on=&#8221;||off&#8221; _builder_version=&#8221;4.9.0&#8243; hover_enabled=&#8221;0&#8243; button_text_size__hover_enabled=&#8221;off&#8221; button_one_text_size__hover_enabled=&#8221;off&#8221; button_two_text_size__hover_enabled=&#8221;off&#8221; button_text_color__hover_enabled=&#8221;off&#8221; button_one_text_color__hover_enabled=&#8221;off&#8221; button_two_text_color__hover_enabled=&#8221;off&#8221; button_border_width__hover_enabled=&#8221;off&#8221; button_one_border_width__hover_enabled=&#8221;off&#8221; button_two_border_width__hover_enabled=&#8221;off&#8221; button_border_color__hover_enabled=&#8221;off&#8221; button_one_border_color__hover_enabled=&#8221;off&#8221; button_two_border_color__hover_enabled=&#8221;off&#8221; button_border_radius__hover_enabled=&#8221;off&#8221; button_one_border_radius__hover_enabled=&#8221;off&#8221; button_two_border_radius__hover_enabled=&#8221;off&#8221; button_letter_spacing__hover_enabled=&#8221;off&#8221; button_one_letter_spacing__hover_enabled=&#8221;off&#8221; button_two_letter_spacing__hover_enabled=&#8221;off&#8221; button_bg_color__hover_enabled=&#8221;off&#8221; button_one_bg_color__hover_enabled=&#8221;off&#8221; button_two_bg_color__hover_enabled=&#8221;off&#8221; sticky_enabled=&#8221;0&#8243;][\/et_pb_button][\/et_pb_column][\/et_pb_row][\/et_pb_section][et_pb_section fb_built=&#8221;1&#8243; custom_padding_last_edited=&#8221;on|desktop&#8221; _builder_version=&#8221;3.22&#8243; background_color=&#8221;#f2f2f2&#8243; background_image=&#8221;https:\/\/www.dbaspecialists.com\/wp-content\/uploads\/2016\/04\/cta_admin.jpg&#8221; parallax=&#8221;on&#8221; custom_padding=&#8221;50px||80px|&#8221; custom_padding_tablet=&#8221;50px|0|50px|0&#8243; custom_padding_phone=&#8221;&#8221; padding_mobile=&#8221;off&#8221;][et_pb_row column_structure=&#8221;1_2,1_2&#8243; _builder_version=&#8221;3.25&#8243; background_size=&#8221;initial&#8221; background_position=&#8221;top_left&#8221; background_repeat=&#8221;repeat&#8221;][et_pb_column type=&#8221;1_2&#8243; _builder_version=&#8221;3.25&#8243; custom_padding=&#8221;|||&#8221; custom_padding__hover=&#8221;|||&#8221;][et_pb_cta title=&#8221;Services de contr\u00f4le&#8221; url_new_window=&#8221;on&#8221; _builder_version=&#8221;3.16&#8243; header_level=&#8221;h3&#8243; header_text_color=&#8221;#ee7f01&#8243; background_color=&#8221;rgba(0,68,148,0.75)&#8221; background_size=&#8221;initial&#8221; background_position=&#8221;top_left&#8221; background_repeat=&#8221;repeat&#8221; text_orientation=&#8221;left&#8221; button_text_size__hover_enabled=&#8221;off&#8221; button_one_text_size__hover_enabled=&#8221;off&#8221; button_two_text_size__hover_enabled=&#8221;off&#8221; button_text_color__hover_enabled=&#8221;off&#8221; button_one_text_color__hover_enabled=&#8221;off&#8221; button_two_text_color__hover_enabled=&#8221;off&#8221; button_border_width__hover_enabled=&#8221;off&#8221; button_one_border_width__hover_enabled=&#8221;off&#8221; button_two_border_width__hover_enabled=&#8221;off&#8221; button_border_color__hover_enabled=&#8221;off&#8221; button_one_border_color__hover_enabled=&#8221;off&#8221; button_two_border_color__hover_enabled=&#8221;off&#8221; button_border_radius__hover_enabled=&#8221;off&#8221; button_one_border_radius__hover_enabled=&#8221;off&#8221; button_two_border_radius__hover_enabled=&#8221;off&#8221; button_letter_spacing__hover_enabled=&#8221;off&#8221; button_one_letter_spacing__hover_enabled=&#8221;off&#8221; button_two_letter_spacing__hover_enabled=&#8221;off&#8221; button_bg_color__hover_enabled=&#8221;off&#8221; button_one_bg_color__hover_enabled=&#8221;off&#8221; button_two_bg_color__hover_enabled=&#8221;off&#8221;]<\/p>\n<p>Les clients font appel \u00e0 nos services de contr\u00f4le dans un grand nombre de domaines, y compris:<\/p>\n<ul>\n<li>Pr\u00e9paration de l&#8217;audit de s\u00e9curit\u00e9<\/li>\n<li>Recommandations de meilleures pratiques bas\u00e9es sur les caract\u00e9ristiques d&#8217;un fournisseur de base de donn\u00e9es particulier<\/li>\n<li>Recommandations g\u00e9n\u00e9rales sur les performances ou en r\u00e9ponse \u00e0 des blocages\/ probl\u00e8mes sp\u00e9cifiques de performances<\/li>\n<li>Recommandations pour r\u00e9duire au minimum les temps d&#8217;arr\u00eat planifi\u00e9s et non planifi\u00e9s<\/li>\n<li>Meilleures pratiques en mati\u00e8re de reproduction et de haute disponibilit\u00e9<\/li>\n<\/ul>\n<p>Ou simplement pour avoir une analyse suppl\u00e9mentaire des environnements compte tenu du fait que ces services, bien que reposant sur des m\u00e9thodologies et des crit\u00e8res partag\u00e9s avec les producteurs de technologie, n\u00e9cessitent des activit\u00e9s d&#8217;analyse sp\u00e9cialis\u00e9es et subjectives qui peuvent apporter des avantages \u00e0 condition d&#8217;\u00eatre r\u00e9alis\u00e9es dans une perspective nouvelle.<\/p>\n<p>[\/et_pb_cta][\/et_pb_column][et_pb_column type=&#8221;1_2&#8243; _builder_version=&#8221;3.25&#8243; custom_padding=&#8221;|||&#8221; custom_padding__hover=&#8221;|||&#8221;][\/et_pb_column][\/et_pb_row][\/et_pb_section]<\/p>\n","protected":false},"excerpt":{"rendered":"<p>Gr\u00e2ce \u00e0 ces activit\u00e9s de consultation, nous proposons des projets visant \u00e0 \u00e9valuer la sant\u00e9 des bases de donn\u00e9es des clients. Les infrastructures sont pass\u00e9es en revue afin de d\u00e9tecter les performances, la fiabilit\u00e9 et les vuln\u00e9rabilit\u00e9s des syst\u00e8mes et un rapport d\u00e9taill\u00e9 de l&#8217;analyse est produit afin de conclure l&#8217;activit\u00e9 par un partage formel [&hellip;]<\/p>\n","protected":false},"author":1,"featured_media":0,"parent":0,"menu_order":0,"comment_status":"closed","ping_status":"closed","template":"","meta":{"_et_pb_use_builder":"on","_et_pb_old_content":"","_et_gb_content_width":"","footnotes":""},"class_list":["post-2761","page","type-page","status-publish","hentry"],"yoast_head":"<!-- This site is optimized with the Yoast SEO plugin v27.3 - https:\/\/yoast.com\/product\/yoast-seo-wordpress\/ -->\n<title>V\u00e9rification de la base de donn\u00e9es et analyse de s\u00e9curit\u00e9<\/title>\n<meta name=\"description\" content=\"Nous v\u00e9rifions les performances, la fiabilit\u00e9, la vuln\u00e9rabilit\u00e9 et la s\u00e9curit\u00e9 des bases de donn\u00e9es, \u00e0 l&#039;aide de rapports d\u00e9taill\u00e9s. Plateformes : SQL Server, Oracle, MySQL, PostgreSQL.\" \/>\n<meta name=\"robots\" content=\"index, follow, max-snippet:-1, max-image-preview:large, max-video-preview:-1\" \/>\n<link rel=\"canonical\" href=\"https:\/\/www.dbaspecialists.com\/fr\/verification-et-analyse-de-la-securite\/\" \/>\n<meta property=\"og:locale\" content=\"fr_FR\" \/>\n<meta property=\"og:type\" content=\"article\" \/>\n<meta property=\"og:title\" content=\"V\u00e9rification de la base de donn\u00e9es et analyse de s\u00e9curit\u00e9\" \/>\n<meta property=\"og:description\" content=\"Nous v\u00e9rifions les performances, la fiabilit\u00e9, la vuln\u00e9rabilit\u00e9 et la s\u00e9curit\u00e9 des bases de donn\u00e9es, \u00e0 l&#039;aide de rapports d\u00e9taill\u00e9s. Plateformes : SQL Server, Oracle, MySQL, PostgreSQL.\" \/>\n<meta property=\"og:url\" content=\"https:\/\/www.dbaspecialists.com\/fr\/verification-et-analyse-de-la-securite\/\" \/>\n<meta property=\"og:site_name\" content=\"DBA Remote Services\" \/>\n<meta property=\"article:publisher\" content=\"https:\/\/www.facebook.com\/BetacomSrl\" \/>\n<meta property=\"article:modified_time\" content=\"2021-02-20T19:07:04+00:00\" \/>\n<meta name=\"twitter:card\" content=\"summary_large_image\" \/>\n<meta name=\"twitter:label1\" content=\"Dur\u00e9e de lecture estim\u00e9e\" \/>\n\t<meta name=\"twitter:data1\" content=\"7 minutes\" \/>\n<script type=\"application\/ld+json\" class=\"yoast-schema-graph\">{\"@context\":\"https:\\\/\\\/schema.org\",\"@graph\":[{\"@type\":\"WebPage\",\"@id\":\"https:\\\/\\\/www.dbaspecialists.com\\\/fr\\\/verification-et-analyse-de-la-securite\\\/\",\"url\":\"https:\\\/\\\/www.dbaspecialists.com\\\/fr\\\/verification-et-analyse-de-la-securite\\\/\",\"name\":\"V\u00e9rification de la base de donn\u00e9es et analyse de s\u00e9curit\u00e9\",\"isPartOf\":{\"@id\":\"https:\\\/\\\/www.dbaspecialists.com\\\/#website\"},\"datePublished\":\"2021-02-18T15:01:04+00:00\",\"dateModified\":\"2021-02-20T19:07:04+00:00\",\"description\":\"Nous v\u00e9rifions les performances, la fiabilit\u00e9, la vuln\u00e9rabilit\u00e9 et la s\u00e9curit\u00e9 des bases de donn\u00e9es, \u00e0 l'aide de rapports d\u00e9taill\u00e9s. Plateformes : SQL Server, Oracle, MySQL, PostgreSQL.\",\"breadcrumb\":{\"@id\":\"https:\\\/\\\/www.dbaspecialists.com\\\/fr\\\/verification-et-analyse-de-la-securite\\\/#breadcrumb\"},\"inLanguage\":\"fr-FR\",\"potentialAction\":[{\"@type\":\"ReadAction\",\"target\":[\"https:\\\/\\\/www.dbaspecialists.com\\\/fr\\\/verification-et-analyse-de-la-securite\\\/\"]}]},{\"@type\":\"BreadcrumbList\",\"@id\":\"https:\\\/\\\/www.dbaspecialists.com\\\/fr\\\/verification-et-analyse-de-la-securite\\\/#breadcrumb\",\"itemListElement\":[{\"@type\":\"ListItem\",\"position\":1,\"name\":\"Home\",\"item\":\"https:\\\/\\\/www.dbaspecialists.com\\\/fr\\\/\"},{\"@type\":\"ListItem\",\"position\":2,\"name\":\"V\u00e9rification et analyse de la s\u00e9curit\u00e9\"}]},{\"@type\":\"WebSite\",\"@id\":\"https:\\\/\\\/www.dbaspecialists.com\\\/#website\",\"url\":\"https:\\\/\\\/www.dbaspecialists.com\\\/\",\"name\":\"DBA Remote Services - Betacom\",\"description\":\"Servizi DBA 24\\\/7\",\"publisher\":{\"@id\":\"https:\\\/\\\/www.dbaspecialists.com\\\/#organization\"},\"potentialAction\":[{\"@type\":\"SearchAction\",\"target\":{\"@type\":\"EntryPoint\",\"urlTemplate\":\"https:\\\/\\\/www.dbaspecialists.com\\\/?s={search_term_string}\"},\"query-input\":{\"@type\":\"PropertyValueSpecification\",\"valueRequired\":true,\"valueName\":\"search_term_string\"}}],\"inLanguage\":\"fr-FR\"},{\"@type\":\"Organization\",\"@id\":\"https:\\\/\\\/www.dbaspecialists.com\\\/#organization\",\"name\":\"Betacom\",\"url\":\"https:\\\/\\\/www.dbaspecialists.com\\\/\",\"logo\":{\"@type\":\"ImageObject\",\"inLanguage\":\"fr-FR\",\"@id\":\"https:\\\/\\\/www.dbaspecialists.com\\\/#\\\/schema\\\/logo\\\/image\\\/\",\"url\":\"https:\\\/\\\/www.dbaspecialists.com\\\/wp-content\\\/uploads\\\/2016\\\/04\\\/DBA-logo_s.png\",\"contentUrl\":\"https:\\\/\\\/www.dbaspecialists.com\\\/wp-content\\\/uploads\\\/2016\\\/04\\\/DBA-logo_s.png\",\"width\":250,\"height\":78,\"caption\":\"Betacom\"},\"image\":{\"@id\":\"https:\\\/\\\/www.dbaspecialists.com\\\/#\\\/schema\\\/logo\\\/image\\\/\"},\"sameAs\":[\"https:\\\/\\\/www.facebook.com\\\/BetacomSrl\",\"https:\\\/\\\/www.instagram.com\\\/betacom_it\\\/\"]}]}<\/script>\n<!-- \/ Yoast SEO plugin. -->","yoast_head_json":{"title":"V\u00e9rification de la base de donn\u00e9es et analyse de s\u00e9curit\u00e9","description":"Nous v\u00e9rifions les performances, la fiabilit\u00e9, la vuln\u00e9rabilit\u00e9 et la s\u00e9curit\u00e9 des bases de donn\u00e9es, \u00e0 l'aide de rapports d\u00e9taill\u00e9s. Plateformes : SQL Server, Oracle, MySQL, PostgreSQL.","robots":{"index":"index","follow":"follow","max-snippet":"max-snippet:-1","max-image-preview":"max-image-preview:large","max-video-preview":"max-video-preview:-1"},"canonical":"https:\/\/www.dbaspecialists.com\/fr\/verification-et-analyse-de-la-securite\/","og_locale":"fr_FR","og_type":"article","og_title":"V\u00e9rification de la base de donn\u00e9es et analyse de s\u00e9curit\u00e9","og_description":"Nous v\u00e9rifions les performances, la fiabilit\u00e9, la vuln\u00e9rabilit\u00e9 et la s\u00e9curit\u00e9 des bases de donn\u00e9es, \u00e0 l'aide de rapports d\u00e9taill\u00e9s. Plateformes : SQL Server, Oracle, MySQL, PostgreSQL.","og_url":"https:\/\/www.dbaspecialists.com\/fr\/verification-et-analyse-de-la-securite\/","og_site_name":"DBA Remote Services","article_publisher":"https:\/\/www.facebook.com\/BetacomSrl","article_modified_time":"2021-02-20T19:07:04+00:00","twitter_card":"summary_large_image","twitter_misc":{"Dur\u00e9e de lecture estim\u00e9e":"7 minutes"},"schema":{"@context":"https:\/\/schema.org","@graph":[{"@type":"WebPage","@id":"https:\/\/www.dbaspecialists.com\/fr\/verification-et-analyse-de-la-securite\/","url":"https:\/\/www.dbaspecialists.com\/fr\/verification-et-analyse-de-la-securite\/","name":"V\u00e9rification de la base de donn\u00e9es et analyse de s\u00e9curit\u00e9","isPartOf":{"@id":"https:\/\/www.dbaspecialists.com\/#website"},"datePublished":"2021-02-18T15:01:04+00:00","dateModified":"2021-02-20T19:07:04+00:00","description":"Nous v\u00e9rifions les performances, la fiabilit\u00e9, la vuln\u00e9rabilit\u00e9 et la s\u00e9curit\u00e9 des bases de donn\u00e9es, \u00e0 l'aide de rapports d\u00e9taill\u00e9s. Plateformes : SQL Server, Oracle, MySQL, PostgreSQL.","breadcrumb":{"@id":"https:\/\/www.dbaspecialists.com\/fr\/verification-et-analyse-de-la-securite\/#breadcrumb"},"inLanguage":"fr-FR","potentialAction":[{"@type":"ReadAction","target":["https:\/\/www.dbaspecialists.com\/fr\/verification-et-analyse-de-la-securite\/"]}]},{"@type":"BreadcrumbList","@id":"https:\/\/www.dbaspecialists.com\/fr\/verification-et-analyse-de-la-securite\/#breadcrumb","itemListElement":[{"@type":"ListItem","position":1,"name":"Home","item":"https:\/\/www.dbaspecialists.com\/fr\/"},{"@type":"ListItem","position":2,"name":"V\u00e9rification et analyse de la s\u00e9curit\u00e9"}]},{"@type":"WebSite","@id":"https:\/\/www.dbaspecialists.com\/#website","url":"https:\/\/www.dbaspecialists.com\/","name":"DBA Remote Services - Betacom","description":"Servizi DBA 24\/7","publisher":{"@id":"https:\/\/www.dbaspecialists.com\/#organization"},"potentialAction":[{"@type":"SearchAction","target":{"@type":"EntryPoint","urlTemplate":"https:\/\/www.dbaspecialists.com\/?s={search_term_string}"},"query-input":{"@type":"PropertyValueSpecification","valueRequired":true,"valueName":"search_term_string"}}],"inLanguage":"fr-FR"},{"@type":"Organization","@id":"https:\/\/www.dbaspecialists.com\/#organization","name":"Betacom","url":"https:\/\/www.dbaspecialists.com\/","logo":{"@type":"ImageObject","inLanguage":"fr-FR","@id":"https:\/\/www.dbaspecialists.com\/#\/schema\/logo\/image\/","url":"https:\/\/www.dbaspecialists.com\/wp-content\/uploads\/2016\/04\/DBA-logo_s.png","contentUrl":"https:\/\/www.dbaspecialists.com\/wp-content\/uploads\/2016\/04\/DBA-logo_s.png","width":250,"height":78,"caption":"Betacom"},"image":{"@id":"https:\/\/www.dbaspecialists.com\/#\/schema\/logo\/image\/"},"sameAs":["https:\/\/www.facebook.com\/BetacomSrl","https:\/\/www.instagram.com\/betacom_it\/"]}]}},"_links":{"self":[{"href":"https:\/\/www.dbaspecialists.com\/fr\/wp-json\/wp\/v2\/pages\/2761","targetHints":{"allow":["GET"]}}],"collection":[{"href":"https:\/\/www.dbaspecialists.com\/fr\/wp-json\/wp\/v2\/pages"}],"about":[{"href":"https:\/\/www.dbaspecialists.com\/fr\/wp-json\/wp\/v2\/types\/page"}],"author":[{"embeddable":true,"href":"https:\/\/www.dbaspecialists.com\/fr\/wp-json\/wp\/v2\/users\/1"}],"replies":[{"embeddable":true,"href":"https:\/\/www.dbaspecialists.com\/fr\/wp-json\/wp\/v2\/comments?post=2761"}],"version-history":[{"count":2,"href":"https:\/\/www.dbaspecialists.com\/fr\/wp-json\/wp\/v2\/pages\/2761\/revisions"}],"predecessor-version":[{"id":3089,"href":"https:\/\/www.dbaspecialists.com\/fr\/wp-json\/wp\/v2\/pages\/2761\/revisions\/3089"}],"wp:attachment":[{"href":"https:\/\/www.dbaspecialists.com\/fr\/wp-json\/wp\/v2\/media?parent=2761"}],"curies":[{"name":"wp","href":"https:\/\/api.w.org\/{rel}","templated":true}]}}