{"id":2752,"date":"2021-02-18T15:53:06","date_gmt":"2021-02-18T14:53:06","guid":{"rendered":"https:\/\/www.dbaspecialists.com\/gestion-ordinaire\/"},"modified":"2021-02-20T19:59:36","modified_gmt":"2021-02-20T18:59:36","slug":"gestion-ordinaire","status":"publish","type":"page","link":"https:\/\/www.dbaspecialists.com\/fr\/gestion-ordinaire\/","title":{"rendered":"Gestion ordinaire"},"content":{"rendered":"<p>[et_pb_section fb_built=&#8221;1&#8243; fullwidth=&#8221;on&#8221; custom_padding_last_edited=&#8221;on|desktop&#8221; disabled_on=&#8221;off|off|&#8221; _builder_version=&#8221;3.22&#8243; background_color=&#8221;#ffffff&#8221; custom_padding_tablet=&#8221;50px|0|50px|0&#8243; custom_padding_phone=&#8221;&#8221; padding_mobile=&#8221;off&#8221;][et_pb_fullwidth_header title=&#8221;Gestion ordinaire des bases de donn\u00e9es&#8221; text_orientation=&#8221;center&#8221; background_overlay_color=&#8221;rgba(255,255,255,0.5)&#8221; _builder_version=&#8221;3.16&#8243; title_font_size=&#8221;46px&#8221; background_color=&#8221;rgba(255, 255, 255, 0)&#8221; background_image=&#8221;https:\/\/www.dbaspecialists.com\/wp-content\/uploads\/2016\/04\/header_serviziremoto.jpg&#8221; background_layout=&#8221;light&#8221; max_width_tablet=&#8221;50px&#8221; title_font_size_tablet=&#8221;36px&#8221; title_font_size_phone=&#8221;30px&#8221; title_font_size_last_edited=&#8221;on|phone&#8221; background_url=&#8221;https:\/\/www.dbaspecialists.com\/wp-content\/uploads\/2016\/04\/header_serviziremoto.jpg&#8221; button_one_text_size__hover_enabled=&#8221;off&#8221; button_two_text_size__hover_enabled=&#8221;off&#8221; button_one_text_color__hover_enabled=&#8221;off&#8221; button_two_text_color__hover_enabled=&#8221;off&#8221; button_one_border_width__hover_enabled=&#8221;off&#8221; button_two_border_width__hover_enabled=&#8221;off&#8221; button_one_border_color__hover_enabled=&#8221;off&#8221; button_two_border_color__hover_enabled=&#8221;off&#8221; button_one_border_radius__hover_enabled=&#8221;off&#8221; button_two_border_radius__hover_enabled=&#8221;off&#8221; button_one_letter_spacing__hover_enabled=&#8221;off&#8221; button_two_letter_spacing__hover_enabled=&#8221;off&#8221; button_one_bg_color__hover_enabled=&#8221;off&#8221; button_two_bg_color__hover_enabled=&#8221;off&#8221;][\/et_pb_fullwidth_header][\/et_pb_section][et_pb_section fb_built=&#8221;1&#8243; custom_padding_last_edited=&#8221;on|desktop&#8221; disabled_on=&#8221;on|on|&#8221; _builder_version=&#8221;3.22&#8243; background_color=&#8221;#ee7f01&#8243; custom_padding_tablet=&#8221;50px|0|50px|0&#8243; custom_padding_phone=&#8221;&#8221; padding_mobile=&#8221;off&#8221;][et_pb_row column_structure=&#8221;2_3,1_3&#8243; padding_mobile=&#8221;off&#8221; column_padding_mobile=&#8221;on&#8221; custom_padding_last_edited=&#8221;off|desktop&#8221; _builder_version=&#8221;3.25&#8243; background_size=&#8221;initial&#8221; background_position=&#8221;top_left&#8221; background_repeat=&#8221;repeat&#8221;][et_pb_column type=&#8221;2_3&#8243; _builder_version=&#8221;3.25&#8243; custom_padding=&#8221;|||&#8221; custom_padding__hover=&#8221;|||&#8221;][\/et_pb_column][et_pb_column type=&#8221;1_3&#8243; _builder_version=&#8221;3.25&#8243; custom_padding=&#8221;|||&#8221; custom_padding__hover=&#8221;|||&#8221;][\/et_pb_column][\/et_pb_row][\/et_pb_section][et_pb_section fb_built=&#8221;1&#8243; custom_padding_last_edited=&#8221;on|desktop&#8221; _builder_version=&#8221;3.22&#8243; custom_padding=&#8221;40px||40px|&#8221; custom_padding_tablet=&#8221;50px|0|50px|0&#8243; custom_padding_phone=&#8221;&#8221; padding_mobile=&#8221;off&#8221;][et_pb_row column_structure=&#8221;2_3,1_3&#8243; _builder_version=&#8221;3.25&#8243; background_size=&#8221;initial&#8221; background_position=&#8221;top_left&#8221; background_repeat=&#8221;repeat&#8221;][et_pb_column type=&#8221;2_3&#8243; _builder_version=&#8221;3.25&#8243; custom_padding=&#8221;|||&#8221; custom_padding__hover=&#8221;|||&#8221;][et_pb_text _builder_version=&#8221;4.2.1&#8243; background_size=&#8221;initial&#8221; background_position=&#8221;top_left&#8221; background_repeat=&#8221;repeat&#8221;]<\/p>\n<p>Dans le cadre de cette formule de service, les <strong>activit\u00e9s de maintenance ordinaire sont effectu\u00e9es sur les bases de donn\u00e9es de production des clients<\/strong>. Outre les activit\u00e9s de gestion des incidents de la formule &#8220;Services r\u00e9actifs&#8221;, ce service comprend g\u00e9n\u00e9ralement les activit\u00e9s suivantes:<\/p>\n<ul>\n<li>V\u00e9rification des composants hardware du serveur de base de donn\u00e9es (espace disque, CPU, m\u00e9moire).<\/li>\n<li>Contr\u00f4le des fichiers journaux, de l&#8217;attribution et de la gestion des espaces.<\/li>\n<li>Contr\u00f4le des processus programm\u00e9s pour la nuit, des travaux et des traitements de donn\u00e9es par lots, des sauvegardes, etc.<\/li>\n<li>Cr\u00e9ation d&#8217;objets de base de donn\u00e9es selon les instructions et les priorit\u00e9s du client.<\/li>\n<li>Importation\/exportation temporaire de donn\u00e9es sur demande du MM.<\/li>\n<li>D\u00e9pannage et rapport sur tous les signalements d&#8217;alertes critiques.<\/li>\n<\/ul>\n<p>Cette cat\u00e9gorie de services a pour but de soutenir le client l\u00e0 o\u00f9 les comp\u00e9tences internes en mati\u00e8re de gestion de nouvelles infrastructures de bases de donn\u00e9es font d\u00e9faut ou lorsqu&#8217;il y a volont\u00e9 de concentrer l&#8217;\u00e9quipe interne de DBA sur la conception et la gestion avanc\u00e9es des syst\u00e8mes de production, en la d\u00e9chargeant des activit\u00e9s plus ordinaires et r\u00e9p\u00e9titives propres \u00e0 l&#8217;administration des bases de donn\u00e9es.<\/p>\n<p>L&#8217;intervention du sp\u00e9cialiste DBA \u00e0 distance se d\u00e9roule selon un calendrier convenu pour les activit\u00e9s de contr\u00f4le et de surveillance du syst\u00e8me, et il est <strong>possible de personnaliser les niveaux de service de l&#8217;assistance<\/strong> en cas de nouvelles activit\u00e9s ordinaires ou d&#8217;interventions correctives.<\/p>\n<p>[\/et_pb_text][\/et_pb_column][et_pb_column type=&#8221;1_3&#8243; _builder_version=&#8221;3.25&#8243; custom_padding=&#8221;|||&#8221; custom_padding__hover=&#8221;|||&#8221;][et_pb_image src=&#8221;https:\/\/www.dbaspecialists.com\/wp-content\/uploads\/2016\/04\/cta_admin.jpg&#8221; alt=&#8221;Gestion des bases de donn\u00e9es&#8221; align=&#8221;center&#8221; align_tablet=&#8221;center&#8221; align_phone=&#8221;&#8221; align_last_edited=&#8221;on|desktop&#8221; _builder_version=&#8221;3.23&#8243; always_center_on_mobile=&#8221;on&#8221;][\/et_pb_image][\/et_pb_column][\/et_pb_row][et_pb_row column_structure=&#8221;1_3,1_3,1_3&#8243; use_custom_gutter=&#8221;on&#8221; gutter_width=&#8221;1&#8243; module_class=&#8221; et_pb_row_fullwidth&#8221; _builder_version=&#8221;3.25&#8243; width=&#8221;100%&#8221; width_tablet=&#8221;100%&#8221; width_phone=&#8221;&#8221; width_last_edited=&#8221;on|desktop&#8221; max_width=&#8221;100%&#8221; max_width_tablet=&#8221;100%&#8221; max_width_phone=&#8221;&#8221; max_width_last_edited=&#8221;on|desktop&#8221; make_fullwidth=&#8221;on&#8221;][et_pb_column type=&#8221;1_3&#8243; _builder_version=&#8221;3.25&#8243; background_position=&#8221;top_left&#8221; custom_padding=&#8221;|||&#8221; custom_padding__hover=&#8221;|||&#8221;][\/et_pb_column][et_pb_column type=&#8221;1_3&#8243; _builder_version=&#8221;3.25&#8243; background_position=&#8221;top_left&#8221; custom_padding=&#8221;|||&#8221; custom_padding__hover=&#8221;|||&#8221;][\/et_pb_column][et_pb_column type=&#8221;1_3&#8243; _builder_version=&#8221;3.25&#8243; background_color=&#8221;#ee7f01&#8243; background_position=&#8221;top_left&#8221; custom_padding=&#8221;20px|20px|20px|20px&#8221; custom_padding__hover=&#8221;|||&#8221;][et_pb_button button_url=&#8221;https:\/\/www.dbaspecialists.com\/fr\/contacts\/&#8221; button_text=&#8221;obtenir des informations&#8221; button_alignment=&#8221;center&#8221; disabled_on=&#8221;||off&#8221; _builder_version=&#8221;4.9.0&#8243; hover_enabled=&#8221;0&#8243; button_text_size__hover_enabled=&#8221;off&#8221; button_one_text_size__hover_enabled=&#8221;off&#8221; button_two_text_size__hover_enabled=&#8221;off&#8221; button_text_color__hover_enabled=&#8221;off&#8221; button_one_text_color__hover_enabled=&#8221;off&#8221; button_two_text_color__hover_enabled=&#8221;off&#8221; button_border_width__hover_enabled=&#8221;off&#8221; button_one_border_width__hover_enabled=&#8221;off&#8221; button_two_border_width__hover_enabled=&#8221;off&#8221; button_border_color__hover_enabled=&#8221;off&#8221; button_one_border_color__hover_enabled=&#8221;off&#8221; button_two_border_color__hover_enabled=&#8221;off&#8221; button_border_radius__hover_enabled=&#8221;off&#8221; button_one_border_radius__hover_enabled=&#8221;off&#8221; button_two_border_radius__hover_enabled=&#8221;off&#8221; button_letter_spacing__hover_enabled=&#8221;off&#8221; button_one_letter_spacing__hover_enabled=&#8221;off&#8221; button_two_letter_spacing__hover_enabled=&#8221;off&#8221; button_bg_color__hover_enabled=&#8221;off&#8221; button_one_bg_color__hover_enabled=&#8221;off&#8221; button_two_bg_color__hover_enabled=&#8221;off&#8221; sticky_enabled=&#8221;0&#8243;][\/et_pb_button][\/et_pb_column][\/et_pb_row][\/et_pb_section][et_pb_section fb_built=&#8221;1&#8243; custom_padding_last_edited=&#8221;on|desktop&#8221; _builder_version=&#8221;3.22&#8243; background_color=&#8221;#f2f2f2&#8243; background_image=&#8221;https:\/\/www.dbaspecialists.com\/wp-content\/uploads\/2016\/04\/cta_tuning.jpg&#8221; parallax=&#8221;on&#8221; custom_padding=&#8221;50px||80px|&#8221; custom_padding_tablet=&#8221;50px|0|50px|0&#8243; custom_padding_phone=&#8221;&#8221; padding_mobile=&#8221;off&#8221;][et_pb_row column_structure=&#8221;1_2,1_2&#8243; _builder_version=&#8221;3.25&#8243; background_size=&#8221;initial&#8221; background_position=&#8221;top_left&#8221; background_repeat=&#8221;repeat&#8221;][et_pb_column type=&#8221;1_2&#8243; _builder_version=&#8221;3.25&#8243; custom_padding=&#8221;|||&#8221; custom_padding__hover=&#8221;|||&#8221;][\/et_pb_column][et_pb_column type=&#8221;1_2&#8243; _builder_version=&#8221;3.25&#8243; custom_padding=&#8221;|||&#8221; custom_padding__hover=&#8221;|||&#8221;][et_pb_cta title=&#8221;Disponibilit\u00e9&#8221; url_new_window=&#8221;on&#8221; _builder_version=&#8221;3.16&#8243; header_level=&#8221;h3&#8243; header_text_color=&#8221;#ee7f01&#8243; background_color=&#8221;rgba(0,68,148,0.65)&#8221; background_size=&#8221;initial&#8221; background_position=&#8221;top_left&#8221; background_repeat=&#8221;repeat&#8221; text_orientation=&#8221;left&#8221; button_text_size__hover_enabled=&#8221;off&#8221; button_one_text_size__hover_enabled=&#8221;off&#8221; button_two_text_size__hover_enabled=&#8221;off&#8221; button_text_color__hover_enabled=&#8221;off&#8221; button_one_text_color__hover_enabled=&#8221;off&#8221; button_two_text_color__hover_enabled=&#8221;off&#8221; button_border_width__hover_enabled=&#8221;off&#8221; button_one_border_width__hover_enabled=&#8221;off&#8221; button_two_border_width__hover_enabled=&#8221;off&#8221; button_border_color__hover_enabled=&#8221;off&#8221; button_one_border_color__hover_enabled=&#8221;off&#8221; button_two_border_color__hover_enabled=&#8221;off&#8221; button_border_radius__hover_enabled=&#8221;off&#8221; button_one_border_radius__hover_enabled=&#8221;off&#8221; button_two_border_radius__hover_enabled=&#8221;off&#8221; button_letter_spacing__hover_enabled=&#8221;off&#8221; button_one_letter_spacing__hover_enabled=&#8221;off&#8221; button_two_letter_spacing__hover_enabled=&#8221;off&#8221; button_bg_color__hover_enabled=&#8221;off&#8221; button_one_bg_color__hover_enabled=&#8221;off&#8221; button_two_bg_color__hover_enabled=&#8221;off&#8221;]<\/p>\n<p>Le service peut \u00eatre configur\u00e9 selon diff\u00e9rentes formules et une couverture horaire :<\/p>\n<ul>\n<li>8\u00d75 Temps de travail<\/li>\n<li>16\u00d75 Temps suppl\u00e9mentaire ou disponibilit\u00e9 de nuit<\/li>\n<li>24\u00d77 Toujours<\/li>\n<\/ul>\n<p>[\/et_pb_cta][\/et_pb_column][\/et_pb_row][\/et_pb_section]<\/p>\n","protected":false},"excerpt":{"rendered":"<p>Dans le cadre de cette formule de service, les activit\u00e9s de maintenance ordinaire sont effectu\u00e9es sur les bases de donn\u00e9es de production des clients. Outre les activit\u00e9s de gestion des incidents de la formule &#8220;Services r\u00e9actifs&#8221;, ce service comprend g\u00e9n\u00e9ralement les activit\u00e9s suivantes: V\u00e9rification des composants hardware du serveur de base de donn\u00e9es (espace disque, [&hellip;]<\/p>\n","protected":false},"author":1,"featured_media":0,"parent":0,"menu_order":0,"comment_status":"closed","ping_status":"closed","template":"","meta":{"_et_pb_use_builder":"on","_et_pb_old_content":"","_et_gb_content_width":"","footnotes":""},"class_list":["post-2752","page","type-page","status-publish","hentry"],"yoast_head":"<!-- This site is optimized with the Yoast SEO plugin v27.4 - https:\/\/yoast.com\/product\/yoast-seo-wordpress\/ -->\n<title>L&#039;administration ordinaire des bases de donn\u00e9es, un service de nos experts DBA<\/title>\n<meta name=\"description\" content=\"Nous offrons une formule de service sur les bases de donn\u00e9es de production. Plates-formes Oracle, SQL Server, MySQL, PostgreSQL. Personnalisation et disponibilit\u00e9 24x7x365\" \/>\n<meta name=\"robots\" content=\"index, follow, max-snippet:-1, max-image-preview:large, max-video-preview:-1\" \/>\n<link rel=\"canonical\" href=\"https:\/\/www.dbaspecialists.com\/fr\/gestion-ordinaire\/\" \/>\n<meta property=\"og:locale\" content=\"fr_FR\" \/>\n<meta property=\"og:type\" content=\"article\" \/>\n<meta property=\"og:title\" content=\"L&#039;administration ordinaire des bases de donn\u00e9es, un service de nos experts DBA\" \/>\n<meta property=\"og:description\" content=\"Nous offrons une formule de service sur les bases de donn\u00e9es de production. Plates-formes Oracle, SQL Server, MySQL, PostgreSQL. Personnalisation et disponibilit\u00e9 24x7x365\" \/>\n<meta property=\"og:url\" content=\"https:\/\/www.dbaspecialists.com\/fr\/gestion-ordinaire\/\" \/>\n<meta property=\"og:site_name\" content=\"DBA Remote Services\" \/>\n<meta property=\"article:publisher\" content=\"https:\/\/www.facebook.com\/BetacomSrl\" \/>\n<meta property=\"article:modified_time\" content=\"2021-02-20T18:59:36+00:00\" \/>\n<meta name=\"twitter:card\" content=\"summary_large_image\" \/>\n<meta name=\"twitter:label1\" content=\"Dur\u00e9e de lecture estim\u00e9e\" \/>\n\t<meta name=\"twitter:data1\" content=\"6 minutes\" \/>\n<script type=\"application\/ld+json\" class=\"yoast-schema-graph\">{\"@context\":\"https:\\\/\\\/schema.org\",\"@graph\":[{\"@type\":\"WebPage\",\"@id\":\"https:\\\/\\\/www.dbaspecialists.com\\\/fr\\\/gestion-ordinaire\\\/\",\"url\":\"https:\\\/\\\/www.dbaspecialists.com\\\/fr\\\/gestion-ordinaire\\\/\",\"name\":\"L'administration ordinaire des bases de donn\u00e9es, un service de nos experts DBA\",\"isPartOf\":{\"@id\":\"https:\\\/\\\/www.dbaspecialists.com\\\/#website\"},\"datePublished\":\"2021-02-18T14:53:06+00:00\",\"dateModified\":\"2021-02-20T18:59:36+00:00\",\"description\":\"Nous offrons une formule de service sur les bases de donn\u00e9es de production. Plates-formes Oracle, SQL Server, MySQL, PostgreSQL. Personnalisation et disponibilit\u00e9 24x7x365\",\"breadcrumb\":{\"@id\":\"https:\\\/\\\/www.dbaspecialists.com\\\/fr\\\/gestion-ordinaire\\\/#breadcrumb\"},\"inLanguage\":\"fr-FR\",\"potentialAction\":[{\"@type\":\"ReadAction\",\"target\":[\"https:\\\/\\\/www.dbaspecialists.com\\\/fr\\\/gestion-ordinaire\\\/\"]}]},{\"@type\":\"BreadcrumbList\",\"@id\":\"https:\\\/\\\/www.dbaspecialists.com\\\/fr\\\/gestion-ordinaire\\\/#breadcrumb\",\"itemListElement\":[{\"@type\":\"ListItem\",\"position\":1,\"name\":\"Home\",\"item\":\"https:\\\/\\\/www.dbaspecialists.com\\\/fr\\\/\"},{\"@type\":\"ListItem\",\"position\":2,\"name\":\"Gestion ordinaire\"}]},{\"@type\":\"WebSite\",\"@id\":\"https:\\\/\\\/www.dbaspecialists.com\\\/#website\",\"url\":\"https:\\\/\\\/www.dbaspecialists.com\\\/\",\"name\":\"DBA Remote Services - Betacom\",\"description\":\"Servizi DBA 24\\\/7\",\"publisher\":{\"@id\":\"https:\\\/\\\/www.dbaspecialists.com\\\/#organization\"},\"potentialAction\":[{\"@type\":\"SearchAction\",\"target\":{\"@type\":\"EntryPoint\",\"urlTemplate\":\"https:\\\/\\\/www.dbaspecialists.com\\\/?s={search_term_string}\"},\"query-input\":{\"@type\":\"PropertyValueSpecification\",\"valueRequired\":true,\"valueName\":\"search_term_string\"}}],\"inLanguage\":\"fr-FR\"},{\"@type\":\"Organization\",\"@id\":\"https:\\\/\\\/www.dbaspecialists.com\\\/#organization\",\"name\":\"Betacom\",\"url\":\"https:\\\/\\\/www.dbaspecialists.com\\\/\",\"logo\":{\"@type\":\"ImageObject\",\"inLanguage\":\"fr-FR\",\"@id\":\"https:\\\/\\\/www.dbaspecialists.com\\\/#\\\/schema\\\/logo\\\/image\\\/\",\"url\":\"https:\\\/\\\/www.dbaspecialists.com\\\/wp-content\\\/uploads\\\/2016\\\/04\\\/DBA-logo_s.png\",\"contentUrl\":\"https:\\\/\\\/www.dbaspecialists.com\\\/wp-content\\\/uploads\\\/2016\\\/04\\\/DBA-logo_s.png\",\"width\":250,\"height\":78,\"caption\":\"Betacom\"},\"image\":{\"@id\":\"https:\\\/\\\/www.dbaspecialists.com\\\/#\\\/schema\\\/logo\\\/image\\\/\"},\"sameAs\":[\"https:\\\/\\\/www.facebook.com\\\/BetacomSrl\",\"https:\\\/\\\/www.instagram.com\\\/betacom_it\\\/\"]}]}<\/script>\n<!-- \/ Yoast SEO plugin. -->","yoast_head_json":{"title":"L'administration ordinaire des bases de donn\u00e9es, un service de nos experts DBA","description":"Nous offrons une formule de service sur les bases de donn\u00e9es de production. Plates-formes Oracle, SQL Server, MySQL, PostgreSQL. Personnalisation et disponibilit\u00e9 24x7x365","robots":{"index":"index","follow":"follow","max-snippet":"max-snippet:-1","max-image-preview":"max-image-preview:large","max-video-preview":"max-video-preview:-1"},"canonical":"https:\/\/www.dbaspecialists.com\/fr\/gestion-ordinaire\/","og_locale":"fr_FR","og_type":"article","og_title":"L'administration ordinaire des bases de donn\u00e9es, un service de nos experts DBA","og_description":"Nous offrons une formule de service sur les bases de donn\u00e9es de production. Plates-formes Oracle, SQL Server, MySQL, PostgreSQL. Personnalisation et disponibilit\u00e9 24x7x365","og_url":"https:\/\/www.dbaspecialists.com\/fr\/gestion-ordinaire\/","og_site_name":"DBA Remote Services","article_publisher":"https:\/\/www.facebook.com\/BetacomSrl","article_modified_time":"2021-02-20T18:59:36+00:00","twitter_card":"summary_large_image","twitter_misc":{"Dur\u00e9e de lecture estim\u00e9e":"6 minutes"},"schema":{"@context":"https:\/\/schema.org","@graph":[{"@type":"WebPage","@id":"https:\/\/www.dbaspecialists.com\/fr\/gestion-ordinaire\/","url":"https:\/\/www.dbaspecialists.com\/fr\/gestion-ordinaire\/","name":"L'administration ordinaire des bases de donn\u00e9es, un service de nos experts DBA","isPartOf":{"@id":"https:\/\/www.dbaspecialists.com\/#website"},"datePublished":"2021-02-18T14:53:06+00:00","dateModified":"2021-02-20T18:59:36+00:00","description":"Nous offrons une formule de service sur les bases de donn\u00e9es de production. Plates-formes Oracle, SQL Server, MySQL, PostgreSQL. Personnalisation et disponibilit\u00e9 24x7x365","breadcrumb":{"@id":"https:\/\/www.dbaspecialists.com\/fr\/gestion-ordinaire\/#breadcrumb"},"inLanguage":"fr-FR","potentialAction":[{"@type":"ReadAction","target":["https:\/\/www.dbaspecialists.com\/fr\/gestion-ordinaire\/"]}]},{"@type":"BreadcrumbList","@id":"https:\/\/www.dbaspecialists.com\/fr\/gestion-ordinaire\/#breadcrumb","itemListElement":[{"@type":"ListItem","position":1,"name":"Home","item":"https:\/\/www.dbaspecialists.com\/fr\/"},{"@type":"ListItem","position":2,"name":"Gestion ordinaire"}]},{"@type":"WebSite","@id":"https:\/\/www.dbaspecialists.com\/#website","url":"https:\/\/www.dbaspecialists.com\/","name":"DBA Remote Services - Betacom","description":"Servizi DBA 24\/7","publisher":{"@id":"https:\/\/www.dbaspecialists.com\/#organization"},"potentialAction":[{"@type":"SearchAction","target":{"@type":"EntryPoint","urlTemplate":"https:\/\/www.dbaspecialists.com\/?s={search_term_string}"},"query-input":{"@type":"PropertyValueSpecification","valueRequired":true,"valueName":"search_term_string"}}],"inLanguage":"fr-FR"},{"@type":"Organization","@id":"https:\/\/www.dbaspecialists.com\/#organization","name":"Betacom","url":"https:\/\/www.dbaspecialists.com\/","logo":{"@type":"ImageObject","inLanguage":"fr-FR","@id":"https:\/\/www.dbaspecialists.com\/#\/schema\/logo\/image\/","url":"https:\/\/www.dbaspecialists.com\/wp-content\/uploads\/2016\/04\/DBA-logo_s.png","contentUrl":"https:\/\/www.dbaspecialists.com\/wp-content\/uploads\/2016\/04\/DBA-logo_s.png","width":250,"height":78,"caption":"Betacom"},"image":{"@id":"https:\/\/www.dbaspecialists.com\/#\/schema\/logo\/image\/"},"sameAs":["https:\/\/www.facebook.com\/BetacomSrl","https:\/\/www.instagram.com\/betacom_it\/"]}]}},"_links":{"self":[{"href":"https:\/\/www.dbaspecialists.com\/fr\/wp-json\/wp\/v2\/pages\/2752","targetHints":{"allow":["GET"]}}],"collection":[{"href":"https:\/\/www.dbaspecialists.com\/fr\/wp-json\/wp\/v2\/pages"}],"about":[{"href":"https:\/\/www.dbaspecialists.com\/fr\/wp-json\/wp\/v2\/types\/page"}],"author":[{"embeddable":true,"href":"https:\/\/www.dbaspecialists.com\/fr\/wp-json\/wp\/v2\/users\/1"}],"replies":[{"embeddable":true,"href":"https:\/\/www.dbaspecialists.com\/fr\/wp-json\/wp\/v2\/comments?post=2752"}],"version-history":[{"count":3,"href":"https:\/\/www.dbaspecialists.com\/fr\/wp-json\/wp\/v2\/pages\/2752\/revisions"}],"predecessor-version":[{"id":3082,"href":"https:\/\/www.dbaspecialists.com\/fr\/wp-json\/wp\/v2\/pages\/2752\/revisions\/3082"}],"wp:attachment":[{"href":"https:\/\/www.dbaspecialists.com\/fr\/wp-json\/wp\/v2\/media?parent=2752"}],"curies":[{"name":"wp","href":"https:\/\/api.w.org\/{rel}","templated":true}]}}