{"id":2746,"date":"2021-02-18T15:45:41","date_gmt":"2021-02-18T14:45:41","guid":{"rendered":"https:\/\/www.dbaspecialists.com\/services-de-gestion-tarifes\/"},"modified":"2021-02-20T19:28:29","modified_gmt":"2021-02-20T18:28:29","slug":"services-de-gestion-tarifes","status":"publish","type":"page","link":"https:\/\/www.dbaspecialists.com\/fr\/services-de-gestion-tarifes\/","title":{"rendered":"Services de gestion tarif\u00e9s"},"content":{"rendered":"<p>[et_pb_section fb_built=&#8221;1&#8243; fullwidth=&#8221;on&#8221; custom_padding_last_edited=&#8221;on|desktop&#8221; disabled_on=&#8221;off|off|&#8221; _builder_version=&#8221;3.22&#8243; background_color=&#8221;#ffffff&#8221; custom_padding_tablet=&#8221;50px|0|50px|0&#8243; custom_padding_phone=&#8221;&#8221; transparent_background=&#8221;off&#8221; padding_mobile=&#8221;off&#8221; make_fullwidth=&#8221;off&#8221; use_custom_width=&#8221;off&#8221; width_unit=&#8221;on&#8221;][et_pb_fullwidth_header title=&#8221;Services de gestion de base de donn\u00e9es tarif\u00e9s&#8221; text_orientation=&#8221;center&#8221; background_overlay_color=&#8221;rgba(255,255,255,0.5)&#8221; _builder_version=&#8221;3.16&#8243; title_font_size=&#8221;46px&#8221; background_color=&#8221;rgba(255, 255, 255, 0)&#8221; background_image=&#8221;https:\/\/www.dbaspecialists.com\/wp-content\/uploads\/2016\/04\/cta_platforms.jpg&#8221; background_layout=&#8221;light&#8221; max_width_tablet=&#8221;50px&#8221; title_font_size_tablet=&#8221;36px&#8221; title_font_size_phone=&#8221;&#8221; title_font_size_last_edited=&#8221;on|desktop&#8221; background_url=&#8221;https:\/\/www.dbaspecialists.com\/wp-content\/uploads\/2016\/04\/cta_platforms.jpg&#8221; button_one_text_size__hover_enabled=&#8221;off&#8221; button_two_text_size__hover_enabled=&#8221;off&#8221; button_one_text_color__hover_enabled=&#8221;off&#8221; button_two_text_color__hover_enabled=&#8221;off&#8221; button_one_border_width__hover_enabled=&#8221;off&#8221; button_two_border_width__hover_enabled=&#8221;off&#8221; button_one_border_color__hover_enabled=&#8221;off&#8221; button_two_border_color__hover_enabled=&#8221;off&#8221; button_one_border_radius__hover_enabled=&#8221;off&#8221; button_two_border_radius__hover_enabled=&#8221;off&#8221; button_one_letter_spacing__hover_enabled=&#8221;off&#8221; button_two_letter_spacing__hover_enabled=&#8221;off&#8221; button_one_bg_color__hover_enabled=&#8221;off&#8221; button_two_bg_color__hover_enabled=&#8221;off&#8221;][\/et_pb_fullwidth_header][\/et_pb_section][et_pb_section fb_built=&#8221;1&#8243; custom_padding_last_edited=&#8221;on|desktop&#8221; disabled_on=&#8221;on|on|off&#8221; _builder_version=&#8221;3.22&#8243; background_color=&#8221;#ee7f01&#8243; custom_padding_tablet=&#8221;50px|0|50px|0&#8243; custom_padding_phone=&#8221;&#8221; transparent_background=&#8221;off&#8221; padding_mobile=&#8221;off&#8221; make_fullwidth=&#8221;off&#8221; use_custom_width=&#8221;off&#8221; width_unit=&#8221;on&#8221;][et_pb_row column_structure=&#8221;2_3,1_3&#8243; padding_mobile=&#8221;off&#8221; column_padding_mobile=&#8221;on&#8221; custom_padding_last_edited=&#8221;off|desktop&#8221; _builder_version=&#8221;3.25&#8243; background_size=&#8221;initial&#8221; background_position=&#8221;top_left&#8221; background_repeat=&#8221;repeat&#8221; make_fullwidth=&#8221;off&#8221; use_custom_width=&#8221;off&#8221; width_unit=&#8221;on&#8221;][et_pb_column type=&#8221;2_3&#8243; _builder_version=&#8221;3.25&#8243; custom_padding=&#8221;|||&#8221; custom_padding__hover=&#8221;|||&#8221;][\/et_pb_column][et_pb_column type=&#8221;1_3&#8243; _builder_version=&#8221;3.25&#8243; custom_padding=&#8221;|||&#8221; custom_padding__hover=&#8221;|||&#8221;][\/et_pb_column][\/et_pb_row][\/et_pb_section][et_pb_section fb_built=&#8221;1&#8243; custom_padding_last_edited=&#8221;on|desktop&#8221; _builder_version=&#8221;3.22&#8243; custom_padding=&#8221;40px||40px|&#8221; custom_padding_tablet=&#8221;50px|0|50px|0&#8243; custom_padding_phone=&#8221;&#8221; transparent_background=&#8221;off&#8221; padding_mobile=&#8221;off&#8221; make_fullwidth=&#8221;off&#8221; use_custom_width=&#8221;off&#8221; width_unit=&#8221;on&#8221;][et_pb_row _builder_version=&#8221;3.25&#8243; background_size=&#8221;initial&#8221; background_position=&#8221;top_left&#8221; background_repeat=&#8221;repeat&#8221;][et_pb_column type=&#8221;4_4&#8243; _builder_version=&#8221;3.25&#8243; custom_padding=&#8221;|||&#8221; custom_padding__hover=&#8221;|||&#8221;][et_pb_text _builder_version=&#8221;4.9.0&#8243; background_size=&#8221;initial&#8221; background_position=&#8221;top_left&#8221; background_repeat=&#8221;repeat&#8221; module_alignment=&#8221;left&#8221; border_color_all=&#8221;off&#8221; use_border_color=&#8221;off&#8221; border_color=&#8221;#ffffff&#8221; border_style=&#8221;solid&#8221;]<\/p>\n<p>Gr\u00e2ce aux formules de services d&#8217;assurance, des <strong>solutions de gestion \u00e0 distance de leurs bases de donn\u00e9es sont propos\u00e9es \u00e0 nos clients<\/strong>. Ces solutions ont \u00e9t\u00e9 test\u00e9es et consolid\u00e9es au fil des ans gr\u00e2ce \u00e0 une exp\u00e9rience de plusieurs ann\u00e9es dans la gestion de services de m\u00eame nature. Les services propos\u00e9s dans cette cat\u00e9gorie sont \u00e0 la fois compl\u00e9mentaires les uns des autres en termes d&#8217;activit\u00e9s et de responsabilit\u00e9s de gestion.<\/p>\n<p>Tout d&#8217;abord, la solution &#8220;<a href=\"https:\/\/www.dbaspecialists.com\/fr\/services-reactifs\/\">Reactive Services<\/a>&#8220;, qui permet une gestion \u00e0 distance &#8220;tout compris&#8221; des activit\u00e9s de gestion des incidents. Cette solution peut \u00eatre prolong\u00e9e par la solution &#8220;Gestion au jour le jour&#8221; dans laquelle les activit\u00e9s ordinaires de <a href=\"https:\/\/www.dbaspecialists.com\/fr\/gestion-ordinaire\/\">gestion des bases de donn\u00e9es<\/a> sont assur\u00e9es (par exemple, gestion des sauvegardes, gestion des utilisateurs, importation\/exportation des donn\u00e9es).<\/p>\n<p>En conclusion, la solution int\u00e9grale &#8220;<a href=\"https:\/\/www.dbaspecialists.com\/fr\/services-proactifs\/\">Services proactifs<\/a>&#8220;est propos\u00e9e, incluant les activit\u00e9s pr\u00e9vues par les solutions pr\u00e9c\u00e9dentes et accompagn\u00e9e d&#8217;une gestion des probl\u00e8mes, d&#8217;une gestion des correctifs et de contr\u00f4les mensuels programm\u00e9s portant sur les aspects de s\u00e9curit\u00e9 et de performance. Toutes les solutions propos\u00e9es peuvent \u00eatre personnalis\u00e9es en fonction des besoins et des particularit\u00e9s du client. Ils b\u00e9n\u00e9ficient g\u00e9n\u00e9ralement de formules comprenant des niveaux de service qui commencent par 30 minutes d&#8217;intervention pour les environnements critiques et les probl\u00e9matiques g\u00e9n\u00e9ratrices de blocage.<\/p>\n<p>Les solutions peuvent \u00eatre fournies, par l&#8217;interm\u00e9diaire de nos experts DBA, pendant les heures de bureau (8\u00d75), dans des formules offrant uniquement une couverture de nuit si le client dispose d\u00e9j\u00e0 d&#8217;une \u00e9quipe de support interne et souhaite \u00e9tendre la gestion en dehors des heures de bureau ou dans des solutions compl\u00e8tes 365x7xh24.<\/p>\n<p>[\/et_pb_text][\/et_pb_column][\/et_pb_row][et_pb_row column_structure=&#8221;1_3,1_3,1_3&#8243; use_custom_gutter=&#8221;on&#8221; gutter_width=&#8221;1&#8243; module_class=&#8221; et_pb_row_fullwidth&#8221; _builder_version=&#8221;3.25&#8243; width=&#8221;100%&#8221; width_tablet=&#8221;100%&#8221; width_phone=&#8221;&#8221; width_last_edited=&#8221;on|desktop&#8221; max_width=&#8221;100%&#8221; max_width_tablet=&#8221;100%&#8221; max_width_phone=&#8221;&#8221; max_width_last_edited=&#8221;on|desktop&#8221; make_fullwidth=&#8221;on&#8221;][et_pb_column type=&#8221;1_3&#8243; _builder_version=&#8221;3.25&#8243; background_position=&#8221;top_left&#8221; custom_padding=&#8221;|||&#8221; custom_padding__hover=&#8221;|||&#8221;][\/et_pb_column][et_pb_column type=&#8221;1_3&#8243; _builder_version=&#8221;3.25&#8243; background_position=&#8221;top_left&#8221; custom_padding=&#8221;|||&#8221; custom_padding__hover=&#8221;|||&#8221;][\/et_pb_column][et_pb_column type=&#8221;1_3&#8243; _builder_version=&#8221;3.25&#8243; background_color=&#8221;#ee7f01&#8243; background_position=&#8221;top_left&#8221; custom_padding=&#8221;20px|20px|20px|20px&#8221; custom_padding__hover=&#8221;|||&#8221;][et_pb_button button_url=&#8221;https:\/\/www.dbaspecialists.com\/fr\/contacts\/&#8221; button_text=&#8221;obtenir des informations&#8221; button_alignment=&#8221;center&#8221; disabled_on=&#8221;||off&#8221; _builder_version=&#8221;4.9.0&#8243; button_text_size__hover_enabled=&#8221;off&#8221; button_one_text_size__hover_enabled=&#8221;off&#8221; button_two_text_size__hover_enabled=&#8221;off&#8221; button_text_color__hover_enabled=&#8221;off&#8221; button_one_text_color__hover_enabled=&#8221;off&#8221; button_two_text_color__hover_enabled=&#8221;off&#8221; button_border_width__hover_enabled=&#8221;off&#8221; button_one_border_width__hover_enabled=&#8221;off&#8221; button_two_border_width__hover_enabled=&#8221;off&#8221; button_border_color__hover_enabled=&#8221;off&#8221; button_one_border_color__hover_enabled=&#8221;off&#8221; button_two_border_color__hover_enabled=&#8221;off&#8221; button_border_radius__hover_enabled=&#8221;off&#8221; button_one_border_radius__hover_enabled=&#8221;off&#8221; button_two_border_radius__hover_enabled=&#8221;off&#8221; button_letter_spacing__hover_enabled=&#8221;off&#8221; button_one_letter_spacing__hover_enabled=&#8221;off&#8221; button_two_letter_spacing__hover_enabled=&#8221;off&#8221; button_bg_color__hover_enabled=&#8221;off&#8221; button_one_bg_color__hover_enabled=&#8221;off&#8221; button_two_bg_color__hover_enabled=&#8221;off&#8221;][\/et_pb_button][\/et_pb_column][\/et_pb_row][\/et_pb_section][et_pb_section fb_built=&#8221;1&#8243; custom_padding_last_edited=&#8221;on|desktop&#8221; disabled_on=&#8221;off|off|off&#8221; _builder_version=&#8221;3.22&#8243; background_color=&#8221;#f2f2f2&#8243; custom_padding=&#8221;50px||80px|&#8221; custom_padding_tablet=&#8221;50px|0|50px|0&#8243; custom_padding_phone=&#8221;&#8221; transparent_background=&#8221;off&#8221; padding_mobile=&#8221;off&#8221; make_fullwidth=&#8221;off&#8221; use_custom_width=&#8221;off&#8221; width_unit=&#8221;on&#8221;][et_pb_row _builder_version=&#8221;3.25&#8243; background_size=&#8221;initial&#8221; background_position=&#8221;top_left&#8221; background_repeat=&#8221;repeat&#8221;][et_pb_column type=&#8221;4_4&#8243; _builder_version=&#8221;3.25&#8243; custom_padding=&#8221;|||&#8221; custom_padding__hover=&#8221;|||&#8221;][et_pb_text _builder_version=&#8221;3.27.4&#8243; background_size=&#8221;initial&#8221; background_position=&#8221;top_left&#8221; background_repeat=&#8221;repeat&#8221; module_alignment=&#8221;left&#8221; use_border_color=&#8221;off&#8221; border_color=&#8221;#ffffff&#8221; border_style=&#8221;solid&#8221;]<\/p>\n<h2 style=\"text-align: center;\">Plates-formes<\/h2>\n<p>[\/et_pb_text][et_pb_divider color=&#8221;#ee7f01&#8243; divider_weight=&#8221;5&#8243; disabled_on=&#8221;on|on|off&#8221; _builder_version=&#8221;3.2&#8243; hide_on_mobile=&#8221;on&#8221;][\/et_pb_divider][\/et_pb_column][\/et_pb_row][et_pb_row column_structure=&#8221;1_4,1_4,1_4,1_4&#8243; _builder_version=&#8221;3.25&#8243; background_size=&#8221;initial&#8221; background_position=&#8221;top_left&#8221; background_repeat=&#8221;repeat&#8221;][et_pb_column type=&#8221;1_4&#8243; _builder_version=&#8221;3.25&#8243; custom_padding=&#8221;|||&#8221; custom_padding__hover=&#8221;|||&#8221;][et_pb_image src=&#8221;https:\/\/www.dbaspecialists.com\/wp-content\/uploads\/2016\/03\/SqlMicrosoft.png&#8221; align=&#8221;center&#8221; align_tablet=&#8221;center&#8221; align_phone=&#8221;&#8221; align_last_edited=&#8221;on|desktop&#8221; _builder_version=&#8221;3.23&#8243; animation_style=&#8221;slide&#8221; animation_direction=&#8221;top&#8221; animation_duration=&#8221;500ms&#8221; animation_intensity_slide=&#8221;10%&#8221; border_style=&#8221;solid&#8221; animation=&#8221;top&#8221; sticky=&#8221;off&#8221; always_center_on_mobile=&#8221;on&#8221;][\/et_pb_image][\/et_pb_column][et_pb_column type=&#8221;1_4&#8243; _builder_version=&#8221;3.25&#8243; custom_padding=&#8221;|||&#8221; custom_padding__hover=&#8221;|||&#8221;][et_pb_image src=&#8221;https:\/\/www.dbaspecialists.com\/wp-content\/uploads\/2017\/07\/Oracle.png&#8221; align=&#8221;center&#8221; align_tablet=&#8221;center&#8221; align_phone=&#8221;&#8221; align_last_edited=&#8221;on|desktop&#8221; _builder_version=&#8221;3.23&#8243; animation_style=&#8221;slide&#8221; animation_direction=&#8221;top&#8221; animation_duration=&#8221;500ms&#8221; animation_intensity_slide=&#8221;10%&#8221; border_style=&#8221;solid&#8221; animation=&#8221;top&#8221; sticky=&#8221;off&#8221; always_center_on_mobile=&#8221;on&#8221;][\/et_pb_image][\/et_pb_column][et_pb_column type=&#8221;1_4&#8243; _builder_version=&#8221;3.25&#8243; custom_padding=&#8221;|||&#8221; custom_padding__hover=&#8221;|||&#8221;][et_pb_image src=&#8221;https:\/\/www.dbaspecialists.com\/wp-content\/uploads\/2017\/07\/my-sql.png&#8221; align=&#8221;center&#8221; align_tablet=&#8221;center&#8221; align_phone=&#8221;&#8221; align_last_edited=&#8221;on|desktop&#8221; _builder_version=&#8221;3.23&#8243; animation_style=&#8221;slide&#8221; animation_direction=&#8221;top&#8221; animation_duration=&#8221;500ms&#8221; animation_intensity_slide=&#8221;10%&#8221; border_style=&#8221;solid&#8221; animation=&#8221;top&#8221; sticky=&#8221;off&#8221; always_center_on_mobile=&#8221;on&#8221;][\/et_pb_image][\/et_pb_column][et_pb_column type=&#8221;1_4&#8243; _builder_version=&#8221;3.25&#8243; custom_padding=&#8221;|||&#8221; custom_padding__hover=&#8221;|||&#8221;][et_pb_image src=&#8221;https:\/\/www.dbaspecialists.com\/wp-content\/uploads\/2016\/03\/postgre.png&#8221; align=&#8221;center&#8221; align_tablet=&#8221;center&#8221; align_phone=&#8221;&#8221; align_last_edited=&#8221;on|desktop&#8221; _builder_version=&#8221;3.23&#8243; animation_style=&#8221;slide&#8221; animation_direction=&#8221;top&#8221; animation_duration=&#8221;500ms&#8221; animation_intensity_slide=&#8221;10%&#8221; border_style=&#8221;solid&#8221; animation=&#8221;top&#8221; sticky=&#8221;off&#8221; always_center_on_mobile=&#8221;on&#8221;][\/et_pb_image][\/et_pb_column][\/et_pb_row][\/et_pb_section]<\/p>\n","protected":false},"excerpt":{"rendered":"<p>Gr\u00e2ce aux formules de services d&#8217;assurance, des solutions de gestion \u00e0 distance de leurs bases de donn\u00e9es sont propos\u00e9es \u00e0 nos clients. Ces solutions ont \u00e9t\u00e9 test\u00e9es et consolid\u00e9es au fil des ans gr\u00e2ce \u00e0 une exp\u00e9rience de plusieurs ann\u00e9es dans la gestion de services de m\u00eame nature. Les services propos\u00e9s dans cette cat\u00e9gorie sont [&hellip;]<\/p>\n","protected":false},"author":1,"featured_media":0,"parent":0,"menu_order":0,"comment_status":"closed","ping_status":"closed","template":"","meta":{"_et_pb_use_builder":"on","_et_pb_old_content":"","_et_gb_content_width":"","footnotes":""},"class_list":["post-2746","page","type-page","status-publish","hentry"],"yoast_head":"<!-- This site is optimized with the Yoast SEO plugin v27.5 - https:\/\/yoast.com\/product\/yoast-seo-wordpress\/ -->\n<title>Gestion de bases de donn\u00e9es : services et solutions tarif\u00e9es avec nos experts DBA<\/title>\n<meta name=\"description\" content=\"Nous proposons des solutions de gestion de bases de donn\u00e9es, test\u00e9es et consolid\u00e9es au cours de plus de 18 ans d&#039;exp\u00e9rience sur les plateformes Oracle, SQL Server, MySQL, PostgreSQL.\" \/>\n<meta name=\"robots\" content=\"index, follow, max-snippet:-1, max-image-preview:large, max-video-preview:-1\" \/>\n<link rel=\"canonical\" href=\"https:\/\/www.dbaspecialists.com\/fr\/services-de-gestion-tarifes\/\" \/>\n<meta property=\"og:locale\" content=\"fr_FR\" \/>\n<meta property=\"og:type\" content=\"article\" \/>\n<meta property=\"og:title\" content=\"Gestion de bases de donn\u00e9es : services et solutions tarif\u00e9es avec nos experts DBA\" \/>\n<meta property=\"og:description\" content=\"Nous proposons des solutions de gestion de bases de donn\u00e9es, test\u00e9es et consolid\u00e9es au cours de plus de 18 ans d&#039;exp\u00e9rience sur les plateformes Oracle, SQL Server, MySQL, PostgreSQL.\" \/>\n<meta property=\"og:url\" content=\"https:\/\/www.dbaspecialists.com\/fr\/services-de-gestion-tarifes\/\" \/>\n<meta property=\"og:site_name\" content=\"DBA Remote Services\" \/>\n<meta property=\"article:publisher\" content=\"https:\/\/www.facebook.com\/BetacomSrl\" \/>\n<meta property=\"article:modified_time\" content=\"2021-02-20T18:28:29+00:00\" \/>\n<meta name=\"twitter:card\" content=\"summary_large_image\" \/>\n<meta name=\"twitter:label1\" content=\"Dur\u00e9e de lecture estim\u00e9e\" \/>\n\t<meta name=\"twitter:data1\" content=\"7 minutes\" \/>\n<script type=\"application\/ld+json\" class=\"yoast-schema-graph\">{\"@context\":\"https:\\\/\\\/schema.org\",\"@graph\":[{\"@type\":\"WebPage\",\"@id\":\"https:\\\/\\\/www.dbaspecialists.com\\\/fr\\\/services-de-gestion-tarifes\\\/\",\"url\":\"https:\\\/\\\/www.dbaspecialists.com\\\/fr\\\/services-de-gestion-tarifes\\\/\",\"name\":\"Gestion de bases de donn\u00e9es : services et solutions tarif\u00e9es avec nos experts DBA\",\"isPartOf\":{\"@id\":\"https:\\\/\\\/www.dbaspecialists.com\\\/#website\"},\"datePublished\":\"2021-02-18T14:45:41+00:00\",\"dateModified\":\"2021-02-20T18:28:29+00:00\",\"description\":\"Nous proposons des solutions de gestion de bases de donn\u00e9es, test\u00e9es et consolid\u00e9es au cours de plus de 18 ans d'exp\u00e9rience sur les plateformes Oracle, SQL Server, MySQL, PostgreSQL.\",\"breadcrumb\":{\"@id\":\"https:\\\/\\\/www.dbaspecialists.com\\\/fr\\\/services-de-gestion-tarifes\\\/#breadcrumb\"},\"inLanguage\":\"fr-FR\",\"potentialAction\":[{\"@type\":\"ReadAction\",\"target\":[\"https:\\\/\\\/www.dbaspecialists.com\\\/fr\\\/services-de-gestion-tarifes\\\/\"]}]},{\"@type\":\"BreadcrumbList\",\"@id\":\"https:\\\/\\\/www.dbaspecialists.com\\\/fr\\\/services-de-gestion-tarifes\\\/#breadcrumb\",\"itemListElement\":[{\"@type\":\"ListItem\",\"position\":1,\"name\":\"Home\",\"item\":\"https:\\\/\\\/www.dbaspecialists.com\\\/fr\\\/\"},{\"@type\":\"ListItem\",\"position\":2,\"name\":\"Services de gestion tarif\u00e9s\"}]},{\"@type\":\"WebSite\",\"@id\":\"https:\\\/\\\/www.dbaspecialists.com\\\/#website\",\"url\":\"https:\\\/\\\/www.dbaspecialists.com\\\/\",\"name\":\"DBA Remote Services - Betacom\",\"description\":\"Servizi DBA 24\\\/7\",\"publisher\":{\"@id\":\"https:\\\/\\\/www.dbaspecialists.com\\\/#organization\"},\"potentialAction\":[{\"@type\":\"SearchAction\",\"target\":{\"@type\":\"EntryPoint\",\"urlTemplate\":\"https:\\\/\\\/www.dbaspecialists.com\\\/?s={search_term_string}\"},\"query-input\":{\"@type\":\"PropertyValueSpecification\",\"valueRequired\":true,\"valueName\":\"search_term_string\"}}],\"inLanguage\":\"fr-FR\"},{\"@type\":\"Organization\",\"@id\":\"https:\\\/\\\/www.dbaspecialists.com\\\/#organization\",\"name\":\"Betacom\",\"url\":\"https:\\\/\\\/www.dbaspecialists.com\\\/\",\"logo\":{\"@type\":\"ImageObject\",\"inLanguage\":\"fr-FR\",\"@id\":\"https:\\\/\\\/www.dbaspecialists.com\\\/#\\\/schema\\\/logo\\\/image\\\/\",\"url\":\"https:\\\/\\\/www.dbaspecialists.com\\\/wp-content\\\/uploads\\\/2016\\\/04\\\/DBA-logo_s.png\",\"contentUrl\":\"https:\\\/\\\/www.dbaspecialists.com\\\/wp-content\\\/uploads\\\/2016\\\/04\\\/DBA-logo_s.png\",\"width\":250,\"height\":78,\"caption\":\"Betacom\"},\"image\":{\"@id\":\"https:\\\/\\\/www.dbaspecialists.com\\\/#\\\/schema\\\/logo\\\/image\\\/\"},\"sameAs\":[\"https:\\\/\\\/www.facebook.com\\\/BetacomSrl\",\"https:\\\/\\\/www.instagram.com\\\/betacom_it\\\/\"]}]}<\/script>\n<!-- \/ Yoast SEO plugin. -->","yoast_head_json":{"title":"Gestion de bases de donn\u00e9es : services et solutions tarif\u00e9es avec nos experts DBA","description":"Nous proposons des solutions de gestion de bases de donn\u00e9es, test\u00e9es et consolid\u00e9es au cours de plus de 18 ans d'exp\u00e9rience sur les plateformes Oracle, SQL Server, MySQL, PostgreSQL.","robots":{"index":"index","follow":"follow","max-snippet":"max-snippet:-1","max-image-preview":"max-image-preview:large","max-video-preview":"max-video-preview:-1"},"canonical":"https:\/\/www.dbaspecialists.com\/fr\/services-de-gestion-tarifes\/","og_locale":"fr_FR","og_type":"article","og_title":"Gestion de bases de donn\u00e9es : services et solutions tarif\u00e9es avec nos experts DBA","og_description":"Nous proposons des solutions de gestion de bases de donn\u00e9es, test\u00e9es et consolid\u00e9es au cours de plus de 18 ans d'exp\u00e9rience sur les plateformes Oracle, SQL Server, MySQL, PostgreSQL.","og_url":"https:\/\/www.dbaspecialists.com\/fr\/services-de-gestion-tarifes\/","og_site_name":"DBA Remote Services","article_publisher":"https:\/\/www.facebook.com\/BetacomSrl","article_modified_time":"2021-02-20T18:28:29+00:00","twitter_card":"summary_large_image","twitter_misc":{"Dur\u00e9e de lecture estim\u00e9e":"7 minutes"},"schema":{"@context":"https:\/\/schema.org","@graph":[{"@type":"WebPage","@id":"https:\/\/www.dbaspecialists.com\/fr\/services-de-gestion-tarifes\/","url":"https:\/\/www.dbaspecialists.com\/fr\/services-de-gestion-tarifes\/","name":"Gestion de bases de donn\u00e9es : services et solutions tarif\u00e9es avec nos experts DBA","isPartOf":{"@id":"https:\/\/www.dbaspecialists.com\/#website"},"datePublished":"2021-02-18T14:45:41+00:00","dateModified":"2021-02-20T18:28:29+00:00","description":"Nous proposons des solutions de gestion de bases de donn\u00e9es, test\u00e9es et consolid\u00e9es au cours de plus de 18 ans d'exp\u00e9rience sur les plateformes Oracle, SQL Server, MySQL, PostgreSQL.","breadcrumb":{"@id":"https:\/\/www.dbaspecialists.com\/fr\/services-de-gestion-tarifes\/#breadcrumb"},"inLanguage":"fr-FR","potentialAction":[{"@type":"ReadAction","target":["https:\/\/www.dbaspecialists.com\/fr\/services-de-gestion-tarifes\/"]}]},{"@type":"BreadcrumbList","@id":"https:\/\/www.dbaspecialists.com\/fr\/services-de-gestion-tarifes\/#breadcrumb","itemListElement":[{"@type":"ListItem","position":1,"name":"Home","item":"https:\/\/www.dbaspecialists.com\/fr\/"},{"@type":"ListItem","position":2,"name":"Services de gestion tarif\u00e9s"}]},{"@type":"WebSite","@id":"https:\/\/www.dbaspecialists.com\/#website","url":"https:\/\/www.dbaspecialists.com\/","name":"DBA Remote Services - Betacom","description":"Servizi DBA 24\/7","publisher":{"@id":"https:\/\/www.dbaspecialists.com\/#organization"},"potentialAction":[{"@type":"SearchAction","target":{"@type":"EntryPoint","urlTemplate":"https:\/\/www.dbaspecialists.com\/?s={search_term_string}"},"query-input":{"@type":"PropertyValueSpecification","valueRequired":true,"valueName":"search_term_string"}}],"inLanguage":"fr-FR"},{"@type":"Organization","@id":"https:\/\/www.dbaspecialists.com\/#organization","name":"Betacom","url":"https:\/\/www.dbaspecialists.com\/","logo":{"@type":"ImageObject","inLanguage":"fr-FR","@id":"https:\/\/www.dbaspecialists.com\/#\/schema\/logo\/image\/","url":"https:\/\/www.dbaspecialists.com\/wp-content\/uploads\/2016\/04\/DBA-logo_s.png","contentUrl":"https:\/\/www.dbaspecialists.com\/wp-content\/uploads\/2016\/04\/DBA-logo_s.png","width":250,"height":78,"caption":"Betacom"},"image":{"@id":"https:\/\/www.dbaspecialists.com\/#\/schema\/logo\/image\/"},"sameAs":["https:\/\/www.facebook.com\/BetacomSrl","https:\/\/www.instagram.com\/betacom_it\/"]}]}},"_links":{"self":[{"href":"https:\/\/www.dbaspecialists.com\/fr\/wp-json\/wp\/v2\/pages\/2746","targetHints":{"allow":["GET"]}}],"collection":[{"href":"https:\/\/www.dbaspecialists.com\/fr\/wp-json\/wp\/v2\/pages"}],"about":[{"href":"https:\/\/www.dbaspecialists.com\/fr\/wp-json\/wp\/v2\/types\/page"}],"author":[{"embeddable":true,"href":"https:\/\/www.dbaspecialists.com\/fr\/wp-json\/wp\/v2\/users\/1"}],"replies":[{"embeddable":true,"href":"https:\/\/www.dbaspecialists.com\/fr\/wp-json\/wp\/v2\/comments?post=2746"}],"version-history":[{"count":4,"href":"https:\/\/www.dbaspecialists.com\/fr\/wp-json\/wp\/v2\/pages\/2746\/revisions"}],"predecessor-version":[{"id":3077,"href":"https:\/\/www.dbaspecialists.com\/fr\/wp-json\/wp\/v2\/pages\/2746\/revisions\/3077"}],"wp:attachment":[{"href":"https:\/\/www.dbaspecialists.com\/fr\/wp-json\/wp\/v2\/media?parent=2746"}],"curies":[{"name":"wp","href":"https:\/\/api.w.org\/{rel}","templated":true}]}}