{"id":1947,"date":"2020-09-10T17:11:33","date_gmt":"2020-09-10T15:11:33","guid":{"rendered":"https:\/\/www.dbaspecialists.com\/sql-server\/"},"modified":"2020-12-21T23:32:52","modified_gmt":"2020-12-21T22:32:52","slug":"sql-server","status":"publish","type":"page","link":"https:\/\/www.dbaspecialists.com\/de\/sql-server\/","title":{"rendered":"Sql Server"},"content":{"rendered":"\n[et_pb_section fb_built=&#8221;1&#8243; fullwidth=&#8221;on&#8221; custom_padding_last_edited=&#8221;on|desktop&#8221; disabled_on=&#8221;off|off|&#8221; _builder_version=&#8221;3.22&#8243; background_color=&#8221;#ffffff&#8221; custom_padding_tablet=&#8221;50px|0|50px|0&#8243; custom_padding_phone=&#8221;&#8221; transparent_background=&#8221;off&#8221; padding_mobile=&#8221;off&#8221; make_fullwidth=&#8221;off&#8221; use_custom_width=&#8221;off&#8221; width_unit=&#8221;on&#8221;][et_pb_fullwidth_header title=&#8221;DBA Sql Server&#8221; subhead=&#8221;SQL Spezialisten&#8221; text_orientation=&#8221;center&#8221; _builder_version=&#8221;4.7.7&#8243; title_font_size=&#8221;46px&#8221; background_color=&#8221;rgba(255, 255, 255, 0)&#8221; use_background_color_gradient=&#8221;on&#8221; background_color_gradient_end=&#8221;#004494&#8243; max_width_tablet=&#8221;50px&#8221; hover_enabled=&#8221;0&#8243; title_font_size_tablet=&#8221;36px&#8221; title_font_size_phone=&#8221;30px&#8221; title_font_size_last_edited=&#8221;on|phone&#8221; button_one_text_size__hover_enabled=&#8221;off&#8221; button_two_text_size__hover_enabled=&#8221;off&#8221; button_one_text_color__hover_enabled=&#8221;off&#8221; button_two_text_color__hover_enabled=&#8221;off&#8221; button_one_border_width__hover_enabled=&#8221;off&#8221; button_two_border_width__hover_enabled=&#8221;off&#8221; button_one_border_color__hover_enabled=&#8221;off&#8221; button_two_border_color__hover_enabled=&#8221;off&#8221; button_one_border_radius__hover_enabled=&#8221;off&#8221; button_two_border_radius__hover_enabled=&#8221;off&#8221; button_one_letter_spacing__hover_enabled=&#8221;off&#8221; button_two_letter_spacing__hover_enabled=&#8221;off&#8221; button_one_bg_color__hover_enabled=&#8221;off&#8221; button_two_bg_color__hover_enabled=&#8221;off&#8221; sticky_enabled=&#8221;0&#8243;][\/et_pb_fullwidth_header][\/et_pb_section][et_pb_section fb_built=&#8221;1&#8243; custom_padding_last_edited=&#8221;on|desktop&#8221; _builder_version=&#8221;3.22&#8243; background_color=&#8221;#ee7f01&#8243; custom_padding_tablet=&#8221;50px|0|50px|0&#8243; custom_padding_phone=&#8221;&#8221; padding_mobile=&#8221;off&#8221;][et_pb_row column_structure=&#8221;2_3,1_3&#8243; padding_mobile=&#8221;off&#8221; column_padding_mobile=&#8221;on&#8221; custom_padding_last_edited=&#8221;off|desktop&#8221; _builder_version=&#8221;3.25&#8243; background_size=&#8221;initial&#8221; background_position=&#8221;top_left&#8221; background_repeat=&#8221;repeat&#8221;][et_pb_column type=&#8221;2_3&#8243; _builder_version=&#8221;3.25&#8243; custom_padding=&#8221;|||&#8221; custom_padding__hover=&#8221;|||&#8221;][et_pb_text _builder_version=&#8221;3.27.4&#8243; text_font_size=&#8221;20&#8243; background_size=&#8221;initial&#8221; background_position=&#8221;top_left&#8221; background_repeat=&#8221;repeat&#8221; background_layout=&#8221;dark&#8221; module_alignment=&#8221;left&#8221; custom_padding=&#8221;6px|||&#8221; border_style=&#8221;solid&#8221;]<strong>Suchen Sie einen erfahrenen Berater f\u00fcr die Verwaltung Ihrer SQL Server Datenbank?<\/strong>\r[\/et_pb_text][\/et_pb_column][et_pb_column type=&#8221;1_3&#8243; _builder_version=&#8221;3.25&#8243; custom_padding=&#8221;|||&#8221; custom_padding__hover=&#8221;|||&#8221;][et_pb_button button_url=&#8221;https:\/\/www.dbaspecialists.com\/de\/kontaktanfrage\/&#8221; button_text=&#8221;Informationen anfordern&#8221; button_alignment=&#8221;right&#8221; _builder_version=&#8221;4.2.1&#8243; custom_button=&#8221;on&#8221; button_bg_color=&#8221;#004494&#8243; button_border_color=&#8221;#004494&#8243; button_icon=&#8221;%%20%%&#8221; button_icon_color=&#8221;#e63517&#8243; button_icon_placement=&#8221;left&#8221; button_on_hover=&#8221;off&#8221; button_text_color_hover=&#8221;#004494&#8243; button_border_color_hover=&#8221;#ffffff&#8221; button_bg_color_hover=&#8221;#ee7f01&#8243; button_text_size__hover_enabled=&#8221;off&#8221; button_one_text_size__hover_enabled=&#8221;off&#8221; button_two_text_size__hover_enabled=&#8221;off&#8221; button_text_color__hover_enabled=&#8221;on&#8221; button_text_color__hover=&#8221;#004494&#8243; button_one_text_color__hover_enabled=&#8221;off&#8221; button_two_text_color__hover_enabled=&#8221;off&#8221; button_border_width__hover_enabled=&#8221;off&#8221; button_one_border_width__hover_enabled=&#8221;off&#8221; button_two_border_width__hover_enabled=&#8221;off&#8221; button_border_color__hover_enabled=&#8221;on&#8221; button_border_color__hover=&#8221;#ffffff&#8221; button_one_border_color__hover_enabled=&#8221;off&#8221; button_two_border_color__hover_enabled=&#8221;off&#8221; button_border_radius__hover_enabled=&#8221;off&#8221; button_one_border_radius__hover_enabled=&#8221;off&#8221; button_two_border_radius__hover_enabled=&#8221;off&#8221; button_letter_spacing__hover_enabled=&#8221;off&#8221; button_one_letter_spacing__hover_enabled=&#8221;off&#8221; button_two_letter_spacing__hover_enabled=&#8221;off&#8221; button_bg_color__hover_enabled=&#8221;on&#8221; button_bg_color__hover=&#8221;#ee7f01&#8243; button_one_bg_color__hover_enabled=&#8221;off&#8221; button_two_bg_color__hover_enabled=&#8221;off&#8221;][\/et_pb_button][\/et_pb_column][\/et_pb_row][\/et_pb_section][et_pb_section fb_built=&#8221;1&#8243; custom_padding_last_edited=&#8221;on|desktop&#8221; _builder_version=&#8221;3.22&#8243; custom_padding=&#8221;40px||40px|&#8221; custom_padding_tablet=&#8221;50px|0|50px|0&#8243; custom_padding_phone=&#8221;&#8221; transparent_background=&#8221;off&#8221; padding_mobile=&#8221;off&#8221; make_fullwidth=&#8221;off&#8221; use_custom_width=&#8221;off&#8221; width_unit=&#8221;on&#8221;][et_pb_row column_structure=&#8221;1_2,1_2&#8243; _builder_version=&#8221;3.25&#8243; background_size=&#8221;initial&#8221; background_position=&#8221;top_left&#8221; background_repeat=&#8221;repeat&#8221;][et_pb_column type=&#8221;1_2&#8243; _builder_version=&#8221;3.25&#8243; custom_padding=&#8221;|||&#8221; custom_padding__hover=&#8221;|||&#8221;][et_pb_text _builder_version=&#8221;4.2.1&#8243; background_size=&#8221;initial&#8221; background_position=&#8221;top_left&#8221; background_repeat=&#8221;repeat&#8221; module_alignment=&#8221;left&#8221; border_style=&#8221;solid&#8221;]<h2>Profis f\u00fcr Ihr Database Management<\/h2>\n<p>Wir sind der ideale Partner f\u00fcr alle Verwaltungsanforderungen f\u00fcr Ihre SQL Server Datenbank: <strong>ein Vollzeit-Team, das sich ganz auf die optimale Erhaltung von Leistung, Stabilit\u00e4t und Sicherheit konzentriert.<\/strong> Nutzen Sie unsere Erfahrung aus \u00fcber 18 Jahren Arbeit.<\/p>\n<p>Wir sind uns bewusst, dass jeder Kunde ganz besondere Anforderungen hat, deshalb wird unser DBA-Service mit verschiedenen L\u00f6sungen angeboten: Wir entsprechen Ihrem Bedarf und liefern Ihnen die Support- und Serviceformeln, die f\u00fcr Ihr Business am n\u00fctzlichsten sind.<br \/> Wir bieten hohe Verf\u00fcgbarkeit und verschiedene Bereitschaftspl\u00e4ne (8\u00d75, 16\u00d75, 24\u00d77) mit unserem zertifizierten SQL Server Team, das seine Fachkompetenzen konstant weiterbildet.<br \/> Wir k\u00f6nnen gr\u00fcndliche Analysen Ihrer Datenbank erstellen, um Verbesserungsoptionen auszuwerten, und \u00fcbernehmen die Verwaltung, \u00dcberwachung und Administration, damit es dauerhaft stabiler bleibt.<\/p>\n<p><strong>Vertrauen Sie unserer langj\u00e4hrigen Erfahrung, um den Wert Ihrer SQL Server Datenbank zu optimieren und zu steigern.<\/strong><\/p>[\/et_pb_text][\/et_pb_column][et_pb_column type=&#8221;1_2&#8243; _builder_version=&#8221;3.25&#8243; custom_padding=&#8221;|||&#8221; custom_padding__hover=&#8221;|||&#8221;][et_pb_text _builder_version=&#8221;3.27.4&#8243; text_orientation=&#8221;center&#8221; module_alignment=&#8221;center&#8221;]<h2>Zertifizierte Fachkr\u00e4fte f\u00fcr <strong>Microsoft Sql Server<\/strong><\/h2>\r[\/et_pb_text][et_pb_image src=&#8221;https:\/\/www.dbaspecialists.com\/wp-content\/uploads\/2017\/07\/logoMicrosoftDBCertified_s.png&#8221; alt=&#8221;DBA Sql Server&#8221; align=&#8221;center&#8221; align_tablet=&#8221;center&#8221; align_phone=&#8221;&#8221; align_last_edited=&#8221;on|desktop&#8221; _builder_version=&#8221;3.23&#8243; border_style=&#8221;solid&#8221; animation=&#8221;off&#8221; sticky=&#8221;off&#8221; always_center_on_mobile=&#8221;on&#8221;][\/et_pb_image][et_pb_divider color=&#8221;#ee7f01&#8243; divider_weight=&#8221;5&#8243; disabled_on=&#8221;on|on|off&#8221; _builder_version=&#8221;3.2&#8243; hide_on_mobile=&#8221;on&#8221;][\/et_pb_divider][\/et_pb_column][\/et_pb_row][\/et_pb_section][et_pb_section fb_built=&#8221;1&#8243; _builder_version=&#8221;3.22&#8243; background_color=&#8221;#f2f2f2&#8243; custom_padding=&#8221;50px||50px|&#8221;][et_pb_row column_structure=&#8221;1_2,1_4,1_4&#8243; _builder_version=&#8221;3.25&#8243; background_color=&#8221;#f0f0f0&#8243; background_size=&#8221;initial&#8221; background_position=&#8221;top_left&#8221; background_repeat=&#8221;repeat&#8221; custom_padding=&#8221;25px|25px|25px|25px&#8221;][et_pb_column type=&#8221;1_2&#8243; _builder_version=&#8221;3.25&#8243; background_position=&#8221;top_left&#8221; custom_padding=&#8221;|||&#8221; custom_padding__hover=&#8221;|||&#8221;][et_pb_text _builder_version=&#8221;4.2.1&#8243; module_alignment=&#8221;left&#8221; border_style=&#8221;solid&#8221;]<h2 style=\"text-align: center;\">Unsere Service f\u00fcr SQL Server Datenbank<\/h2>[\/et_pb_text][et_pb_blurb title=&#8221;WIR ARBEITEN IN GANZ DEUTSCHLAND&#8221; image=&#8221;https:\/\/www.dbaspecialists.com\/wp-content\/uploads\/2020\/07\/Germany.png&#8221; disabled_on=&#8221;off|off|&#8221; _builder_version=&#8221;4.6.1&#8243; text_orientation=&#8221;center&#8221; border_style=&#8221;solid&#8221;][\/et_pb_blurb][\/et_pb_column][et_pb_column type=&#8221;1_4&#8243; _builder_version=&#8221;3.25&#8243; background_position=&#8221;top_left&#8221; custom_padding=&#8221;|||&#8221; custom_padding__hover=&#8221;|||&#8221;][et_pb_text _builder_version=&#8221;3.27.4&#8243; module_alignment=&#8221;left&#8221; border_style=&#8221;solid&#8221;]<h4><span style=\"color: #e27500;\">VERWALTUNGSDIENSTE MIT GEB\u00dcHR\u00a0<\/span><\/h4>\r[\/et_pb_text][et_pb_blurb url=&#8221;\/?page_id=425&#8243; url_new_window=&#8221;on&#8221; use_icon=&#8221;on&#8221; font_icon=&#8221;%%227%%&#8221; icon_placement=&#8221;left&#8221; _builder_version=&#8221;3.0.87&#8243; body_text_align=&#8221;left&#8221; text_orientation=&#8221;center&#8221; animation=&#8221;off&#8221; border_color=&#8221;#e0e0e0&#8243; border_style=&#8221;solid&#8221;]<a href=\"https:\/\/www.dbaspecialists.com\/de\/reaktiver-service\/\" target=\"_blank\" rel=\"noopener noreferrer\"><strong>Reaktiver Service<\/strong><\/a>\r[\/et_pb_blurb][et_pb_blurb url=&#8221;https:\/\/www.dbaspecialists.com\/de\/ordentliche-datenbankverwaltung\/&#8221; url_new_window=&#8221;on&#8221; use_icon=&#8221;on&#8221; font_icon=&#8221;%%173%%&#8221; icon_placement=&#8221;left&#8221; _builder_version=&#8221;3.0.87&#8243; body_text_align=&#8221;left&#8221; text_orientation=&#8221;center&#8221; animation=&#8221;off&#8221; border_color_all=&#8221;#e0e0e0&#8243; border_style_all=&#8221;solid&#8221; border_color=&#8221;#e0e0e0&#8243; border_style=&#8221;solid&#8221;]<a href=\"https:\/\/www.dbaspecialists.com\/de\/ordentliche-datenbankverwaltung\/\" target=\"_blank\" rel=\"noopener noreferrer\"><strong>Ordentliche Verwaltung<\/strong><\/a>\r[\/et_pb_blurb][et_pb_blurb url=&#8221;\/?page_id=436&#8243; url_new_window=&#8221;on&#8221; use_icon=&#8221;on&#8221; font_icon=&#8221;%%176%%&#8221; icon_placement=&#8221;left&#8221; _builder_version=&#8221;3.0.87&#8243; body_text_align=&#8221;left&#8221; text_orientation=&#8221;center&#8221; animation=&#8221;off&#8221; border_color=&#8221;#e0e0e0&#8243; border_style=&#8221;solid&#8221;]<a href=\"https:\/\/www.dbaspecialists.com\/de\/proaktiver-service\/\" target=\"_blank\" rel=\"noopener noreferrer\"><strong>Proaktiver Service<\/strong><\/a>\r[\/et_pb_blurb][\/et_pb_column][et_pb_column type=&#8221;1_4&#8243; _builder_version=&#8221;3.25&#8243; background_position=&#8221;top_left&#8221; custom_padding=&#8221;|||&#8221; custom_padding__hover=&#8221;|||&#8221;][et_pb_text _builder_version=&#8221;3.27.4&#8243; module_alignment=&#8221;left&#8221; border_style=&#8221;solid&#8221;]<h4><span style=\"color: #e27500;\">PROJEKTE UND REMOTE BERATUNG<\/span><\/h4>\r[\/et_pb_text][et_pb_blurb url=&#8221;https:\/\/www.dbaspecialists.com\/de\/professional-consulting\/&#8221; url_new_window=&#8221;on&#8221; use_icon=&#8221;on&#8221; font_icon=&#8221;%%275%%&#8221; icon_placement=&#8221;left&#8221; _builder_version=&#8221;3.0.87&#8243; body_text_align=&#8221;left&#8221; text_orientation=&#8221;center&#8221; animation=&#8221;off&#8221; border_color=&#8221;#e0e0e0&#8243; border_style=&#8221;solid&#8221;]<a href=\"https:\/\/www.dbaspecialists.com\/de\/professional-consulting\/\" target=\"_blank\" rel=\"noopener noreferrer\"><strong>Professionelle Beratung<\/strong><\/a>\r[\/et_pb_blurb][et_pb_blurb url=&#8221;\/?page_id=442&#8243; url_new_window=&#8221;on&#8221; use_icon=&#8221;on&#8221; font_icon=&#8221;%%228%%&#8221; icon_placement=&#8221;left&#8221; _builder_version=&#8221;3.0.87&#8243; body_text_align=&#8221;left&#8221; text_orientation=&#8221;center&#8221; animation=&#8221;off&#8221; border_color=&#8221;#e0e0e0&#8243; border_style=&#8221;solid&#8221;]<a href=\"https:\/\/www.dbaspecialists.com\/de\/sicherheitspruefung-und-analyse\/\" target=\"_blank\" rel=\"noopener noreferrer\"><strong>Sicherheitspr\u00fcfung und -analysen<\/strong><\/a>\r[\/et_pb_blurb][et_pb_blurb url=&#8221;\/?page_id=444&#8243; url_new_window=&#8221;on&#8221; use_icon=&#8221;on&#8221; font_icon=&#8221;%%283%%&#8221; icon_placement=&#8221;left&#8221; _builder_version=&#8221;3.0.87&#8243; body_text_align=&#8221;left&#8221; text_orientation=&#8221;center&#8221; animation=&#8221;off&#8221; border_color=&#8221;#e0e0e0&#8243; border_style=&#8221;solid&#8221;]<a href=\"https:\/\/www.dbaspecialists.com\/de\/performance-und-optimierung\/\" target=\"_blank\" rel=\"noopener noreferrer\"><strong>Performance und Optimierung<\/strong><\/a>\r[\/et_pb_blurb][\/et_pb_column][\/et_pb_row][\/et_pb_section][et_pb_section fb_built=&#8221;1&#8243; _builder_version=&#8221;3.22&#8243;][et_pb_row _builder_version=&#8221;3.25&#8243; background_size=&#8221;initial&#8221; background_position=&#8221;top_left&#8221; background_repeat=&#8221;repeat&#8221;][et_pb_column type=&#8221;4_4&#8243; _builder_version=&#8221;3.25&#8243; custom_padding=&#8221;|||&#8221; custom_padding__hover=&#8221;|||&#8221;][et_pb_text _builder_version=&#8221;3.27.4&#8243; module_alignment=&#8221;left&#8221;]<h2 style=\"text-align: center;\">Unsere Erfahrung f\u00fcr Ihre <strong>SQL Server Datenbank<\/strong><\/h2>\r[\/et_pb_text][\/et_pb_column][\/et_pb_row][et_pb_row column_structure=&#8221;1_2,1_2&#8243; _builder_version=&#8221;3.25&#8243; background_size=&#8221;initial&#8221; background_position=&#8221;top_left&#8221; background_repeat=&#8221;repeat&#8221;][et_pb_column type=&#8221;1_2&#8243; _builder_version=&#8221;3.25&#8243; custom_padding=&#8221;|||&#8221; custom_padding__hover=&#8221;|||&#8221;][et_pb_blurb title=&#8221;Kostenoptimierung&#8221; use_icon=&#8221;on&#8221; font_icon=&#8221;%%283%%&#8221; _builder_version=&#8221;4.2.1&#8243; max_width_tablet=&#8221;50px&#8221;]Unser remoter Support-Service erm\u00f6glicht es, die Kosten zu verringern, und f\u00f6rdert eine schnelle, effiziente Verwaltung von umfangreichen Arbeitsbelastungen.[\/et_pb_blurb][\/et_pb_column][et_pb_column type=&#8221;1_2&#8243; _builder_version=&#8221;3.25&#8243; custom_padding=&#8221;|||&#8221; custom_padding__hover=&#8221;|||&#8221;][et_pb_blurb title=&#8221;Verschiedene Servicepl\u00e4ne&#8221; use_icon=&#8221;on&#8221; font_icon=&#8221;%%260%%&#8221; _builder_version=&#8221;4.2.1&#8243; max_width_tablet=&#8221;50px&#8221;]Unser Team kann passende Servicepl\u00e4ne f\u00fcr den spezifischen Verwaltungsbedarf anbieten, die alle erforderlichen Voraussetzungen erf\u00fcllen.[\/et_pb_blurb][\/et_pb_column][\/et_pb_row][et_pb_row column_structure=&#8221;1_2,1_2&#8243; _builder_version=&#8221;3.25&#8243; background_size=&#8221;initial&#8221; background_position=&#8221;top_left&#8221; background_repeat=&#8221;repeat&#8221;][et_pb_column type=&#8221;1_2&#8243; _builder_version=&#8221;3.25&#8243; custom_padding=&#8221;|||&#8221; custom_padding__hover=&#8221;|||&#8221;][et_pb_blurb title=&#8221;Ein erfahrenes DBA-Team&#8221; use_icon=&#8221;on&#8221; font_icon=&#8221;%%275%%&#8221; _builder_version=&#8221;4.2.1&#8243; max_width_tablet=&#8221;50px&#8221;]Unser Team stellt die St\u00e4rke des kollektiven Wissens \u00fcber SQL Server in Ihren Dienst: Dank der Teamarbeit und der engen Zusammenarbeit entwickelt sich unser Know-how stetig weiter.[\/et_pb_blurb][\/et_pb_column][et_pb_column type=&#8221;1_2&#8243; _builder_version=&#8221;3.25&#8243; custom_padding=&#8221;|||&#8221; custom_padding__hover=&#8221;|||&#8221;][et_pb_blurb title=&#8221;\u00dcber 18 Erfahrung&#8221; use_icon=&#8221;on&#8221; font_icon=&#8221;%%277%%&#8221; _builder_version=&#8221;4.2.1&#8243; max_width_tablet=&#8221;50px&#8221; border_style=&#8221;solid&#8221;]Von der Systemadministration und -verwaltung bis zum kontinuierlichen Support und dem Monitoring 24\/7 sind unsere DBAs der digitale Partner Ihres Vertrauens, mit denen Sie Vorg\u00e4nge optimieren und bedeutende Wettbewerbsvorteile erreichen k\u00f6nnen.[\/et_pb_blurb][\/et_pb_column][\/et_pb_row][\/et_pb_section]\n","protected":false},"excerpt":{"rendered":"<p>Suchen Sie einen erfahrenen Berater f\u00fcr die Verwaltung Ihrer SQL Server Datenbank? Profis f\u00fcr Ihr Database Management Wir sind der ideale Partner f\u00fcr alle Verwaltungsanforderungen f\u00fcr Ihre SQL Server Datenbank: ein Vollzeit-Team, das sich ganz auf die optimale Erhaltung von Leistung, Stabilit\u00e4t und Sicherheit konzentriert. Nutzen Sie unsere Erfahrung aus \u00fcber 18 Jahren Arbeit. Wir [&hellip;]<\/p>\n","protected":false},"author":1,"featured_media":0,"parent":0,"menu_order":0,"comment_status":"closed","ping_status":"closed","template":"","meta":{"_et_pb_use_builder":"on","_et_pb_old_content":"","_et_gb_content_width":"","footnotes":""},"class_list":["post-1947","page","type-page","status-publish","hentry"],"yoast_head":"<!-- This site is optimized with the Yoast SEO plugin v27.4 - https:\/\/yoast.com\/product\/yoast-seo-wordpress\/ -->\n<title>Dba SQL Server consultant: Datenbank-Administration, Verwaltung und Beratung<\/title>\n<meta name=\"description\" content=\"Mit 18 Jahren Erfahrung bieten wir ein breites Angebot an L\u00f6sungen und Support f\u00fcr Firmendatenbanken. Zertifizierte SQL Server-Experten. Bereitschaft 24x7x365.\" \/>\n<meta name=\"robots\" content=\"index, follow, max-snippet:-1, max-image-preview:large, max-video-preview:-1\" \/>\n<link rel=\"canonical\" href=\"https:\/\/www.dbaspecialists.com\/de\/sql-server\/\" \/>\n<meta property=\"og:locale\" content=\"de_DE\" \/>\n<meta property=\"og:type\" content=\"article\" \/>\n<meta property=\"og:title\" content=\"Dba SQL Server consultant: Datenbank-Administration, Verwaltung und Beratung\" \/>\n<meta property=\"og:description\" content=\"Mit 18 Jahren Erfahrung bieten wir ein breites Angebot an L\u00f6sungen und Support f\u00fcr Firmendatenbanken. Zertifizierte SQL Server-Experten. Bereitschaft 24x7x365.\" \/>\n<meta property=\"og:url\" content=\"https:\/\/www.dbaspecialists.com\/de\/sql-server\/\" \/>\n<meta property=\"og:site_name\" content=\"DBA Remote Services\" \/>\n<meta property=\"article:publisher\" content=\"https:\/\/www.facebook.com\/BetacomSrl\" \/>\n<meta property=\"article:modified_time\" content=\"2020-12-21T22:32:52+00:00\" \/>\n<meta name=\"twitter:card\" content=\"summary_large_image\" \/>\n<meta name=\"twitter:label1\" content=\"Gesch\u00e4tzte Lesezeit\" \/>\n\t<meta name=\"twitter:data1\" content=\"9\u00a0Minuten\" \/>\n<script type=\"application\/ld+json\" class=\"yoast-schema-graph\">{\"@context\":\"https:\\\/\\\/schema.org\",\"@graph\":[{\"@type\":\"WebPage\",\"@id\":\"https:\\\/\\\/www.dbaspecialists.com\\\/de\\\/sql-server\\\/\",\"url\":\"https:\\\/\\\/www.dbaspecialists.com\\\/de\\\/sql-server\\\/\",\"name\":\"Dba SQL Server consultant: Datenbank-Administration, Verwaltung und Beratung\",\"isPartOf\":{\"@id\":\"https:\\\/\\\/www.dbaspecialists.com\\\/#website\"},\"datePublished\":\"2020-09-10T15:11:33+00:00\",\"dateModified\":\"2020-12-21T22:32:52+00:00\",\"description\":\"Mit 18 Jahren Erfahrung bieten wir ein breites Angebot an L\u00f6sungen und Support f\u00fcr Firmendatenbanken. Zertifizierte SQL Server-Experten. Bereitschaft 24x7x365.\",\"breadcrumb\":{\"@id\":\"https:\\\/\\\/www.dbaspecialists.com\\\/de\\\/sql-server\\\/#breadcrumb\"},\"inLanguage\":\"de\",\"potentialAction\":[{\"@type\":\"ReadAction\",\"target\":[\"https:\\\/\\\/www.dbaspecialists.com\\\/de\\\/sql-server\\\/\"]}]},{\"@type\":\"BreadcrumbList\",\"@id\":\"https:\\\/\\\/www.dbaspecialists.com\\\/de\\\/sql-server\\\/#breadcrumb\",\"itemListElement\":[{\"@type\":\"ListItem\",\"position\":1,\"name\":\"Home\",\"item\":\"https:\\\/\\\/www.dbaspecialists.com\\\/de\\\/\"},{\"@type\":\"ListItem\",\"position\":2,\"name\":\"Sql Server\"}]},{\"@type\":\"WebSite\",\"@id\":\"https:\\\/\\\/www.dbaspecialists.com\\\/#website\",\"url\":\"https:\\\/\\\/www.dbaspecialists.com\\\/\",\"name\":\"DBA Remote Services - Betacom\",\"description\":\"Servizi DBA 24\\\/7\",\"publisher\":{\"@id\":\"https:\\\/\\\/www.dbaspecialists.com\\\/#organization\"},\"potentialAction\":[{\"@type\":\"SearchAction\",\"target\":{\"@type\":\"EntryPoint\",\"urlTemplate\":\"https:\\\/\\\/www.dbaspecialists.com\\\/?s={search_term_string}\"},\"query-input\":{\"@type\":\"PropertyValueSpecification\",\"valueRequired\":true,\"valueName\":\"search_term_string\"}}],\"inLanguage\":\"de\"},{\"@type\":\"Organization\",\"@id\":\"https:\\\/\\\/www.dbaspecialists.com\\\/#organization\",\"name\":\"Betacom\",\"url\":\"https:\\\/\\\/www.dbaspecialists.com\\\/\",\"logo\":{\"@type\":\"ImageObject\",\"inLanguage\":\"de\",\"@id\":\"https:\\\/\\\/www.dbaspecialists.com\\\/#\\\/schema\\\/logo\\\/image\\\/\",\"url\":\"https:\\\/\\\/www.dbaspecialists.com\\\/wp-content\\\/uploads\\\/2016\\\/04\\\/DBA-logo_s.png\",\"contentUrl\":\"https:\\\/\\\/www.dbaspecialists.com\\\/wp-content\\\/uploads\\\/2016\\\/04\\\/DBA-logo_s.png\",\"width\":250,\"height\":78,\"caption\":\"Betacom\"},\"image\":{\"@id\":\"https:\\\/\\\/www.dbaspecialists.com\\\/#\\\/schema\\\/logo\\\/image\\\/\"},\"sameAs\":[\"https:\\\/\\\/www.facebook.com\\\/BetacomSrl\",\"https:\\\/\\\/www.instagram.com\\\/betacom_it\\\/\"]}]}<\/script>\n<!-- \/ Yoast SEO plugin. -->","yoast_head_json":{"title":"Dba SQL Server consultant: Datenbank-Administration, Verwaltung und Beratung","description":"Mit 18 Jahren Erfahrung bieten wir ein breites Angebot an L\u00f6sungen und Support f\u00fcr Firmendatenbanken. Zertifizierte SQL Server-Experten. Bereitschaft 24x7x365.","robots":{"index":"index","follow":"follow","max-snippet":"max-snippet:-1","max-image-preview":"max-image-preview:large","max-video-preview":"max-video-preview:-1"},"canonical":"https:\/\/www.dbaspecialists.com\/de\/sql-server\/","og_locale":"de_DE","og_type":"article","og_title":"Dba SQL Server consultant: Datenbank-Administration, Verwaltung und Beratung","og_description":"Mit 18 Jahren Erfahrung bieten wir ein breites Angebot an L\u00f6sungen und Support f\u00fcr Firmendatenbanken. Zertifizierte SQL Server-Experten. Bereitschaft 24x7x365.","og_url":"https:\/\/www.dbaspecialists.com\/de\/sql-server\/","og_site_name":"DBA Remote Services","article_publisher":"https:\/\/www.facebook.com\/BetacomSrl","article_modified_time":"2020-12-21T22:32:52+00:00","twitter_card":"summary_large_image","twitter_misc":{"Gesch\u00e4tzte Lesezeit":"9\u00a0Minuten"},"schema":{"@context":"https:\/\/schema.org","@graph":[{"@type":"WebPage","@id":"https:\/\/www.dbaspecialists.com\/de\/sql-server\/","url":"https:\/\/www.dbaspecialists.com\/de\/sql-server\/","name":"Dba SQL Server consultant: Datenbank-Administration, Verwaltung und Beratung","isPartOf":{"@id":"https:\/\/www.dbaspecialists.com\/#website"},"datePublished":"2020-09-10T15:11:33+00:00","dateModified":"2020-12-21T22:32:52+00:00","description":"Mit 18 Jahren Erfahrung bieten wir ein breites Angebot an L\u00f6sungen und Support f\u00fcr Firmendatenbanken. Zertifizierte SQL Server-Experten. Bereitschaft 24x7x365.","breadcrumb":{"@id":"https:\/\/www.dbaspecialists.com\/de\/sql-server\/#breadcrumb"},"inLanguage":"de","potentialAction":[{"@type":"ReadAction","target":["https:\/\/www.dbaspecialists.com\/de\/sql-server\/"]}]},{"@type":"BreadcrumbList","@id":"https:\/\/www.dbaspecialists.com\/de\/sql-server\/#breadcrumb","itemListElement":[{"@type":"ListItem","position":1,"name":"Home","item":"https:\/\/www.dbaspecialists.com\/de\/"},{"@type":"ListItem","position":2,"name":"Sql Server"}]},{"@type":"WebSite","@id":"https:\/\/www.dbaspecialists.com\/#website","url":"https:\/\/www.dbaspecialists.com\/","name":"DBA Remote Services - Betacom","description":"Servizi DBA 24\/7","publisher":{"@id":"https:\/\/www.dbaspecialists.com\/#organization"},"potentialAction":[{"@type":"SearchAction","target":{"@type":"EntryPoint","urlTemplate":"https:\/\/www.dbaspecialists.com\/?s={search_term_string}"},"query-input":{"@type":"PropertyValueSpecification","valueRequired":true,"valueName":"search_term_string"}}],"inLanguage":"de"},{"@type":"Organization","@id":"https:\/\/www.dbaspecialists.com\/#organization","name":"Betacom","url":"https:\/\/www.dbaspecialists.com\/","logo":{"@type":"ImageObject","inLanguage":"de","@id":"https:\/\/www.dbaspecialists.com\/#\/schema\/logo\/image\/","url":"https:\/\/www.dbaspecialists.com\/wp-content\/uploads\/2016\/04\/DBA-logo_s.png","contentUrl":"https:\/\/www.dbaspecialists.com\/wp-content\/uploads\/2016\/04\/DBA-logo_s.png","width":250,"height":78,"caption":"Betacom"},"image":{"@id":"https:\/\/www.dbaspecialists.com\/#\/schema\/logo\/image\/"},"sameAs":["https:\/\/www.facebook.com\/BetacomSrl","https:\/\/www.instagram.com\/betacom_it\/"]}]}},"_links":{"self":[{"href":"https:\/\/www.dbaspecialists.com\/de\/wp-json\/wp\/v2\/pages\/1947","targetHints":{"allow":["GET"]}}],"collection":[{"href":"https:\/\/www.dbaspecialists.com\/de\/wp-json\/wp\/v2\/pages"}],"about":[{"href":"https:\/\/www.dbaspecialists.com\/de\/wp-json\/wp\/v2\/types\/page"}],"author":[{"embeddable":true,"href":"https:\/\/www.dbaspecialists.com\/de\/wp-json\/wp\/v2\/users\/1"}],"replies":[{"embeddable":true,"href":"https:\/\/www.dbaspecialists.com\/de\/wp-json\/wp\/v2\/comments?post=1947"}],"version-history":[{"count":10,"href":"https:\/\/www.dbaspecialists.com\/de\/wp-json\/wp\/v2\/pages\/1947\/revisions"}],"predecessor-version":[{"id":2278,"href":"https:\/\/www.dbaspecialists.com\/de\/wp-json\/wp\/v2\/pages\/1947\/revisions\/2278"}],"wp:attachment":[{"href":"https:\/\/www.dbaspecialists.com\/de\/wp-json\/wp\/v2\/media?parent=1947"}],"curies":[{"name":"wp","href":"https:\/\/api.w.org\/{rel}","templated":true}]}}