{"id":2377,"date":"2021-02-11T15:38:09","date_gmt":"2021-02-11T14:38:09","guid":{"rendered":"https:\/\/www.dbaspecialists.com\/sicherheitspruefung-und-analyse\/"},"modified":"2021-02-11T18:31:59","modified_gmt":"2021-02-11T17:31:59","slug":"sicherheitspruefung-und-analyse","status":"publish","type":"page","link":"https:\/\/www.dbaspecialists.com\/at\/sicherheitspruefung-und-analyse\/","title":{"rendered":"Sicherheitspr\u00fcfung und -analyse"},"content":{"rendered":"<p>[et_pb_section fb_built=&#8221;1&#8243; fullwidth=&#8221;on&#8221; custom_padding_last_edited=&#8221;on|desktop&#8221; disabled_on=&#8221;off|off|&#8221; _builder_version=&#8221;3.22&#8243; background_color=&#8221;#ffffff&#8221; custom_padding_tablet=&#8221;50px|0|50px|0&#8243; custom_padding_phone=&#8221;&#8221; padding_mobile=&#8221;off&#8221;][et_pb_fullwidth_header title=&#8221;Pr\u00fcfung und Analyse der Datenbanksicherheit&#8221; text_orientation=&#8221;center&#8221; background_overlay_color=&#8221;rgba(255,255,255,0.5)&#8221; _builder_version=&#8221;4.6.1&#8243; title_font_size=&#8221;46px&#8221; background_color=&#8221;rgba(255, 255, 255, 0)&#8221; background_image=&#8221;https:\/\/www.dbaspecialists.com\/wp-content\/uploads\/2016\/04\/header_serviziremoto.jpg&#8221; background_layout=&#8221;light&#8221; max_width_tablet=&#8221;50px&#8221; title_font_size_tablet=&#8221;36px&#8221; title_font_size_phone=&#8221;&#8221; title_font_size_last_edited=&#8221;on|desktop&#8221; background_url=&#8221;https:\/\/www.dbaspecialists.com\/wp-content\/uploads\/2016\/04\/header_serviziremoto.jpg&#8221; button_one_text_size__hover_enabled=&#8221;off&#8221; button_two_text_size__hover_enabled=&#8221;off&#8221; button_one_text_color__hover_enabled=&#8221;off&#8221; button_two_text_color__hover_enabled=&#8221;off&#8221; button_one_border_width__hover_enabled=&#8221;off&#8221; button_two_border_width__hover_enabled=&#8221;off&#8221; button_one_border_color__hover_enabled=&#8221;off&#8221; button_two_border_color__hover_enabled=&#8221;off&#8221; button_one_border_radius__hover_enabled=&#8221;off&#8221; button_two_border_radius__hover_enabled=&#8221;off&#8221; button_one_letter_spacing__hover_enabled=&#8221;off&#8221; button_two_letter_spacing__hover_enabled=&#8221;off&#8221; button_one_bg_color__hover_enabled=&#8221;off&#8221; button_two_bg_color__hover_enabled=&#8221;off&#8221;][\/et_pb_fullwidth_header][\/et_pb_section][et_pb_section fb_built=&#8221;1&#8243; custom_padding_last_edited=&#8221;on|desktop&#8221; disabled_on=&#8221;on|on|&#8221; _builder_version=&#8221;3.22&#8243; background_color=&#8221;#ee7f01&#8243; custom_padding_tablet=&#8221;50px|0|50px|0&#8243; custom_padding_phone=&#8221;&#8221; padding_mobile=&#8221;off&#8221;][et_pb_row column_structure=&#8221;2_3,1_3&#8243; padding_mobile=&#8221;off&#8221; column_padding_mobile=&#8221;on&#8221; custom_padding_last_edited=&#8221;off|desktop&#8221; _builder_version=&#8221;3.25&#8243; background_size=&#8221;initial&#8221; background_position=&#8221;top_left&#8221; background_repeat=&#8221;repeat&#8221;][et_pb_column type=&#8221;2_3&#8243; _builder_version=&#8221;3.25&#8243; custom_padding=&#8221;|||&#8221; custom_padding__hover=&#8221;|||&#8221;][\/et_pb_column][et_pb_column type=&#8221;1_3&#8243; _builder_version=&#8221;3.25&#8243; custom_padding=&#8221;|||&#8221; custom_padding__hover=&#8221;|||&#8221;][\/et_pb_column][\/et_pb_row][\/et_pb_section][et_pb_section fb_built=&#8221;1&#8243; custom_padding_last_edited=&#8221;on|desktop&#8221; _builder_version=&#8221;3.22&#8243; custom_padding=&#8221;40px||40px|&#8221; custom_padding_tablet=&#8221;50px|0|50px|0&#8243; custom_padding_phone=&#8221;&#8221; padding_mobile=&#8221;off&#8221;][et_pb_row column_structure=&#8221;2_3,1_3&#8243; _builder_version=&#8221;3.25&#8243; background_size=&#8221;initial&#8221; background_position=&#8221;top_left&#8221; background_repeat=&#8221;repeat&#8221;][et_pb_column type=&#8221;2_3&#8243; _builder_version=&#8221;3.25&#8243; custom_padding=&#8221;|||&#8221; custom_padding__hover=&#8221;|||&#8221;][et_pb_text _builder_version=&#8221;4.6.1&#8243; background_size=&#8221;initial&#8221; background_position=&#8221;top_left&#8221; background_repeat=&#8221;repeat&#8221;]<\/p>\n<p>Bei diesen Beratungst\u00e4tigkeiten schlagen wir Projekte f\u00fcr die Beurteilung des Gesundheitszustands der Kundendatenbanken vor. Daf\u00fcr wird eine Revision der Infrastrukturen durchgef\u00fchrt, um die Leistungen, die Zuverl\u00e4ssigkeit und Vulnerabilit\u00e4t der Systeme festzustellen. Die Ergebnisse der Analyse werden in einem ausf\u00fchrlichen Bericht festgehalten, um die T\u00e4tigkeit mit einer formellen Besprechung der Ergebnisse mit dem Kunden abzuschlie\u00dfen. Diese Vorg\u00e4nge werden vorwiegend remot \u00fcber eine vor\u00fcbergehende VPN-Verbindung zu den Infrastrukturen des Kunden durchgef\u00fchrt.<\/p>\n<p>Die Revision der Systeme wird nach den erfolgreichen Verfahren in Bezug auf Sicherheit, Performance und Installation der Technologiehersteller und Standards auf den folgenden Plattformen durchgef\u00fchrt:<\/p>\n<ul>\n<li>Microsoft SQL Server<\/li>\n<li>Oracle<\/li>\n<li>MySQL<\/li>\n<li>PostgreSQL<\/li>\n<\/ul>\n<p>Die Kunden wenden sich vertrauensvoll an unsere Firma in dem Bewusstsein, dass regelm\u00e4\u00dfige Pr\u00fcfungen der Sicherheit, Stabilit\u00e4t und Performance ihrer Systeme wesentlich sind, damit Zuverl\u00e4ssigkeit, Stabilit\u00e4t und Leistungen ihrer Produktionsumgebungen garantiert sind.<\/p>\n<p>[\/et_pb_text][\/et_pb_column][et_pb_column type=&#8221;1_3&#8243; _builder_version=&#8221;3.25&#8243; custom_padding=&#8221;|||&#8221; custom_padding__hover=&#8221;|||&#8221;][et_pb_image src=&#8221;https:\/\/www.dbaspecialists.com\/wp-content\/uploads\/2016\/03\/p3.jpg&#8221; alt=&#8221;Verifica sicurezza database&#8221; align=&#8221;center&#8221; align_tablet=&#8221;center&#8221; align_phone=&#8221;&#8221; align_last_edited=&#8221;on|desktop&#8221; _builder_version=&#8221;3.23&#8243; always_center_on_mobile=&#8221;on&#8221;][\/et_pb_image][\/et_pb_column][\/et_pb_row][et_pb_row column_structure=&#8221;1_3,1_3,1_3&#8243; use_custom_gutter=&#8221;on&#8221; gutter_width=&#8221;1&#8243; module_class=&#8221; et_pb_row_fullwidth&#8221; _builder_version=&#8221;3.25&#8243; width=&#8221;100%&#8221; width_tablet=&#8221;100%&#8221; width_phone=&#8221;&#8221; width_last_edited=&#8221;on|desktop&#8221; max_width=&#8221;100%&#8221; max_width_tablet=&#8221;100%&#8221; max_width_phone=&#8221;&#8221; max_width_last_edited=&#8221;on|desktop&#8221; make_fullwidth=&#8221;on&#8221;][et_pb_column type=&#8221;1_3&#8243; _builder_version=&#8221;3.25&#8243; background_position=&#8221;top_left&#8221; custom_padding=&#8221;|||&#8221; custom_padding__hover=&#8221;|||&#8221;][\/et_pb_column][et_pb_column type=&#8221;1_3&#8243; _builder_version=&#8221;3.25&#8243; background_position=&#8221;top_left&#8221; custom_padding=&#8221;|||&#8221; custom_padding__hover=&#8221;|||&#8221;][\/et_pb_column][et_pb_column type=&#8221;1_3&#8243; _builder_version=&#8221;3.25&#8243; background_color=&#8221;#ee7f01&#8243; background_position=&#8221;top_left&#8221; custom_padding=&#8221;20px|20px|20px|20px&#8221; custom_padding__hover=&#8221;|||&#8221;][et_pb_button button_url=&#8221;https:\/\/www.dbaspecialists.com\/at\/kontaktanfrage\/&#8221; button_text=&#8221;Informationen anfordern&#8221; button_alignment=&#8221;center&#8221; disabled_on=&#8221;||off&#8221; _builder_version=&#8221;4.8.2&#8243; hover_enabled=&#8221;0&#8243; button_text_size__hover_enabled=&#8221;off&#8221; button_one_text_size__hover_enabled=&#8221;off&#8221; button_two_text_size__hover_enabled=&#8221;off&#8221; button_text_color__hover_enabled=&#8221;off&#8221; button_one_text_color__hover_enabled=&#8221;off&#8221; button_two_text_color__hover_enabled=&#8221;off&#8221; button_border_width__hover_enabled=&#8221;off&#8221; button_one_border_width__hover_enabled=&#8221;off&#8221; button_two_border_width__hover_enabled=&#8221;off&#8221; button_border_color__hover_enabled=&#8221;off&#8221; button_one_border_color__hover_enabled=&#8221;off&#8221; button_two_border_color__hover_enabled=&#8221;off&#8221; button_border_radius__hover_enabled=&#8221;off&#8221; button_one_border_radius__hover_enabled=&#8221;off&#8221; button_two_border_radius__hover_enabled=&#8221;off&#8221; button_letter_spacing__hover_enabled=&#8221;off&#8221; button_one_letter_spacing__hover_enabled=&#8221;off&#8221; button_two_letter_spacing__hover_enabled=&#8221;off&#8221; button_bg_color__hover_enabled=&#8221;off&#8221; button_one_bg_color__hover_enabled=&#8221;off&#8221; button_two_bg_color__hover_enabled=&#8221;off&#8221; sticky_enabled=&#8221;0&#8243;][\/et_pb_button][\/et_pb_column][\/et_pb_row][\/et_pb_section][et_pb_section fb_built=&#8221;1&#8243; custom_padding_last_edited=&#8221;on|desktop&#8221; _builder_version=&#8221;3.22&#8243; background_color=&#8221;#f2f2f2&#8243; background_image=&#8221;https:\/\/www.dbaspecialists.com\/wp-content\/uploads\/2016\/04\/cta_admin.jpg&#8221; parallax=&#8221;on&#8221; custom_padding=&#8221;50px||80px|&#8221; custom_padding_tablet=&#8221;50px|0|50px|0&#8243; custom_padding_phone=&#8221;&#8221; padding_mobile=&#8221;off&#8221;][et_pb_row column_structure=&#8221;1_2,1_2&#8243; _builder_version=&#8221;3.25&#8243; background_size=&#8221;initial&#8221; background_position=&#8221;top_left&#8221; background_repeat=&#8221;repeat&#8221;][et_pb_column type=&#8221;1_2&#8243; _builder_version=&#8221;3.25&#8243; custom_padding=&#8221;|||&#8221; custom_padding__hover=&#8221;|||&#8221;][et_pb_cta title=&#8221;Checkup-Service&#8221; url_new_window=&#8221;on&#8221; _builder_version=&#8221;4.6.1&#8243; header_level=&#8221;h3&#8243; header_text_color=&#8221;#ee7f01&#8243; background_color=&#8221;rgba(0,68,148,0.75)&#8221; background_size=&#8221;initial&#8221; background_position=&#8221;top_left&#8221; background_repeat=&#8221;repeat&#8221; text_orientation=&#8221;left&#8221; button_text_size__hover_enabled=&#8221;off&#8221; button_one_text_size__hover_enabled=&#8221;off&#8221; button_two_text_size__hover_enabled=&#8221;off&#8221; button_text_color__hover_enabled=&#8221;off&#8221; button_one_text_color__hover_enabled=&#8221;off&#8221; button_two_text_color__hover_enabled=&#8221;off&#8221; button_border_width__hover_enabled=&#8221;off&#8221; button_one_border_width__hover_enabled=&#8221;off&#8221; button_two_border_width__hover_enabled=&#8221;off&#8221; button_border_color__hover_enabled=&#8221;off&#8221; button_one_border_color__hover_enabled=&#8221;off&#8221; button_two_border_color__hover_enabled=&#8221;off&#8221; button_border_radius__hover_enabled=&#8221;off&#8221; button_one_border_radius__hover_enabled=&#8221;off&#8221; button_two_border_radius__hover_enabled=&#8221;off&#8221; button_letter_spacing__hover_enabled=&#8221;off&#8221; button_one_letter_spacing__hover_enabled=&#8221;off&#8221; button_two_letter_spacing__hover_enabled=&#8221;off&#8221; button_bg_color__hover_enabled=&#8221;off&#8221; button_one_bg_color__hover_enabled=&#8221;off&#8221; button_two_bg_color__hover_enabled=&#8221;off&#8221;]<\/p>\n<p>Die Kunden nehmen unseren Checkup-Service in der ganzen Bandbreite der Gebiete in Anspruch, darunter:<\/p>\n<ul>\n<li>Security Audit Preparation<\/li>\n<li>Best practices recommendations based on specifications of particular database vendor<\/li>\n<li>General performance recommendations or in response to specific performance problems\/bottlenecks<\/li>\n<li>Recommendations to minimize planned and unplanned downtime<\/li>\n<li>Replication and high availability best practice<\/li>\n<\/ul>\n<p>Oder sie m\u00f6chten einfach eine zus\u00e4tzliche Analyse der Umgebungen erhalten, denn sie sind sich bewusst, dass diese Serviceleistungen zwar auf Methoden und Kriterien basieren, die mit den Technologieherstellern vereinbart wurden, aber auch fachliche, subjektive Analysen erfordern, die Vorteile bringen k\u00f6nnen, wenn sie von einer neuen Perspektive aus durchgef\u00fchrt werden.<\/p>\n<p>[\/et_pb_cta][\/et_pb_column][et_pb_column type=&#8221;1_2&#8243; _builder_version=&#8221;3.25&#8243; custom_padding=&#8221;|||&#8221; custom_padding__hover=&#8221;|||&#8221;][\/et_pb_column][\/et_pb_row][\/et_pb_section]<\/p>\n","protected":false},"excerpt":{"rendered":"<p>Bei diesen Beratungst\u00e4tigkeiten schlagen wir Projekte f\u00fcr die Beurteilung des Gesundheitszustands der Kundendatenbanken vor. Daf\u00fcr wird eine Revision der Infrastrukturen durchgef\u00fchrt, um die Leistungen, die Zuverl\u00e4ssigkeit und Vulnerabilit\u00e4t der Systeme festzustellen. Die Ergebnisse der Analyse werden in einem ausf\u00fchrlichen Bericht festgehalten, um die T\u00e4tigkeit mit einer formellen Besprechung der Ergebnisse mit dem Kunden abzuschlie\u00dfen. Diese [&hellip;]<\/p>\n","protected":false},"author":1,"featured_media":0,"parent":0,"menu_order":0,"comment_status":"closed","ping_status":"closed","template":"","meta":{"_et_pb_use_builder":"on","_et_pb_old_content":"","_et_gb_content_width":"","footnotes":""},"class_list":["post-2377","page","type-page","status-publish","hentry"],"yoast_head":"<!-- This site is optimized with the Yoast SEO plugin v27.4 - https:\/\/yoast.com\/product\/yoast-seo-wordpress\/ -->\n<title>Datenbankpr\u00fcfung und Sicherheitsanalyse<\/title>\n<meta name=\"description\" content=\"Wir pr\u00fcfen Leistungen, Zuverl\u00e4ssigkeit, Vulnerabilit\u00e4t und Sicherheit der Datenbanken mit ausf\u00fchrlichen Reports. Plattformen: SQL Server, Oracle, MySQL, PostgreSQL.\" \/>\n<meta name=\"robots\" content=\"index, follow, max-snippet:-1, max-image-preview:large, max-video-preview:-1\" \/>\n<link rel=\"canonical\" href=\"https:\/\/www.dbaspecialists.com\/at\/sicherheitspruefung-und-analyse\/\" \/>\n<meta property=\"og:locale\" content=\"de_DE\" \/>\n<meta property=\"og:type\" content=\"article\" \/>\n<meta property=\"og:title\" content=\"Datenbankpr\u00fcfung und Sicherheitsanalyse\" \/>\n<meta property=\"og:description\" content=\"Wir pr\u00fcfen Leistungen, Zuverl\u00e4ssigkeit, Vulnerabilit\u00e4t und Sicherheit der Datenbanken mit ausf\u00fchrlichen Reports. Plattformen: SQL Server, Oracle, MySQL, PostgreSQL.\" \/>\n<meta property=\"og:url\" content=\"https:\/\/www.dbaspecialists.com\/at\/sicherheitspruefung-und-analyse\/\" \/>\n<meta property=\"og:site_name\" content=\"DBA Remote Services\" \/>\n<meta property=\"article:publisher\" content=\"https:\/\/www.facebook.com\/BetacomSrl\" \/>\n<meta property=\"article:modified_time\" content=\"2021-02-11T17:31:59+00:00\" \/>\n<meta name=\"twitter:card\" content=\"summary_large_image\" \/>\n<meta name=\"twitter:label1\" content=\"Gesch\u00e4tzte Lesezeit\" \/>\n\t<meta name=\"twitter:data1\" content=\"6 Minuten\" \/>\n<script type=\"application\/ld+json\" class=\"yoast-schema-graph\">{\"@context\":\"https:\\\/\\\/schema.org\",\"@graph\":[{\"@type\":\"WebPage\",\"@id\":\"https:\\\/\\\/www.dbaspecialists.com\\\/at\\\/sicherheitspruefung-und-analyse\\\/\",\"url\":\"https:\\\/\\\/www.dbaspecialists.com\\\/at\\\/sicherheitspruefung-und-analyse\\\/\",\"name\":\"Datenbankpr\u00fcfung und Sicherheitsanalyse\",\"isPartOf\":{\"@id\":\"https:\\\/\\\/www.dbaspecialists.com\\\/#website\"},\"datePublished\":\"2021-02-11T14:38:09+00:00\",\"dateModified\":\"2021-02-11T17:31:59+00:00\",\"description\":\"Wir pr\u00fcfen Leistungen, Zuverl\u00e4ssigkeit, Vulnerabilit\u00e4t und Sicherheit der Datenbanken mit ausf\u00fchrlichen Reports. Plattformen: SQL Server, Oracle, MySQL, PostgreSQL.\",\"breadcrumb\":{\"@id\":\"https:\\\/\\\/www.dbaspecialists.com\\\/at\\\/sicherheitspruefung-und-analyse\\\/#breadcrumb\"},\"inLanguage\":\"de-AT\",\"potentialAction\":[{\"@type\":\"ReadAction\",\"target\":[\"https:\\\/\\\/www.dbaspecialists.com\\\/at\\\/sicherheitspruefung-und-analyse\\\/\"]}]},{\"@type\":\"BreadcrumbList\",\"@id\":\"https:\\\/\\\/www.dbaspecialists.com\\\/at\\\/sicherheitspruefung-und-analyse\\\/#breadcrumb\",\"itemListElement\":[{\"@type\":\"ListItem\",\"position\":1,\"name\":\"Home\",\"item\":\"https:\\\/\\\/www.dbaspecialists.com\\\/at\\\/\"},{\"@type\":\"ListItem\",\"position\":2,\"name\":\"Sicherheitspr\u00fcfung und -analyse\"}]},{\"@type\":\"WebSite\",\"@id\":\"https:\\\/\\\/www.dbaspecialists.com\\\/#website\",\"url\":\"https:\\\/\\\/www.dbaspecialists.com\\\/\",\"name\":\"DBA Remote Services - Betacom\",\"description\":\"Servizi DBA 24\\\/7\",\"publisher\":{\"@id\":\"https:\\\/\\\/www.dbaspecialists.com\\\/#organization\"},\"potentialAction\":[{\"@type\":\"SearchAction\",\"target\":{\"@type\":\"EntryPoint\",\"urlTemplate\":\"https:\\\/\\\/www.dbaspecialists.com\\\/?s={search_term_string}\"},\"query-input\":{\"@type\":\"PropertyValueSpecification\",\"valueRequired\":true,\"valueName\":\"search_term_string\"}}],\"inLanguage\":\"de-AT\"},{\"@type\":\"Organization\",\"@id\":\"https:\\\/\\\/www.dbaspecialists.com\\\/#organization\",\"name\":\"Betacom\",\"url\":\"https:\\\/\\\/www.dbaspecialists.com\\\/\",\"logo\":{\"@type\":\"ImageObject\",\"inLanguage\":\"de-AT\",\"@id\":\"https:\\\/\\\/www.dbaspecialists.com\\\/#\\\/schema\\\/logo\\\/image\\\/\",\"url\":\"https:\\\/\\\/www.dbaspecialists.com\\\/wp-content\\\/uploads\\\/2016\\\/04\\\/DBA-logo_s.png\",\"contentUrl\":\"https:\\\/\\\/www.dbaspecialists.com\\\/wp-content\\\/uploads\\\/2016\\\/04\\\/DBA-logo_s.png\",\"width\":250,\"height\":78,\"caption\":\"Betacom\"},\"image\":{\"@id\":\"https:\\\/\\\/www.dbaspecialists.com\\\/#\\\/schema\\\/logo\\\/image\\\/\"},\"sameAs\":[\"https:\\\/\\\/www.facebook.com\\\/BetacomSrl\",\"https:\\\/\\\/www.instagram.com\\\/betacom_it\\\/\"]}]}<\/script>\n<!-- \/ Yoast SEO plugin. -->","yoast_head_json":{"title":"Datenbankpr\u00fcfung und Sicherheitsanalyse","description":"Wir pr\u00fcfen Leistungen, Zuverl\u00e4ssigkeit, Vulnerabilit\u00e4t und Sicherheit der Datenbanken mit ausf\u00fchrlichen Reports. Plattformen: SQL Server, Oracle, MySQL, PostgreSQL.","robots":{"index":"index","follow":"follow","max-snippet":"max-snippet:-1","max-image-preview":"max-image-preview:large","max-video-preview":"max-video-preview:-1"},"canonical":"https:\/\/www.dbaspecialists.com\/at\/sicherheitspruefung-und-analyse\/","og_locale":"de_DE","og_type":"article","og_title":"Datenbankpr\u00fcfung und Sicherheitsanalyse","og_description":"Wir pr\u00fcfen Leistungen, Zuverl\u00e4ssigkeit, Vulnerabilit\u00e4t und Sicherheit der Datenbanken mit ausf\u00fchrlichen Reports. Plattformen: SQL Server, Oracle, MySQL, PostgreSQL.","og_url":"https:\/\/www.dbaspecialists.com\/at\/sicherheitspruefung-und-analyse\/","og_site_name":"DBA Remote Services","article_publisher":"https:\/\/www.facebook.com\/BetacomSrl","article_modified_time":"2021-02-11T17:31:59+00:00","twitter_card":"summary_large_image","twitter_misc":{"Gesch\u00e4tzte Lesezeit":"6 Minuten"},"schema":{"@context":"https:\/\/schema.org","@graph":[{"@type":"WebPage","@id":"https:\/\/www.dbaspecialists.com\/at\/sicherheitspruefung-und-analyse\/","url":"https:\/\/www.dbaspecialists.com\/at\/sicherheitspruefung-und-analyse\/","name":"Datenbankpr\u00fcfung und Sicherheitsanalyse","isPartOf":{"@id":"https:\/\/www.dbaspecialists.com\/#website"},"datePublished":"2021-02-11T14:38:09+00:00","dateModified":"2021-02-11T17:31:59+00:00","description":"Wir pr\u00fcfen Leistungen, Zuverl\u00e4ssigkeit, Vulnerabilit\u00e4t und Sicherheit der Datenbanken mit ausf\u00fchrlichen Reports. Plattformen: SQL Server, Oracle, MySQL, PostgreSQL.","breadcrumb":{"@id":"https:\/\/www.dbaspecialists.com\/at\/sicherheitspruefung-und-analyse\/#breadcrumb"},"inLanguage":"de-AT","potentialAction":[{"@type":"ReadAction","target":["https:\/\/www.dbaspecialists.com\/at\/sicherheitspruefung-und-analyse\/"]}]},{"@type":"BreadcrumbList","@id":"https:\/\/www.dbaspecialists.com\/at\/sicherheitspruefung-und-analyse\/#breadcrumb","itemListElement":[{"@type":"ListItem","position":1,"name":"Home","item":"https:\/\/www.dbaspecialists.com\/at\/"},{"@type":"ListItem","position":2,"name":"Sicherheitspr\u00fcfung und -analyse"}]},{"@type":"WebSite","@id":"https:\/\/www.dbaspecialists.com\/#website","url":"https:\/\/www.dbaspecialists.com\/","name":"DBA Remote Services - Betacom","description":"Servizi DBA 24\/7","publisher":{"@id":"https:\/\/www.dbaspecialists.com\/#organization"},"potentialAction":[{"@type":"SearchAction","target":{"@type":"EntryPoint","urlTemplate":"https:\/\/www.dbaspecialists.com\/?s={search_term_string}"},"query-input":{"@type":"PropertyValueSpecification","valueRequired":true,"valueName":"search_term_string"}}],"inLanguage":"de-AT"},{"@type":"Organization","@id":"https:\/\/www.dbaspecialists.com\/#organization","name":"Betacom","url":"https:\/\/www.dbaspecialists.com\/","logo":{"@type":"ImageObject","inLanguage":"de-AT","@id":"https:\/\/www.dbaspecialists.com\/#\/schema\/logo\/image\/","url":"https:\/\/www.dbaspecialists.com\/wp-content\/uploads\/2016\/04\/DBA-logo_s.png","contentUrl":"https:\/\/www.dbaspecialists.com\/wp-content\/uploads\/2016\/04\/DBA-logo_s.png","width":250,"height":78,"caption":"Betacom"},"image":{"@id":"https:\/\/www.dbaspecialists.com\/#\/schema\/logo\/image\/"},"sameAs":["https:\/\/www.facebook.com\/BetacomSrl","https:\/\/www.instagram.com\/betacom_it\/"]}]}},"_links":{"self":[{"href":"https:\/\/www.dbaspecialists.com\/at\/wp-json\/wp\/v2\/pages\/2377","targetHints":{"allow":["GET"]}}],"collection":[{"href":"https:\/\/www.dbaspecialists.com\/at\/wp-json\/wp\/v2\/pages"}],"about":[{"href":"https:\/\/www.dbaspecialists.com\/at\/wp-json\/wp\/v2\/types\/page"}],"author":[{"embeddable":true,"href":"https:\/\/www.dbaspecialists.com\/at\/wp-json\/wp\/v2\/users\/1"}],"replies":[{"embeddable":true,"href":"https:\/\/www.dbaspecialists.com\/at\/wp-json\/wp\/v2\/comments?post=2377"}],"version-history":[{"count":2,"href":"https:\/\/www.dbaspecialists.com\/at\/wp-json\/wp\/v2\/pages\/2377\/revisions"}],"predecessor-version":[{"id":2496,"href":"https:\/\/www.dbaspecialists.com\/at\/wp-json\/wp\/v2\/pages\/2377\/revisions\/2496"}],"wp:attachment":[{"href":"https:\/\/www.dbaspecialists.com\/at\/wp-json\/wp\/v2\/media?parent=2377"}],"curies":[{"name":"wp","href":"https:\/\/api.w.org\/{rel}","templated":true}]}}