{"id":2371,"date":"2021-02-11T15:37:46","date_gmt":"2021-02-11T14:37:46","guid":{"rendered":"https:\/\/www.dbaspecialists.com\/professional-consulting\/"},"modified":"2021-02-11T18:29:22","modified_gmt":"2021-02-11T17:29:22","slug":"professional-consulting","status":"publish","type":"page","link":"https:\/\/www.dbaspecialists.com\/at\/professional-consulting\/","title":{"rendered":"Professional Consulting"},"content":{"rendered":"<p>[et_pb_section fb_built=&#8221;1&#8243; fullwidth=&#8221;on&#8221; custom_padding_last_edited=&#8221;on|desktop&#8221; disabled_on=&#8221;off|off|&#8221; _builder_version=&#8221;3.22&#8243; background_color=&#8221;#ffffff&#8221; custom_padding_tablet=&#8221;50px|0|50px|0&#8243; custom_padding_phone=&#8221;&#8221; padding_mobile=&#8221;off&#8221;][et_pb_fullwidth_header title=&#8221;Professional Database Consulting&#8221; text_orientation=&#8221;center&#8221; background_overlay_color=&#8221;rgba(255,255,255,0.5)&#8221; _builder_version=&#8221;4.8.2&#8243; title_font_size=&#8221;46px&#8221; background_color=&#8221;rgba(255, 255, 255, 0)&#8221; background_image=&#8221;https:\/\/www.dbaspecialists.com\/wp-content\/uploads\/2016\/04\/header_serviziremoto.jpg&#8221; background_layout=&#8221;light&#8221; max_width_tablet=&#8221;50px&#8221; hover_enabled=&#8221;0&#8243; title_font_size_tablet=&#8221;36px&#8221; title_font_size_phone=&#8221;&#8221; title_font_size_last_edited=&#8221;on|desktop&#8221; background_url=&#8221;https:\/\/www.dbaspecialists.com\/wp-content\/uploads\/2016\/04\/header_serviziremoto.jpg&#8221; button_one_text_size__hover_enabled=&#8221;off&#8221; button_two_text_size__hover_enabled=&#8221;off&#8221; button_one_text_color__hover_enabled=&#8221;off&#8221; button_two_text_color__hover_enabled=&#8221;off&#8221; button_one_border_width__hover_enabled=&#8221;off&#8221; button_two_border_width__hover_enabled=&#8221;off&#8221; button_one_border_color__hover_enabled=&#8221;off&#8221; button_two_border_color__hover_enabled=&#8221;off&#8221; button_one_border_radius__hover_enabled=&#8221;off&#8221; button_two_border_radius__hover_enabled=&#8221;off&#8221; button_one_letter_spacing__hover_enabled=&#8221;off&#8221; button_two_letter_spacing__hover_enabled=&#8221;off&#8221; button_one_bg_color__hover_enabled=&#8221;off&#8221; button_two_bg_color__hover_enabled=&#8221;off&#8221; sticky_enabled=&#8221;0&#8243;][\/et_pb_fullwidth_header][\/et_pb_section][et_pb_section fb_built=&#8221;1&#8243; custom_padding_last_edited=&#8221;on|desktop&#8221; disabled_on=&#8221;on|on|&#8221; _builder_version=&#8221;3.22&#8243; background_color=&#8221;#ee7f01&#8243; custom_padding_tablet=&#8221;50px|0|50px|0&#8243; custom_padding_phone=&#8221;&#8221; padding_mobile=&#8221;off&#8221;][et_pb_row column_structure=&#8221;2_3,1_3&#8243; padding_mobile=&#8221;off&#8221; column_padding_mobile=&#8221;on&#8221; custom_padding_last_edited=&#8221;off|desktop&#8221; _builder_version=&#8221;3.25&#8243; background_size=&#8221;initial&#8221; background_position=&#8221;top_left&#8221; background_repeat=&#8221;repeat&#8221;][et_pb_column type=&#8221;2_3&#8243; _builder_version=&#8221;3.25&#8243; custom_padding=&#8221;|||&#8221; custom_padding__hover=&#8221;|||&#8221;][\/et_pb_column][et_pb_column type=&#8221;1_3&#8243; _builder_version=&#8221;3.25&#8243; custom_padding=&#8221;|||&#8221; custom_padding__hover=&#8221;|||&#8221;][\/et_pb_column][\/et_pb_row][\/et_pb_section][et_pb_section fb_built=&#8221;1&#8243; custom_padding_last_edited=&#8221;on|desktop&#8221; _builder_version=&#8221;3.22&#8243; custom_padding=&#8221;40px||40px|&#8221; custom_padding_tablet=&#8221;50px|0|50px|0&#8243; custom_padding_phone=&#8221;&#8221; padding_mobile=&#8221;off&#8221;][et_pb_row column_structure=&#8221;1_3,2_3&#8243; _builder_version=&#8221;3.25&#8243; background_size=&#8221;initial&#8221; background_position=&#8221;top_left&#8221; background_repeat=&#8221;repeat&#8221;][et_pb_column type=&#8221;1_3&#8243; _builder_version=&#8221;3.25&#8243; custom_padding=&#8221;|||&#8221; custom_padding__hover=&#8221;|||&#8221;][et_pb_image src=&#8221;https:\/\/www.dbaspecialists.com\/wp-content\/uploads\/2016\/03\/header03.jpg&#8221; alt=&#8221;Consulenza database&#8221; align=&#8221;center&#8221; align_tablet=&#8221;center&#8221; align_phone=&#8221;&#8221; align_last_edited=&#8221;on|desktop&#8221; _builder_version=&#8221;3.23&#8243; always_center_on_mobile=&#8221;on&#8221;][\/et_pb_image][\/et_pb_column][et_pb_column type=&#8221;2_3&#8243; _builder_version=&#8221;3.25&#8243; custom_padding=&#8221;|||&#8221; custom_padding__hover=&#8221;|||&#8221;][et_pb_text _builder_version=&#8221;4.2.1&#8243; background_size=&#8221;initial&#8221; background_position=&#8221;top_left&#8221; background_repeat=&#8221;repeat&#8221;]<\/p>\n<p>Unser Fachteam ist kann Sie bei allen Ver\u00e4nderungen unterst\u00fctzen, die bei Ihren Datenbank-Infrastrukturen erforderlich werden. Unsere <strong>DBA<\/strong> planen und leiten die besonders heiklen Vorg\u00e4ngen der Softwarewartung und -erweiterung und besprechen mit den Kunden in v\u00f6lliger Transparenz alle Verfahren, Risiken und Fristen f\u00fcr die verschiedenen L\u00f6sungen f\u00fcr den jeweiligen Betriebskontext der Kunden.<\/p>\n<p>Wir sind uns bewusst, dass verschiedene Upgrade- und Migrationsszenarien eintreten k\u00f6nnen, aber es ist wichtig zu bedenken, dass umfassende Aktualisierungen auch physische Transformationsprozesse erfordern k\u00f6nnen, da sich das Datenformat erheblich \u00e4ndern kann.<\/p>\n<p>[\/et_pb_text][\/et_pb_column][\/et_pb_row][et_pb_row column_structure=&#8221;1_3,1_3,1_3&#8243; use_custom_gutter=&#8221;on&#8221; gutter_width=&#8221;1&#8243; module_class=&#8221; et_pb_row_fullwidth&#8221; _builder_version=&#8221;3.25&#8243; width=&#8221;100%&#8221; width_tablet=&#8221;100%&#8221; width_phone=&#8221;&#8221; width_last_edited=&#8221;on|desktop&#8221; max_width=&#8221;100%&#8221; max_width_tablet=&#8221;100%&#8221; max_width_phone=&#8221;&#8221; max_width_last_edited=&#8221;on|desktop&#8221; make_fullwidth=&#8221;on&#8221;][et_pb_column type=&#8221;1_3&#8243; _builder_version=&#8221;3.25&#8243; background_position=&#8221;top_left&#8221; custom_padding=&#8221;|||&#8221; custom_padding__hover=&#8221;|||&#8221;][\/et_pb_column][et_pb_column type=&#8221;1_3&#8243; _builder_version=&#8221;3.25&#8243; background_position=&#8221;top_left&#8221; custom_padding=&#8221;|||&#8221; custom_padding__hover=&#8221;|||&#8221;][\/et_pb_column][et_pb_column type=&#8221;1_3&#8243; _builder_version=&#8221;3.25&#8243; background_color=&#8221;#ee7f01&#8243; background_position=&#8221;top_left&#8221; custom_padding=&#8221;20px|20px|20px|20px&#8221; custom_padding__hover=&#8221;|||&#8221;][et_pb_button button_url=&#8221;https:\/\/www.dbaspecialists.com\/at\/kontaktanfrage\/&#8221; button_text=&#8221;Informationen anfordern&#8221; button_alignment=&#8221;center&#8221; disabled_on=&#8221;||off&#8221; _builder_version=&#8221;4.8.2&#8243; hover_enabled=&#8221;0&#8243; button_text_size__hover_enabled=&#8221;off&#8221; button_one_text_size__hover_enabled=&#8221;off&#8221; button_two_text_size__hover_enabled=&#8221;off&#8221; button_text_color__hover_enabled=&#8221;off&#8221; button_one_text_color__hover_enabled=&#8221;off&#8221; button_two_text_color__hover_enabled=&#8221;off&#8221; button_border_width__hover_enabled=&#8221;off&#8221; button_one_border_width__hover_enabled=&#8221;off&#8221; button_two_border_width__hover_enabled=&#8221;off&#8221; button_border_color__hover_enabled=&#8221;off&#8221; button_one_border_color__hover_enabled=&#8221;off&#8221; button_two_border_color__hover_enabled=&#8221;off&#8221; button_border_radius__hover_enabled=&#8221;off&#8221; button_one_border_radius__hover_enabled=&#8221;off&#8221; button_two_border_radius__hover_enabled=&#8221;off&#8221; button_letter_spacing__hover_enabled=&#8221;off&#8221; button_one_letter_spacing__hover_enabled=&#8221;off&#8221; button_two_letter_spacing__hover_enabled=&#8221;off&#8221; button_bg_color__hover_enabled=&#8221;off&#8221; button_one_bg_color__hover_enabled=&#8221;off&#8221; button_two_bg_color__hover_enabled=&#8221;off&#8221; sticky_enabled=&#8221;0&#8243;][\/et_pb_button][\/et_pb_column][\/et_pb_row][\/et_pb_section][et_pb_section fb_built=&#8221;1&#8243; custom_padding_last_edited=&#8221;on|desktop&#8221; _builder_version=&#8221;3.22&#8243; background_color=&#8221;#f2f2f2&#8243; background_image=&#8221;https:\/\/www.dbaspecialists.com\/wp-content\/uploads\/2016\/04\/cta_admin.jpg&#8221; parallax=&#8221;on&#8221; custom_padding=&#8221;50px||80px|&#8221; custom_padding_tablet=&#8221;50px|0|50px|0&#8243; custom_padding_phone=&#8221;&#8221; padding_mobile=&#8221;off&#8221;][et_pb_row column_structure=&#8221;1_2,1_2&#8243; _builder_version=&#8221;3.25&#8243; background_size=&#8221;initial&#8221; background_position=&#8221;top_left&#8221; background_repeat=&#8221;repeat&#8221;][et_pb_column type=&#8221;1_2&#8243; _builder_version=&#8221;3.25&#8243; custom_padding=&#8221;|||&#8221; custom_padding__hover=&#8221;|||&#8221;][et_pb_cta title=&#8221;Kundendienstbereiche&#8221; url_new_window=&#8221;on&#8221; _builder_version=&#8221;4.2.1&#8243; header_level=&#8221;h3&#8243; header_text_color=&#8221;#ee7f01&#8243; background_color=&#8221;rgba(0,68,148,0.75)&#8221; background_size=&#8221;initial&#8221; background_position=&#8221;top_left&#8221; background_repeat=&#8221;repeat&#8221; text_orientation=&#8221;left&#8221; button_text_size__hover_enabled=&#8221;off&#8221; button_one_text_size__hover_enabled=&#8221;off&#8221; button_two_text_size__hover_enabled=&#8221;off&#8221; button_text_color__hover_enabled=&#8221;off&#8221; button_one_text_color__hover_enabled=&#8221;off&#8221; button_two_text_color__hover_enabled=&#8221;off&#8221; button_border_width__hover_enabled=&#8221;off&#8221; button_one_border_width__hover_enabled=&#8221;off&#8221; button_two_border_width__hover_enabled=&#8221;off&#8221; button_border_color__hover_enabled=&#8221;off&#8221; button_one_border_color__hover_enabled=&#8221;off&#8221; button_two_border_color__hover_enabled=&#8221;off&#8221; button_border_radius__hover_enabled=&#8221;off&#8221; button_one_border_radius__hover_enabled=&#8221;off&#8221; button_two_border_radius__hover_enabled=&#8221;off&#8221; button_letter_spacing__hover_enabled=&#8221;off&#8221; button_one_letter_spacing__hover_enabled=&#8221;off&#8221; button_two_letter_spacing__hover_enabled=&#8221;off&#8221; button_bg_color__hover_enabled=&#8221;off&#8221; button_one_bg_color__hover_enabled=&#8221;off&#8221; button_two_bg_color__hover_enabled=&#8221;off&#8221;]Mit dem Ziel, die Informationen unversehrt zu erhalten, Funktionsst\u00f6rungen bei Wartungsarbeiten m\u00f6glichst zu begrenzen und die betroffenen Umfelder zu verbessern, kann Betacom Sie mit Professional Consulting bei Projekten in folgenden Bereichen unterst\u00fctzen:<\/p>\n<ul>\n<li>Design \/ Deploy neuer Datenbankinfrastrukturen<\/li>\n<li>Migration oder Upgrade von Datenbanken verschiedener Versionen oder verschiedener Vendors<\/li>\n<li>Migration von Datenbankinfrastrukturen von und zu virtuellen oder Cloud-Umgebungen<\/li>\n<li>Planung und Deploy von Infrastrukturen in hoher Zuverl\u00e4ssigkeit: Replication, Clustering, Backup &amp; Recovery Strategy<\/li>\n<\/ul>\n<p>[\/et_pb_cta][\/et_pb_column][et_pb_column type=&#8221;1_2&#8243; _builder_version=&#8221;3.25&#8243; custom_padding=&#8221;|||&#8221; custom_padding__hover=&#8221;|||&#8221;][\/et_pb_column][\/et_pb_row][\/et_pb_section]<\/p>\n","protected":false},"excerpt":{"rendered":"<p>Unser Fachteam ist kann Sie bei allen Ver\u00e4nderungen unterst\u00fctzen, die bei Ihren Datenbank-Infrastrukturen erforderlich werden. Unsere DBA planen und leiten die besonders heiklen Vorg\u00e4ngen der Softwarewartung und -erweiterung und besprechen mit den Kunden in v\u00f6lliger Transparenz alle Verfahren, Risiken und Fristen f\u00fcr die verschiedenen L\u00f6sungen f\u00fcr den jeweiligen Betriebskontext der Kunden. Wir sind uns bewusst, [&hellip;]<\/p>\n","protected":false},"author":1,"featured_media":0,"parent":0,"menu_order":0,"comment_status":"closed","ping_status":"closed","template":"","meta":{"_et_pb_use_builder":"on","_et_pb_old_content":"","_et_gb_content_width":"","footnotes":""},"class_list":["post-2371","page","type-page","status-publish","hentry"],"yoast_head":"<!-- This site is optimized with the Yoast SEO plugin v27.4 - https:\/\/yoast.com\/product\/yoast-seo-wordpress\/ -->\n<title>Database Consulting: Planung, Migration, Upgrade und andere Dienste<\/title>\n<meta name=\"description\" content=\"Dedizierte Beratung mit \u00fcber 18 Jahren Erfahrung. Unser Fachteam plant und leitet die heiklen Arbeiten zur Softwarewartung und -erweiterung.\" \/>\n<meta name=\"robots\" content=\"index, follow, max-snippet:-1, max-image-preview:large, max-video-preview:-1\" \/>\n<link rel=\"canonical\" href=\"https:\/\/www.dbaspecialists.com\/at\/professional-consulting\/\" \/>\n<meta property=\"og:locale\" content=\"de_DE\" \/>\n<meta property=\"og:type\" content=\"article\" \/>\n<meta property=\"og:title\" content=\"Database Consulting: Planung, Migration, Upgrade und andere Dienste\" \/>\n<meta property=\"og:description\" content=\"Dedizierte Beratung mit \u00fcber 18 Jahren Erfahrung. Unser Fachteam plant und leitet die heiklen Arbeiten zur Softwarewartung und -erweiterung.\" \/>\n<meta property=\"og:url\" content=\"https:\/\/www.dbaspecialists.com\/at\/professional-consulting\/\" \/>\n<meta property=\"og:site_name\" content=\"DBA Remote Services\" \/>\n<meta property=\"article:publisher\" content=\"https:\/\/www.facebook.com\/BetacomSrl\" \/>\n<meta property=\"article:modified_time\" content=\"2021-02-11T17:29:22+00:00\" \/>\n<meta name=\"twitter:card\" content=\"summary_large_image\" \/>\n<meta name=\"twitter:label1\" content=\"Gesch\u00e4tzte Lesezeit\" \/>\n\t<meta name=\"twitter:data1\" content=\"6 Minuten\" \/>\n<script type=\"application\/ld+json\" class=\"yoast-schema-graph\">{\"@context\":\"https:\\\/\\\/schema.org\",\"@graph\":[{\"@type\":\"WebPage\",\"@id\":\"https:\\\/\\\/www.dbaspecialists.com\\\/at\\\/professional-consulting\\\/\",\"url\":\"https:\\\/\\\/www.dbaspecialists.com\\\/at\\\/professional-consulting\\\/\",\"name\":\"Database Consulting: Planung, Migration, Upgrade und andere Dienste\",\"isPartOf\":{\"@id\":\"https:\\\/\\\/www.dbaspecialists.com\\\/#website\"},\"datePublished\":\"2021-02-11T14:37:46+00:00\",\"dateModified\":\"2021-02-11T17:29:22+00:00\",\"description\":\"Dedizierte Beratung mit \u00fcber 18 Jahren Erfahrung. Unser Fachteam plant und leitet die heiklen Arbeiten zur Softwarewartung und -erweiterung.\",\"breadcrumb\":{\"@id\":\"https:\\\/\\\/www.dbaspecialists.com\\\/at\\\/professional-consulting\\\/#breadcrumb\"},\"inLanguage\":\"de-AT\",\"potentialAction\":[{\"@type\":\"ReadAction\",\"target\":[\"https:\\\/\\\/www.dbaspecialists.com\\\/at\\\/professional-consulting\\\/\"]}]},{\"@type\":\"BreadcrumbList\",\"@id\":\"https:\\\/\\\/www.dbaspecialists.com\\\/at\\\/professional-consulting\\\/#breadcrumb\",\"itemListElement\":[{\"@type\":\"ListItem\",\"position\":1,\"name\":\"Home\",\"item\":\"https:\\\/\\\/www.dbaspecialists.com\\\/at\\\/\"},{\"@type\":\"ListItem\",\"position\":2,\"name\":\"Professional Consulting\"}]},{\"@type\":\"WebSite\",\"@id\":\"https:\\\/\\\/www.dbaspecialists.com\\\/#website\",\"url\":\"https:\\\/\\\/www.dbaspecialists.com\\\/\",\"name\":\"DBA Remote Services - Betacom\",\"description\":\"Servizi DBA 24\\\/7\",\"publisher\":{\"@id\":\"https:\\\/\\\/www.dbaspecialists.com\\\/#organization\"},\"potentialAction\":[{\"@type\":\"SearchAction\",\"target\":{\"@type\":\"EntryPoint\",\"urlTemplate\":\"https:\\\/\\\/www.dbaspecialists.com\\\/?s={search_term_string}\"},\"query-input\":{\"@type\":\"PropertyValueSpecification\",\"valueRequired\":true,\"valueName\":\"search_term_string\"}}],\"inLanguage\":\"de-AT\"},{\"@type\":\"Organization\",\"@id\":\"https:\\\/\\\/www.dbaspecialists.com\\\/#organization\",\"name\":\"Betacom\",\"url\":\"https:\\\/\\\/www.dbaspecialists.com\\\/\",\"logo\":{\"@type\":\"ImageObject\",\"inLanguage\":\"de-AT\",\"@id\":\"https:\\\/\\\/www.dbaspecialists.com\\\/#\\\/schema\\\/logo\\\/image\\\/\",\"url\":\"https:\\\/\\\/www.dbaspecialists.com\\\/wp-content\\\/uploads\\\/2016\\\/04\\\/DBA-logo_s.png\",\"contentUrl\":\"https:\\\/\\\/www.dbaspecialists.com\\\/wp-content\\\/uploads\\\/2016\\\/04\\\/DBA-logo_s.png\",\"width\":250,\"height\":78,\"caption\":\"Betacom\"},\"image\":{\"@id\":\"https:\\\/\\\/www.dbaspecialists.com\\\/#\\\/schema\\\/logo\\\/image\\\/\"},\"sameAs\":[\"https:\\\/\\\/www.facebook.com\\\/BetacomSrl\",\"https:\\\/\\\/www.instagram.com\\\/betacom_it\\\/\"]}]}<\/script>\n<!-- \/ Yoast SEO plugin. -->","yoast_head_json":{"title":"Database Consulting: Planung, Migration, Upgrade und andere Dienste","description":"Dedizierte Beratung mit \u00fcber 18 Jahren Erfahrung. Unser Fachteam plant und leitet die heiklen Arbeiten zur Softwarewartung und -erweiterung.","robots":{"index":"index","follow":"follow","max-snippet":"max-snippet:-1","max-image-preview":"max-image-preview:large","max-video-preview":"max-video-preview:-1"},"canonical":"https:\/\/www.dbaspecialists.com\/at\/professional-consulting\/","og_locale":"de_DE","og_type":"article","og_title":"Database Consulting: Planung, Migration, Upgrade und andere Dienste","og_description":"Dedizierte Beratung mit \u00fcber 18 Jahren Erfahrung. Unser Fachteam plant und leitet die heiklen Arbeiten zur Softwarewartung und -erweiterung.","og_url":"https:\/\/www.dbaspecialists.com\/at\/professional-consulting\/","og_site_name":"DBA Remote Services","article_publisher":"https:\/\/www.facebook.com\/BetacomSrl","article_modified_time":"2021-02-11T17:29:22+00:00","twitter_card":"summary_large_image","twitter_misc":{"Gesch\u00e4tzte Lesezeit":"6 Minuten"},"schema":{"@context":"https:\/\/schema.org","@graph":[{"@type":"WebPage","@id":"https:\/\/www.dbaspecialists.com\/at\/professional-consulting\/","url":"https:\/\/www.dbaspecialists.com\/at\/professional-consulting\/","name":"Database Consulting: Planung, Migration, Upgrade und andere Dienste","isPartOf":{"@id":"https:\/\/www.dbaspecialists.com\/#website"},"datePublished":"2021-02-11T14:37:46+00:00","dateModified":"2021-02-11T17:29:22+00:00","description":"Dedizierte Beratung mit \u00fcber 18 Jahren Erfahrung. Unser Fachteam plant und leitet die heiklen Arbeiten zur Softwarewartung und -erweiterung.","breadcrumb":{"@id":"https:\/\/www.dbaspecialists.com\/at\/professional-consulting\/#breadcrumb"},"inLanguage":"de-AT","potentialAction":[{"@type":"ReadAction","target":["https:\/\/www.dbaspecialists.com\/at\/professional-consulting\/"]}]},{"@type":"BreadcrumbList","@id":"https:\/\/www.dbaspecialists.com\/at\/professional-consulting\/#breadcrumb","itemListElement":[{"@type":"ListItem","position":1,"name":"Home","item":"https:\/\/www.dbaspecialists.com\/at\/"},{"@type":"ListItem","position":2,"name":"Professional Consulting"}]},{"@type":"WebSite","@id":"https:\/\/www.dbaspecialists.com\/#website","url":"https:\/\/www.dbaspecialists.com\/","name":"DBA Remote Services - Betacom","description":"Servizi DBA 24\/7","publisher":{"@id":"https:\/\/www.dbaspecialists.com\/#organization"},"potentialAction":[{"@type":"SearchAction","target":{"@type":"EntryPoint","urlTemplate":"https:\/\/www.dbaspecialists.com\/?s={search_term_string}"},"query-input":{"@type":"PropertyValueSpecification","valueRequired":true,"valueName":"search_term_string"}}],"inLanguage":"de-AT"},{"@type":"Organization","@id":"https:\/\/www.dbaspecialists.com\/#organization","name":"Betacom","url":"https:\/\/www.dbaspecialists.com\/","logo":{"@type":"ImageObject","inLanguage":"de-AT","@id":"https:\/\/www.dbaspecialists.com\/#\/schema\/logo\/image\/","url":"https:\/\/www.dbaspecialists.com\/wp-content\/uploads\/2016\/04\/DBA-logo_s.png","contentUrl":"https:\/\/www.dbaspecialists.com\/wp-content\/uploads\/2016\/04\/DBA-logo_s.png","width":250,"height":78,"caption":"Betacom"},"image":{"@id":"https:\/\/www.dbaspecialists.com\/#\/schema\/logo\/image\/"},"sameAs":["https:\/\/www.facebook.com\/BetacomSrl","https:\/\/www.instagram.com\/betacom_it\/"]}]}},"_links":{"self":[{"href":"https:\/\/www.dbaspecialists.com\/at\/wp-json\/wp\/v2\/pages\/2371","targetHints":{"allow":["GET"]}}],"collection":[{"href":"https:\/\/www.dbaspecialists.com\/at\/wp-json\/wp\/v2\/pages"}],"about":[{"href":"https:\/\/www.dbaspecialists.com\/at\/wp-json\/wp\/v2\/types\/page"}],"author":[{"embeddable":true,"href":"https:\/\/www.dbaspecialists.com\/at\/wp-json\/wp\/v2\/users\/1"}],"replies":[{"embeddable":true,"href":"https:\/\/www.dbaspecialists.com\/at\/wp-json\/wp\/v2\/comments?post=2371"}],"version-history":[{"count":3,"href":"https:\/\/www.dbaspecialists.com\/at\/wp-json\/wp\/v2\/pages\/2371\/revisions"}],"predecessor-version":[{"id":2495,"href":"https:\/\/www.dbaspecialists.com\/at\/wp-json\/wp\/v2\/pages\/2371\/revisions\/2495"}],"wp:attachment":[{"href":"https:\/\/www.dbaspecialists.com\/at\/wp-json\/wp\/v2\/media?parent=2371"}],"curies":[{"name":"wp","href":"https:\/\/api.w.org\/{rel}","templated":true}]}}