{"id":2352,"date":"2021-02-11T15:35:16","date_gmt":"2021-02-11T14:35:16","guid":{"rendered":"https:\/\/www.dbaspecialists.com\/oracle\/"},"modified":"2021-02-11T18:46:52","modified_gmt":"2021-02-11T17:46:52","slug":"oracle","status":"publish","type":"page","link":"https:\/\/www.dbaspecialists.com\/at\/oracle\/","title":{"rendered":"Oracle"},"content":{"rendered":"<p>[et_pb_section fb_built=&#8221;1&#8243; fullwidth=&#8221;on&#8221; custom_padding_last_edited=&#8221;on|desktop&#8221; disabled_on=&#8221;off|off|&#8221; _builder_version=&#8221;3.22&#8243; background_color=&#8221;#ffffff&#8221; custom_padding_tablet=&#8221;50px|0|50px|0&#8243; custom_padding_phone=&#8221;&#8221; transparent_background=&#8221;off&#8221; padding_mobile=&#8221;off&#8221; make_fullwidth=&#8221;off&#8221; use_custom_width=&#8221;off&#8221; width_unit=&#8221;on&#8221;][et_pb_fullwidth_header title=&#8221;DBA Oracle Database&#8221; subhead=&#8221;<strong>Datenbankadministrator und -Management<\/strong>&#8221; text_orientation=&#8221;center&#8221; _builder_version=&#8221;4.8.2&#8243; title_font_size=&#8221;46px&#8221; background_color=&#8221;rgba(255, 255, 255, 0)&#8221; use_background_color_gradient=&#8221;on&#8221; background_color_gradient_end=&#8221;#004494&#8243; max_width_tablet=&#8221;50px&#8221; title_font_size_tablet=&#8221;36px&#8221; title_font_size_phone=&#8221;30px&#8221; title_font_size_last_edited=&#8221;on|phone&#8221; button_one_text_size__hover_enabled=&#8221;off&#8221; button_two_text_size__hover_enabled=&#8221;off&#8221; button_one_text_color__hover_enabled=&#8221;off&#8221; button_two_text_color__hover_enabled=&#8221;off&#8221; button_one_border_width__hover_enabled=&#8221;off&#8221; button_two_border_width__hover_enabled=&#8221;off&#8221; button_one_border_color__hover_enabled=&#8221;off&#8221; button_two_border_color__hover_enabled=&#8221;off&#8221; button_one_border_radius__hover_enabled=&#8221;off&#8221; button_two_border_radius__hover_enabled=&#8221;off&#8221; button_one_letter_spacing__hover_enabled=&#8221;off&#8221; button_two_letter_spacing__hover_enabled=&#8221;off&#8221; button_one_bg_color__hover_enabled=&#8221;off&#8221; button_two_bg_color__hover_enabled=&#8221;off&#8221;][\/et_pb_fullwidth_header][\/et_pb_section][et_pb_section fb_built=&#8221;1&#8243; custom_padding_last_edited=&#8221;on|desktop&#8221; _builder_version=&#8221;3.22&#8243; background_color=&#8221;#ee7f01&#8243; custom_padding_tablet=&#8221;50px|0|50px|0&#8243; custom_padding_phone=&#8221;&#8221;][et_pb_row column_structure=&#8221;2_3,1_3&#8243; padding_mobile=&#8221;off&#8221; column_padding_mobile=&#8221;on&#8221; custom_padding_last_edited=&#8221;off|desktop&#8221; _builder_version=&#8221;3.25&#8243; background_size=&#8221;initial&#8221; background_position=&#8221;top_left&#8221; background_repeat=&#8221;repeat&#8221;][et_pb_column type=&#8221;2_3&#8243; _builder_version=&#8221;3.25&#8243; custom_padding=&#8221;|||&#8221; custom_padding__hover=&#8221;|||&#8221;][et_pb_text _builder_version=&#8221;4.2.1&#8243; text_font_size=&#8221;20&#8243; background_size=&#8221;initial&#8221; background_position=&#8221;top_left&#8221; background_repeat=&#8221;repeat&#8221; background_layout=&#8221;dark&#8221; module_alignment=&#8221;left&#8221; custom_padding=&#8221;6px|||&#8221;]<strong>Brauchen Sie einen erfahrenen Berater f\u00fcr die Administration Ihrer Oracle Database?<\/strong>[\/et_pb_text][\/et_pb_column][et_pb_column type=&#8221;1_3&#8243; _builder_version=&#8221;3.25&#8243; custom_padding=&#8221;|||&#8221; custom_padding__hover=&#8221;|||&#8221;][et_pb_button button_url=&#8221;https:\/\/www.dbaspecialists.com\/at\/kontaktanfrage\/&#8221; button_text=&#8221;Informationen anfordern&#8221; button_alignment=&#8221;right&#8221; _builder_version=&#8221;4.8.2&#8243; custom_button=&#8221;on&#8221; button_bg_color=&#8221;#004494&#8243; button_border_color=&#8221;#004494&#8243; button_icon=&#8221;%%20%%&#8221; button_icon_color=&#8221;#e63517&#8243; button_icon_placement=&#8221;left&#8221; button_on_hover=&#8221;off&#8221; button_text_color_hover=&#8221;#004494&#8243; button_border_color_hover=&#8221;#ffffff&#8221; button_bg_color_hover=&#8221;#ee7f01&#8243; button_text_size__hover_enabled=&#8221;off&#8221; button_one_text_size__hover_enabled=&#8221;off&#8221; button_two_text_size__hover_enabled=&#8221;off&#8221; button_text_color__hover_enabled=&#8221;on&#8221; button_text_color__hover=&#8221;#004494&#8243; button_one_text_color__hover_enabled=&#8221;off&#8221; button_two_text_color__hover_enabled=&#8221;off&#8221; button_border_width__hover_enabled=&#8221;off&#8221; button_one_border_width__hover_enabled=&#8221;off&#8221; button_two_border_width__hover_enabled=&#8221;off&#8221; button_border_color__hover_enabled=&#8221;on&#8221; button_border_color__hover=&#8221;#ffffff&#8221; button_one_border_color__hover_enabled=&#8221;off&#8221; button_two_border_color__hover_enabled=&#8221;off&#8221; button_border_radius__hover_enabled=&#8221;off&#8221; button_one_border_radius__hover_enabled=&#8221;off&#8221; button_two_border_radius__hover_enabled=&#8221;off&#8221; button_letter_spacing__hover_enabled=&#8221;off&#8221; button_one_letter_spacing__hover_enabled=&#8221;off&#8221; button_two_letter_spacing__hover_enabled=&#8221;off&#8221; button_bg_color__hover_enabled=&#8221;on&#8221; button_bg_color__hover=&#8221;#ee7f01&#8243; button_one_bg_color__hover_enabled=&#8221;off&#8221; button_two_bg_color__hover_enabled=&#8221;off&#8221;][\/et_pb_button][\/et_pb_column][\/et_pb_row][\/et_pb_section][et_pb_section fb_built=&#8221;1&#8243; custom_padding_last_edited=&#8221;on|desktop&#8221; _builder_version=&#8221;3.22&#8243; custom_padding=&#8221;40px||40px|&#8221; custom_padding_tablet=&#8221;50px|0|50px|0&#8243; custom_padding_phone=&#8221;&#8221; transparent_background=&#8221;off&#8221; padding_mobile=&#8221;off&#8221; make_fullwidth=&#8221;off&#8221; use_custom_width=&#8221;off&#8221; width_unit=&#8221;on&#8221;][et_pb_row column_structure=&#8221;1_2,1_2&#8243; _builder_version=&#8221;3.25&#8243; background_size=&#8221;initial&#8221; background_position=&#8221;top_left&#8221; background_repeat=&#8221;repeat&#8221;][et_pb_column type=&#8221;1_2&#8243; _builder_version=&#8221;3.25&#8243; custom_padding=&#8221;|||&#8221; custom_padding__hover=&#8221;|||&#8221;][et_pb_text _builder_version=&#8221;4.2.1&#8243; background_size=&#8221;initial&#8221; background_position=&#8221;top_left&#8221; background_repeat=&#8221;repeat&#8221; module_alignment=&#8221;left&#8221;]<\/p>\n<h2>Die Datenbank Ihres Unternehmens in besten H\u00e4nden<\/h2>\n<p>Mit \u00fcber 18 Jahren Erfahrung haben <strong>unsere zertifizierten Fachkr\u00e4fte Oracle DBA die erforderlichen Kompetenzen, um komplexe Projekte umzusetzen und die Kunden bei der Datenbank-Verwaltung und -Management zu unterst\u00fctzen.<\/strong><\/p>\n<p>Unsere Datenbank-Dienste k\u00f6nnen in verschiedenen L\u00f6sungen erbracht werden, so dass die Kunden je nach Bedarf und Budget w\u00e4hlen k\u00f6nnen. Wir bieten Support und personalisierte Datenbank-Dienste: Mit einer Bedarfsanalyse k\u00f6nnen wir die passende Beratungsformel erstellen.<br \/> Wir bieten individuelle Support-Pl\u00e4ne mit verschiedenen Betriebszeiten bis zu 24\u00d77 f\u00fcr DB-Systeme mit h\u00f6herer Kritizit\u00e4t. Unsere Fachkr\u00e4fte sorgen f\u00fcr die Verwaltung und \u00dcberwachung der Bereitschaft, Funktionsf\u00e4higkeit und Leistungen der Datenbanken, um alle eventuellen Probleme abzudecken, die auftreten k\u00f6nnten.<\/p>\n<p><strong>Dank der Oracle-Zertifizierung von DBA Remote Services k\u00f6nnen Sie sicher sein, die maximale Aufmerksamkeit zu erhalten, die Ihr Unternehmen beim Database Management erfordert.<\/strong><\/p>\n<p>[\/et_pb_text][\/et_pb_column][et_pb_column type=&#8221;1_2&#8243; _builder_version=&#8221;3.25&#8243; custom_padding=&#8221;|||&#8221; custom_padding__hover=&#8221;|||&#8221;][et_pb_text _builder_version=&#8221;3.27.4&#8243; text_orientation=&#8221;center&#8221; module_alignment=&#8221;center&#8221; border_style=&#8221;solid&#8221;]<\/p>\n<h2>Zertifizierte Fachkr\u00e4fte f\u00fcr Oracle Database<\/h2>\n<p>[\/et_pb_text][et_pb_image src=&#8221;https:\/\/www.dbaspecialists.com\/wp-content\/uploads\/2017\/06\/LogoOraclePartner.png&#8221; alt=&#8221;DBA Oracle&#8221; show_bottom_space=&#8221;off&#8221; align=&#8221;center&#8221; align_tablet=&#8221;center&#8221; align_phone=&#8221;&#8221; align_last_edited=&#8221;on|desktop&#8221; _builder_version=&#8221;3.23&#8243; max_width=&#8221;69%&#8221; border_style=&#8221;solid&#8221; animation=&#8221;off&#8221; sticky=&#8221;off&#8221;][\/et_pb_image][et_pb_divider color=&#8221;#ee7f01&#8243; divider_weight=&#8221;5&#8243; disabled_on=&#8221;on|on|off&#8221; _builder_version=&#8221;3.2&#8243; hide_on_mobile=&#8221;on&#8221;][\/et_pb_divider][\/et_pb_column][\/et_pb_row][\/et_pb_section][et_pb_section fb_built=&#8221;1&#8243; _builder_version=&#8221;3.22&#8243; background_color=&#8221;#f2f2f2&#8243; custom_padding=&#8221;50px||50px|&#8221;][et_pb_row column_structure=&#8221;1_2,1_4,1_4&#8243; _builder_version=&#8221;3.25&#8243; background_color=&#8221;#f0f0f0&#8243; background_size=&#8221;initial&#8221; background_position=&#8221;top_left&#8221; background_repeat=&#8221;repeat&#8221; custom_padding=&#8221;25px|25px|25px|25px&#8221;][et_pb_column type=&#8221;1_2&#8243; _builder_version=&#8221;3.25&#8243; background_position=&#8221;top_left&#8221; custom_padding=&#8221;|||&#8221; custom_padding__hover=&#8221;|||&#8221;][et_pb_text _builder_version=&#8221;3.27.4&#8243; module_alignment=&#8221;left&#8221; border_style=&#8221;solid&#8221;]<\/p>\n<h2 style=\"text-align: center;\">Unsere Service f\u00fcr <strong>Oracle Database<\/strong><\/h2>\n<p>[\/et_pb_text][et_pb_blurb image=&#8221;https:\/\/www.dbaspecialists.com\/wp-content\/uploads\/2021\/02\/austria.png&#8221; disabled_on=&#8221;off|off|&#8221; _builder_version=&#8221;4.8.2&#8243; text_orientation=&#8221;center&#8221; border_style_all=&#8221;solid&#8221; border_style_top_image=&#8221;solid&#8221; border_style_right_image=&#8221;solid&#8221; border_style_bottom_image=&#8221;solid&#8221; border_style_left_image=&#8221;solid&#8221; border_style=&#8221;solid&#8221;]<\/p>\n<p><span>Wir erbringen unsere Dienste im gesamten Landesgebiet.<\/span><\/p>\n<p>[\/et_pb_blurb][\/et_pb_column][et_pb_column type=&#8221;1_4&#8243; _builder_version=&#8221;3.25&#8243; background_position=&#8221;top_left&#8221; custom_padding=&#8221;|||&#8221; custom_padding__hover=&#8221;|||&#8221;][et_pb_text _builder_version=&#8221;3.27.4&#8243; module_alignment=&#8221;left&#8221; border_style=&#8221;solid&#8221;]<\/p>\n<h4><span style=\"color: #e27500;\">VERWALTUNGSDIENSTE MIT GEB\u00dcHR\u00a0<\/span><\/h4>\n<p>[\/et_pb_text][et_pb_blurb url=&#8221;https:\/\/www.dbaspecialists.com\/servizi-reattivi\/&#8221; url_new_window=&#8221;on&#8221; use_icon=&#8221;on&#8221; font_icon=&#8221;%%227%%&#8221; icon_placement=&#8221;left&#8221; _builder_version=&#8221;4.7.6&#8243; body_text_align=&#8221;left&#8221; text_orientation=&#8221;center&#8221; animation=&#8221;off&#8221; border_color=&#8221;#e0e0e0&#8243; border_style=&#8221;solid&#8221;]<a href=\"https:\/\/www.dbaspecialists.com\/servizi-reattivi\/\" target=\"_blank\" rel=\"noopener noreferrer\"><strong>Reaktiver Service<\/strong><\/a><br \/>\n[\/et_pb_blurb][et_pb_blurb url=&#8221;https:\/\/www.dbaspecialists.com\/amministrazione-ordinaria\/&#8221; url_new_window=&#8221;on&#8221; use_icon=&#8221;on&#8221; font_icon=&#8221;%%173%%&#8221; icon_placement=&#8221;left&#8221; _builder_version=&#8221;3.0.87&#8243; body_text_align=&#8221;left&#8221; text_orientation=&#8221;center&#8221; animation=&#8221;off&#8221; border_color=&#8221;#e0e0e0&#8243; border_style=&#8221;solid&#8221;]<a href=\"https:\/\/www.dbaspecialists.com\/de\/ordentliche-datenbankverwaltung\/\" target=\"_blank\" rel=\"noopener noreferrer\"><strong>Ordentliche Verwaltung<\/strong><\/a><br \/>\n[\/et_pb_blurb][et_pb_blurb url=&#8221;https:\/\/www.dbaspecialists.com\/servizi-proattivi\/&#8221; url_new_window=&#8221;on&#8221; use_icon=&#8221;on&#8221; font_icon=&#8221;%%176%%&#8221; icon_placement=&#8221;left&#8221; _builder_version=&#8221;3.0.87&#8243; body_text_align=&#8221;left&#8221; text_orientation=&#8221;center&#8221; animation=&#8221;off&#8221; border_color=&#8221;#e0e0e0&#8243; border_style=&#8221;solid&#8221;]<a href=\"https:\/\/www.dbaspecialists.com\/servizi-proattivi\/\" target=\"_blank\" rel=\"noopener noreferrer\"><strong>Proaktiver Service<\/strong><\/a><br \/>\n[\/et_pb_blurb][\/et_pb_column][et_pb_column type=&#8221;1_4&#8243; _builder_version=&#8221;3.25&#8243; background_position=&#8221;top_left&#8221; custom_padding=&#8221;|||&#8221; custom_padding__hover=&#8221;|||&#8221;][et_pb_text _builder_version=&#8221;3.27.4&#8243; module_alignment=&#8221;left&#8221; border_style=&#8221;solid&#8221;]<\/p>\n<h4><span style=\"color: #e27500;\">PROJEKTE UND REMOTE BERATUNG<\/span><\/h4>\n<p>[\/et_pb_text][et_pb_blurb url=&#8221;https:\/\/www.dbaspecialists.com\/consulenza-professionale\/&#8221; url_new_window=&#8221;on&#8221; use_icon=&#8221;on&#8221; font_icon=&#8221;%%275%%&#8221; icon_placement=&#8221;left&#8221; _builder_version=&#8221;3.0.87&#8243; body_text_align=&#8221;left&#8221; text_orientation=&#8221;center&#8221; animation=&#8221;off&#8221; border_color=&#8221;#e0e0e0&#8243; border_style=&#8221;solid&#8221;]<a href=\"https:\/\/www.dbaspecialists.com\/de\/professional-consulting\/\" target=\"_blank\" rel=\"noopener noreferrer\"><strong>Professionelle Beratung<\/strong><\/a><br \/>\n[\/et_pb_blurb][et_pb_blurb url=&#8221;https:\/\/www.dbaspecialists.com\/verifiche-analisi-sicurezza\/&#8221; url_new_window=&#8221;on&#8221; use_icon=&#8221;on&#8221; font_icon=&#8221;%%228%%&#8221; icon_placement=&#8221;left&#8221; _builder_version=&#8221;3.0.87&#8243; body_text_align=&#8221;left&#8221; text_orientation=&#8221;center&#8221; animation=&#8221;off&#8221; border_color=&#8221;#e0e0e0&#8243; border_style=&#8221;solid&#8221;]<a href=\"https:\/\/www.dbaspecialists.com\/verifiche-analisi-sicurezza\/\" target=\"_blank\" rel=\"noopener noreferrer\"><strong>Sicherheitspr\u00fcfung und -analysen<\/strong><\/a><br \/>\n[\/et_pb_blurb][et_pb_blurb url=&#8221;https:\/\/www.dbaspecialists.com\/prestazioni-ottimizzazione\/&#8221; url_new_window=&#8221;on&#8221; use_icon=&#8221;on&#8221; font_icon=&#8221;%%283%%&#8221; icon_placement=&#8221;left&#8221; _builder_version=&#8221;3.0.87&#8243; body_text_align=&#8221;left&#8221; text_orientation=&#8221;center&#8221; animation=&#8221;off&#8221; border_color=&#8221;#e0e0e0&#8243; border_style=&#8221;solid&#8221;]<a href=\"https:\/\/www.dbaspecialists.com\/prestazioni-ottimizzazione\/\" target=\"_blank\" rel=\"noopener noreferrer\"><strong>Performance und Optimierung<\/strong><\/a><br \/>\n[\/et_pb_blurb][\/et_pb_column][\/et_pb_row][\/et_pb_section][et_pb_section fb_built=&#8221;1&#8243; _builder_version=&#8221;3.22&#8243;][et_pb_row _builder_version=&#8221;3.25&#8243; background_size=&#8221;initial&#8221; background_position=&#8221;top_left&#8221; background_repeat=&#8221;repeat&#8221;][et_pb_column type=&#8221;4_4&#8243; _builder_version=&#8221;3.25&#8243; custom_padding=&#8221;|||&#8221; custom_padding__hover=&#8221;|||&#8221;][et_pb_text _builder_version=&#8221;4.2.1&#8243; module_alignment=&#8221;left&#8221;]<\/p>\n<h2 style=\"text-align: center;\">Unsere Erfahrung f\u00fcr Ihre Oracle Database<\/h2>\n<p>[\/et_pb_text][\/et_pb_column][\/et_pb_row][et_pb_row column_structure=&#8221;1_2,1_2&#8243; _builder_version=&#8221;3.25&#8243; background_size=&#8221;initial&#8221; background_position=&#8221;top_left&#8221; background_repeat=&#8221;repeat&#8221;][et_pb_column type=&#8221;1_2&#8243; _builder_version=&#8221;3.25&#8243; custom_padding=&#8221;|||&#8221; custom_padding__hover=&#8221;|||&#8221;][et_pb_blurb title=&#8221;Maximieren Sie Ihre Investition in Oracle&#8221; use_icon=&#8221;on&#8221; font_icon=&#8221;%%283%%&#8221; _builder_version=&#8221;4.2.1&#8243; max_width_tablet=&#8221;50px&#8221;]Unsere Experten machen es m\u00f6glich, dass Sie alle erweiterten Funktionen von Oracle Database schnell, sicher und effizient in vollem Umfang nutzen k\u00f6nnen.[\/et_pb_blurb][\/et_pb_column][et_pb_column type=&#8221;1_2&#8243; _builder_version=&#8221;3.25&#8243; custom_padding=&#8221;|||&#8221; custom_padding__hover=&#8221;|||&#8221;][et_pb_blurb title=&#8221;Erweiterung des Service und Bereitschaft 24&#215;7&#8243; use_icon=&#8221;on&#8221; font_icon=&#8221;%%227%%&#8221; _builder_version=&#8221;4.2.1&#8243; max_width_tablet=&#8221;50px&#8221; border_style=&#8221;solid&#8221;]M\u00f6glichkeit zur Erweiterung der Serviceleistungen und Garantie der kontinuierlichen Bereitschaft 24\/7, auch bei komplexen Datenbanken mit gro\u00dfer Wachstumsrate.[\/et_pb_blurb][\/et_pb_column][\/et_pb_row][et_pb_row column_structure=&#8221;1_2,1_2&#8243; _builder_version=&#8221;3.25&#8243; background_size=&#8221;initial&#8221; background_position=&#8221;top_left&#8221; background_repeat=&#8221;repeat&#8221;][et_pb_column type=&#8221;1_2&#8243; _builder_version=&#8221;3.25&#8243; custom_padding=&#8221;|||&#8221; custom_padding__hover=&#8221;|||&#8221;][et_pb_blurb title=&#8221;Flexibilit\u00e4t und Erfahrung in n\u00e4chster N\u00e4he&#8221; use_icon=&#8221;on&#8221; font_icon=&#8221;%%275%%&#8221; _builder_version=&#8221;4.2.1&#8243; max_width_tablet=&#8221;50px&#8221;]Die konstante \u00dcberwachung der Datenbanken vermeidet \u00fcber rechtzeitige, genaue Diagnosen die komplexen Probleme, denen Hard- und Software unterliegen. Mit unseren DBA-Beratern k\u00f6nnen Sie Ihre Produktivit\u00e4t steigern.[\/et_pb_blurb][\/et_pb_column][et_pb_column type=&#8221;1_2&#8243; _builder_version=&#8221;3.25&#8243; custom_padding=&#8221;|||&#8221; custom_padding__hover=&#8221;|||&#8221;][et_pb_blurb title=&#8221;F\u00fchrend im Service f\u00fcr DBA Oracle&#8221; use_icon=&#8221;on&#8221; font_icon=&#8221;%%261%%&#8221; _builder_version=&#8221;4.2.1&#8243; max_width_tablet=&#8221;50px&#8221;]Ein umfassendes Portfolio mit DBA-Dienstleistungen, die im Paket und individuell nach Anforderungen und Budget des Kunden erbracht werden k\u00f6nnen. Dank unserer langj\u00e4hrigen Erfahrung sind alle vorgeschlagenen L\u00f6sungen erprobt und konsolidiert.[\/et_pb_blurb][\/et_pb_column][\/et_pb_row][\/et_pb_section]<\/p>\n","protected":false},"excerpt":{"rendered":"<p>Brauchen Sie einen erfahrenen Berater f\u00fcr die Administration Ihrer Oracle Database?Die Datenbank Ihres Unternehmens in besten H\u00e4nden Mit \u00fcber 18 Jahren Erfahrung haben unsere zertifizierten Fachkr\u00e4fte Oracle DBA die erforderlichen Kompetenzen, um komplexe Projekte umzusetzen und die Kunden bei der Datenbank-Verwaltung und -Management zu unterst\u00fctzen. Unsere Datenbank-Dienste k\u00f6nnen in verschiedenen L\u00f6sungen erbracht werden, so dass [&hellip;]<\/p>\n","protected":false},"author":1,"featured_media":0,"parent":0,"menu_order":0,"comment_status":"closed","ping_status":"closed","template":"","meta":{"_et_pb_use_builder":"on","_et_pb_old_content":"","_et_gb_content_width":"","footnotes":""},"class_list":["post-2352","page","type-page","status-publish","hentry"],"yoast_head":"<!-- This site is optimized with the Yoast SEO plugin v27.4 - https:\/\/yoast.com\/product\/yoast-seo-wordpress\/ -->\n<title>Dba Oracle consultant: Datenbank-Administration, Verwaltung und Beratung<\/title>\n<meta name=\"description\" content=\"Mit 18 Jahren Erfahrung bieten wir ein breites Angebot an L\u00f6sungen und Support f\u00fcr Ihre Firmendatenbank. Zertifizierte Oracle-Experten. Bereitschaft 24x7x365.\" \/>\n<meta name=\"robots\" content=\"index, follow, max-snippet:-1, max-image-preview:large, max-video-preview:-1\" \/>\n<link rel=\"canonical\" href=\"https:\/\/www.dbaspecialists.com\/at\/oracle\/\" \/>\n<meta property=\"og:locale\" content=\"de_DE\" \/>\n<meta property=\"og:type\" content=\"article\" \/>\n<meta property=\"og:title\" content=\"Dba Oracle consultant: Datenbank-Administration, Verwaltung und Beratung\" \/>\n<meta property=\"og:description\" content=\"Mit 18 Jahren Erfahrung bieten wir ein breites Angebot an L\u00f6sungen und Support f\u00fcr Ihre Firmendatenbank. Zertifizierte Oracle-Experten. Bereitschaft 24x7x365.\" \/>\n<meta property=\"og:url\" content=\"https:\/\/www.dbaspecialists.com\/at\/oracle\/\" \/>\n<meta property=\"og:site_name\" content=\"DBA Remote Services\" \/>\n<meta property=\"article:publisher\" content=\"https:\/\/www.facebook.com\/BetacomSrl\" \/>\n<meta property=\"article:modified_time\" content=\"2021-02-11T17:46:52+00:00\" \/>\n<meta name=\"twitter:card\" content=\"summary_large_image\" \/>\n<meta name=\"twitter:label1\" content=\"Gesch\u00e4tzte Lesezeit\" \/>\n\t<meta name=\"twitter:data1\" content=\"9 Minuten\" \/>\n<script type=\"application\/ld+json\" class=\"yoast-schema-graph\">{\"@context\":\"https:\\\/\\\/schema.org\",\"@graph\":[{\"@type\":\"WebPage\",\"@id\":\"https:\\\/\\\/www.dbaspecialists.com\\\/at\\\/oracle\\\/\",\"url\":\"https:\\\/\\\/www.dbaspecialists.com\\\/at\\\/oracle\\\/\",\"name\":\"Dba Oracle consultant: Datenbank-Administration, Verwaltung und Beratung\",\"isPartOf\":{\"@id\":\"https:\\\/\\\/www.dbaspecialists.com\\\/#website\"},\"datePublished\":\"2021-02-11T14:35:16+00:00\",\"dateModified\":\"2021-02-11T17:46:52+00:00\",\"description\":\"Mit 18 Jahren Erfahrung bieten wir ein breites Angebot an L\u00f6sungen und Support f\u00fcr Ihre Firmendatenbank. Zertifizierte Oracle-Experten. Bereitschaft 24x7x365.\",\"breadcrumb\":{\"@id\":\"https:\\\/\\\/www.dbaspecialists.com\\\/at\\\/oracle\\\/#breadcrumb\"},\"inLanguage\":\"de-AT\",\"potentialAction\":[{\"@type\":\"ReadAction\",\"target\":[\"https:\\\/\\\/www.dbaspecialists.com\\\/at\\\/oracle\\\/\"]}]},{\"@type\":\"BreadcrumbList\",\"@id\":\"https:\\\/\\\/www.dbaspecialists.com\\\/at\\\/oracle\\\/#breadcrumb\",\"itemListElement\":[{\"@type\":\"ListItem\",\"position\":1,\"name\":\"Home\",\"item\":\"https:\\\/\\\/www.dbaspecialists.com\\\/at\\\/\"},{\"@type\":\"ListItem\",\"position\":2,\"name\":\"Oracle\"}]},{\"@type\":\"WebSite\",\"@id\":\"https:\\\/\\\/www.dbaspecialists.com\\\/#website\",\"url\":\"https:\\\/\\\/www.dbaspecialists.com\\\/\",\"name\":\"DBA Remote Services - Betacom\",\"description\":\"Servizi DBA 24\\\/7\",\"publisher\":{\"@id\":\"https:\\\/\\\/www.dbaspecialists.com\\\/#organization\"},\"potentialAction\":[{\"@type\":\"SearchAction\",\"target\":{\"@type\":\"EntryPoint\",\"urlTemplate\":\"https:\\\/\\\/www.dbaspecialists.com\\\/?s={search_term_string}\"},\"query-input\":{\"@type\":\"PropertyValueSpecification\",\"valueRequired\":true,\"valueName\":\"search_term_string\"}}],\"inLanguage\":\"de-AT\"},{\"@type\":\"Organization\",\"@id\":\"https:\\\/\\\/www.dbaspecialists.com\\\/#organization\",\"name\":\"Betacom\",\"url\":\"https:\\\/\\\/www.dbaspecialists.com\\\/\",\"logo\":{\"@type\":\"ImageObject\",\"inLanguage\":\"de-AT\",\"@id\":\"https:\\\/\\\/www.dbaspecialists.com\\\/#\\\/schema\\\/logo\\\/image\\\/\",\"url\":\"https:\\\/\\\/www.dbaspecialists.com\\\/wp-content\\\/uploads\\\/2016\\\/04\\\/DBA-logo_s.png\",\"contentUrl\":\"https:\\\/\\\/www.dbaspecialists.com\\\/wp-content\\\/uploads\\\/2016\\\/04\\\/DBA-logo_s.png\",\"width\":250,\"height\":78,\"caption\":\"Betacom\"},\"image\":{\"@id\":\"https:\\\/\\\/www.dbaspecialists.com\\\/#\\\/schema\\\/logo\\\/image\\\/\"},\"sameAs\":[\"https:\\\/\\\/www.facebook.com\\\/BetacomSrl\",\"https:\\\/\\\/www.instagram.com\\\/betacom_it\\\/\"]}]}<\/script>\n<!-- \/ Yoast SEO plugin. -->","yoast_head_json":{"title":"Dba Oracle consultant: Datenbank-Administration, Verwaltung und Beratung","description":"Mit 18 Jahren Erfahrung bieten wir ein breites Angebot an L\u00f6sungen und Support f\u00fcr Ihre Firmendatenbank. Zertifizierte Oracle-Experten. Bereitschaft 24x7x365.","robots":{"index":"index","follow":"follow","max-snippet":"max-snippet:-1","max-image-preview":"max-image-preview:large","max-video-preview":"max-video-preview:-1"},"canonical":"https:\/\/www.dbaspecialists.com\/at\/oracle\/","og_locale":"de_DE","og_type":"article","og_title":"Dba Oracle consultant: Datenbank-Administration, Verwaltung und Beratung","og_description":"Mit 18 Jahren Erfahrung bieten wir ein breites Angebot an L\u00f6sungen und Support f\u00fcr Ihre Firmendatenbank. Zertifizierte Oracle-Experten. Bereitschaft 24x7x365.","og_url":"https:\/\/www.dbaspecialists.com\/at\/oracle\/","og_site_name":"DBA Remote Services","article_publisher":"https:\/\/www.facebook.com\/BetacomSrl","article_modified_time":"2021-02-11T17:46:52+00:00","twitter_card":"summary_large_image","twitter_misc":{"Gesch\u00e4tzte Lesezeit":"9 Minuten"},"schema":{"@context":"https:\/\/schema.org","@graph":[{"@type":"WebPage","@id":"https:\/\/www.dbaspecialists.com\/at\/oracle\/","url":"https:\/\/www.dbaspecialists.com\/at\/oracle\/","name":"Dba Oracle consultant: Datenbank-Administration, Verwaltung und Beratung","isPartOf":{"@id":"https:\/\/www.dbaspecialists.com\/#website"},"datePublished":"2021-02-11T14:35:16+00:00","dateModified":"2021-02-11T17:46:52+00:00","description":"Mit 18 Jahren Erfahrung bieten wir ein breites Angebot an L\u00f6sungen und Support f\u00fcr Ihre Firmendatenbank. Zertifizierte Oracle-Experten. Bereitschaft 24x7x365.","breadcrumb":{"@id":"https:\/\/www.dbaspecialists.com\/at\/oracle\/#breadcrumb"},"inLanguage":"de-AT","potentialAction":[{"@type":"ReadAction","target":["https:\/\/www.dbaspecialists.com\/at\/oracle\/"]}]},{"@type":"BreadcrumbList","@id":"https:\/\/www.dbaspecialists.com\/at\/oracle\/#breadcrumb","itemListElement":[{"@type":"ListItem","position":1,"name":"Home","item":"https:\/\/www.dbaspecialists.com\/at\/"},{"@type":"ListItem","position":2,"name":"Oracle"}]},{"@type":"WebSite","@id":"https:\/\/www.dbaspecialists.com\/#website","url":"https:\/\/www.dbaspecialists.com\/","name":"DBA Remote Services - Betacom","description":"Servizi DBA 24\/7","publisher":{"@id":"https:\/\/www.dbaspecialists.com\/#organization"},"potentialAction":[{"@type":"SearchAction","target":{"@type":"EntryPoint","urlTemplate":"https:\/\/www.dbaspecialists.com\/?s={search_term_string}"},"query-input":{"@type":"PropertyValueSpecification","valueRequired":true,"valueName":"search_term_string"}}],"inLanguage":"de-AT"},{"@type":"Organization","@id":"https:\/\/www.dbaspecialists.com\/#organization","name":"Betacom","url":"https:\/\/www.dbaspecialists.com\/","logo":{"@type":"ImageObject","inLanguage":"de-AT","@id":"https:\/\/www.dbaspecialists.com\/#\/schema\/logo\/image\/","url":"https:\/\/www.dbaspecialists.com\/wp-content\/uploads\/2016\/04\/DBA-logo_s.png","contentUrl":"https:\/\/www.dbaspecialists.com\/wp-content\/uploads\/2016\/04\/DBA-logo_s.png","width":250,"height":78,"caption":"Betacom"},"image":{"@id":"https:\/\/www.dbaspecialists.com\/#\/schema\/logo\/image\/"},"sameAs":["https:\/\/www.facebook.com\/BetacomSrl","https:\/\/www.instagram.com\/betacom_it\/"]}]}},"_links":{"self":[{"href":"https:\/\/www.dbaspecialists.com\/at\/wp-json\/wp\/v2\/pages\/2352","targetHints":{"allow":["GET"]}}],"collection":[{"href":"https:\/\/www.dbaspecialists.com\/at\/wp-json\/wp\/v2\/pages"}],"about":[{"href":"https:\/\/www.dbaspecialists.com\/at\/wp-json\/wp\/v2\/types\/page"}],"author":[{"embeddable":true,"href":"https:\/\/www.dbaspecialists.com\/at\/wp-json\/wp\/v2\/users\/1"}],"replies":[{"embeddable":true,"href":"https:\/\/www.dbaspecialists.com\/at\/wp-json\/wp\/v2\/comments?post=2352"}],"version-history":[{"count":4,"href":"https:\/\/www.dbaspecialists.com\/at\/wp-json\/wp\/v2\/pages\/2352\/revisions"}],"predecessor-version":[{"id":2506,"href":"https:\/\/www.dbaspecialists.com\/at\/wp-json\/wp\/v2\/pages\/2352\/revisions\/2506"}],"wp:attachment":[{"href":"https:\/\/www.dbaspecialists.com\/at\/wp-json\/wp\/v2\/media?parent=2352"}],"curies":[{"name":"wp","href":"https:\/\/api.w.org\/{rel}","templated":true}]}}