{"id":2304,"date":"2021-02-11T15:23:09","date_gmt":"2021-02-11T14:23:09","guid":{"rendered":"https:\/\/www.dbaspecialists.com\/kostenvoranschlag-anfordern\/"},"modified":"2026-02-09T15:31:38","modified_gmt":"2026-02-09T14:31:38","slug":"kostenvoranschlag-anfordern","status":"publish","type":"page","link":"https:\/\/www.dbaspecialists.com\/at\/kostenvoranschlag-anfordern\/","title":{"rendered":"Kostenvoranschlag anfordern"},"content":{"rendered":"<p>[et_pb_section fb_built=&#8221;1&#8243; fullwidth=&#8221;on&#8221; custom_padding_last_edited=&#8221;on|desktop&#8221; disabled_on=&#8221;off|off|&#8221; _builder_version=&#8221;4.16&#8243; background_color=&#8221;#ffffff&#8221; custom_padding_tablet=&#8221;50px|0|50px|0&#8243; custom_padding_phone=&#8221;&#8221; transparent_background=&#8221;off&#8221; padding_mobile=&#8221;off&#8221; make_fullwidth=&#8221;off&#8221; use_custom_width=&#8221;off&#8221; width_unit=&#8221;on&#8221; global_colors_info=&#8221;{}&#8221;][et_pb_fullwidth_header title=&#8221;Kostenvoranschlag anfordern&#8221; text_orientation=&#8221;center&#8221; content_max_width=&#8221;none&#8221; _builder_version=&#8221;4.16&#8243; title_font_size=&#8221;46px&#8221; background_color=&#8221;rgba(255, 255, 255, 0)&#8221; use_background_color_gradient=&#8221;on&#8221; background_color_gradient_stops=&#8221;#2b87da 0%|#004494 100%&#8221; background_color_gradient_end=&#8221;#004494&#8243; title_font_size_tablet=&#8221;36px&#8221; title_font_size_phone=&#8221;30px&#8221; title_font_size_last_edited=&#8221;on|phone&#8221; button_one_letter_spacing_hover=&#8221;0&#8243; button_two_letter_spacing_hover=&#8221;0&#8243; global_colors_info=&#8221;{}&#8221; button_one_text_size__hover_enabled=&#8221;off&#8221; button_two_text_size__hover_enabled=&#8221;off&#8221; button_one_text_color__hover_enabled=&#8221;off&#8221; button_two_text_color__hover_enabled=&#8221;off&#8221; button_one_border_width__hover_enabled=&#8221;off&#8221; button_two_border_width__hover_enabled=&#8221;off&#8221; button_one_border_color__hover_enabled=&#8221;off&#8221; button_two_border_color__hover_enabled=&#8221;off&#8221; button_one_border_radius__hover_enabled=&#8221;off&#8221; button_two_border_radius__hover_enabled=&#8221;off&#8221; button_one_letter_spacing__hover_enabled=&#8221;on&#8221; button_one_letter_spacing__hover=&#8221;0&#8243; button_two_letter_spacing__hover_enabled=&#8221;on&#8221; button_two_letter_spacing__hover=&#8221;0&#8243; button_one_bg_color__hover_enabled=&#8221;off&#8221; button_two_bg_color__hover_enabled=&#8221;off&#8221;][\/et_pb_fullwidth_header][\/et_pb_section][et_pb_section fb_built=&#8221;1&#8243; _builder_version=&#8221;4.16&#8243; global_colors_info=&#8221;{}&#8221;][et_pb_row column_structure=&#8221;1_4,3_4&#8243; _builder_version=&#8221;4.16&#8243; background_size=&#8221;initial&#8221; background_position=&#8221;top_left&#8221; background_repeat=&#8221;repeat&#8221; global_colors_info=&#8221;{}&#8221;][et_pb_column type=&#8221;1_4&#8243; _builder_version=&#8221;4.16&#8243; custom_padding=&#8221;|||&#8221; global_colors_info=&#8221;{}&#8221; custom_padding__hover=&#8221;|||&#8221;][et_pb_blurb image=&#8221;https:\/\/www.dbaspecialists.com\/wp-content\/uploads\/2021\/02\/austria.png&#8221; image_icon_width=&#8221;50%&#8221; disabled_on=&#8221;off|off|&#8221; _builder_version=&#8221;4.16&#8243; text_orientation=&#8221;center&#8221; max_width_tablet=&#8221;50px&#8221; border_style=&#8221;solid&#8221; image_max_width=&#8221;50%&#8221; global_colors_info=&#8221;{}&#8221;]<\/p>\n<p><span>Wir erbringen unsere Dienste im gesamten Landesgebiet.<\/span><\/p>\n<p>[\/et_pb_blurb][\/et_pb_column][et_pb_column type=&#8221;3_4&#8243; _builder_version=&#8221;4.16&#8243; custom_padding=&#8221;|||&#8221; global_colors_info=&#8221;{}&#8221; custom_padding__hover=&#8221;|||&#8221;][et_pb_text admin_label=&#8221;Text&#8221; _builder_version=&#8221;4.16&#8243; background_size=&#8221;initial&#8221; background_position=&#8221;top_left&#8221; background_repeat=&#8221;repeat&#8221; custom_padding=&#8221;||-20px|&#8221; border_style=&#8221;solid&#8221; global_colors_info=&#8221;{}&#8221;]<\/p>\n<p>Unser Team steht zu Ihren Diensten, um Sie bei allen Anfragen zu unterst\u00fctzen.<\/p>\n<p>Wenden Sie sich an uns, um einen Kostenvoranschlag zu erhalten \u2013 entweder mit dem Formular unten oder telefonisch \u2013 und geben Sie an, welche Dienstleistung(en) Sie interessieren. Unsere kaufm\u00e4nnische Abteilung bearbeitet Ihre Anfrage und antwortet Ihnen so bald wie m\u00f6glich im direkten Kontakt oder mit der \u00dcbersendung von ausf\u00fchrlichen Informationen \u00fcber unsere L\u00f6sungen.<\/p>\n<p>Unser Team steht zu Ihrer Verf\u00fcgung.<\/p>\n<p>Die Anfrage ist unverbindlich.<\/p>\n<p>[\/et_pb_text][\/et_pb_column][\/et_pb_row][et_pb_row column_structure=&#8221;2_3,1_3&#8243; use_custom_gutter=&#8221;on&#8221; gutter_width=&#8221;4&#8243; padding_mobile=&#8221;off&#8221; column_padding_mobile=&#8221;on&#8221; _builder_version=&#8221;4.16&#8243; background_size=&#8221;initial&#8221; background_position=&#8221;top_left&#8221; background_repeat=&#8221;repeat&#8221; make_fullwidth=&#8221;off&#8221; use_custom_width=&#8221;off&#8221; width_unit=&#8221;on&#8221; global_colors_info=&#8221;{}&#8221;][et_pb_column type=&#8221;2_3&#8243; _builder_version=&#8221;4.16&#8243; custom_padding=&#8221;|||&#8221; global_colors_info=&#8221;{}&#8221; custom_padding__hover=&#8221;|||&#8221;][et_pb_text _builder_version=&#8221;4.16&#8243; header_text_color=&#8221;#df7900&#8243; background_color=&#8221;#df7900&#8243; text_orientation=&#8221;center&#8221; background_layout=&#8221;dark&#8221; module_alignment=&#8221;center&#8221; custom_margin=&#8221;||0px|&#8221; custom_padding=&#8221;25px|25px|25px|25px&#8221; border_width_all=&#8221;10px&#8221; border_color_all=&#8221;#df7900&#8243; border_style_all=&#8221;solid&#8221; use_border_color=&#8221;on&#8221; border_color=&#8221;#df7900&#8243; border_width=&#8221;10px&#8221; border_style=&#8221;solid&#8221; global_colors_info=&#8221;{}&#8221;]<strong>ANFRAGE \u00dcBER FORMULAR<\/strong><br \/>\n[\/et_pb_text][et_pb_text admin_label=&#8221;Text&#8221; _builder_version=&#8221;4.27.5&#8243; background_size=&#8221;initial&#8221; background_position=&#8221;top_left&#8221; background_repeat=&#8221;repeat&#8221; custom_margin=&#8221;0px|||&#8221; custom_padding=&#8221;25px|25px|25px|25px&#8221; hover_enabled=&#8221;0&#8243; border_width_all=&#8221;10&#8243; border_color_all=&#8221;#df7900&#8243; border_style_all=&#8221;solid&#8221; use_border_color=&#8221;on&#8221; border_color=&#8221;#df7900&#8243; border_width=&#8221;10&#8243; border_style=&#8221;solid&#8221; global_colors_info=&#8221;{}&#8221; sticky_enabled=&#8221;0&#8243;]<\/p>\n<p><span><style id=\"wpforms-css-vars-4255\">\n\t\t\t\t#wpforms-4255 {\n\t\t\t\t--wpforms-field-size-input-height: 43px;\n--wpforms-field-size-input-spacing: 15px;\n--wpforms-field-size-font-size: 16px;\n--wpforms-field-size-line-height: 19px;\n--wpforms-field-size-padding-h: 14px;\n--wpforms-field-size-checkbox-size: 16px;\n--wpforms-field-size-sublabel-spacing: 5px;\n--wpforms-field-size-icon-size: 1;\n--wpforms-label-size-font-size: 16px;\n--wpforms-label-size-line-height: 19px;\n--wpforms-label-size-sublabel-font-size: 14px;\n--wpforms-label-size-sublabel-line-height: 17px;\n--wpforms-button-size-font-size: 17px;\n--wpforms-button-size-height: 41px;\n--wpforms-button-size-padding-h: 15px;\n--wpforms-button-size-margin-top: 10px;\n--wpforms-container-shadow-size-box-shadow: none;\n\t\t\t}\n\t\t\t<\/style><div class=\"wpforms-container wpforms-container-full wpforms-render-modern\" id=\"wpforms-4255\"><form id=\"wpforms-form-4255\" class=\"wpforms-validate wpforms-form wpforms-ajax-form\" data-formid=\"4255\" method=\"post\" enctype=\"multipart\/form-data\" action=\"\/at\/wp-json\/wp\/v2\/pages\/2304\" data-token=\"4a16ee2b2cd1bb900bc4ea79ece6c1a0\" data-token-time=\"1777713672\"><noscript class=\"wpforms-error-noscript\">Please enable JavaScript in your browser to complete this form.<\/noscript><div id=\"wpforms-error-noscript\" style=\"display: none;\">Please enable JavaScript in your browser to complete this form.<\/div><div class=\"wpforms-field-container\"><div id=\"wpforms-4255-field_1-container\" class=\"wpforms-field wpforms-field-name\" data-field-id=\"1\"><fieldset><legend class=\"wpforms-field-label\">Name und Nachname <span class=\"wpforms-required-label\" aria-hidden=\"true\">*<\/span><\/legend><div class=\"wpforms-field-row wpforms-field-large\"><div class=\"wpforms-field-row-block wpforms-first wpforms-one-half\"><input type=\"text\" id=\"wpforms-4255-field_1\" class=\"wpforms-field-name-first wpforms-field-required\" name=\"wpforms[fields][1][first]\" aria-errormessage=\"wpforms-4255-field_1-error\" required><label for=\"wpforms-4255-field_1\" class=\"wpforms-field-sublabel after wpforms-sublabel-hide\">First<\/label><\/div><div class=\"wpforms-field-row-block wpforms-one-half\"><input type=\"text\" id=\"wpforms-4255-field_1-last\" class=\"wpforms-field-name-last wpforms-field-required\" name=\"wpforms[fields][1][last]\" aria-errormessage=\"wpforms-4255-field_1-last-error\" required><label for=\"wpforms-4255-field_1-last\" class=\"wpforms-field-sublabel after wpforms-sublabel-hide\">Last<\/label><\/div><\/div><\/fieldset><\/div>\t\t<div id=\"wpforms-4255-field_4-container\"\n\t\t\tclass=\"wpforms-field wpforms-field-text\"\n\t\t\tdata-field-type=\"text\"\n\t\t\tdata-field-id=\"4\"\n\t\t\t>\n\t\t\t<label class=\"wpforms-field-label\" for=\"wpforms-4255-field_4\" >E-Mail und Name<\/label>\n\t\t\t<input type=\"text\" id=\"wpforms-4255-field_4\" class=\"wpforms-field-medium\" name=\"wpforms[fields][4]\" >\n\t\t<\/div>\n\t\t<div id=\"wpforms-4255-field_6-container\" class=\"wpforms-field wpforms-field-text\" data-field-id=\"6\"><label class=\"wpforms-field-label\" for=\"wpforms-4255-field_6\">Unternehmen <span class=\"wpforms-required-label\" aria-hidden=\"true\">*<\/span><\/label><input type=\"text\" id=\"wpforms-4255-field_6\" class=\"wpforms-field-large wpforms-field-required\" name=\"wpforms[fields][6]\" aria-errormessage=\"wpforms-4255-field_6-error\" required><\/div><div id=\"wpforms-4255-field_5-container\" class=\"wpforms-field wpforms-field-phone\" data-field-id=\"5\"><label class=\"wpforms-field-label\" for=\"wpforms-4255-field_5\">Telefonnummer <span class=\"wpforms-required-label\" aria-hidden=\"true\">*<\/span><\/label><input type=\"tel\" id=\"wpforms-4255-field_5\" class=\"wpforms-field-large wpforms-field-required wpforms-smart-phone-field\" data-rule-smart-phone-field=\"true\" name=\"wpforms[fields][5]\" aria-label=\"Telefonnummer\" aria-errormessage=\"wpforms-4255-field_5-error\" required><\/div><div id=\"wpforms-4255-field_2-container\" class=\"wpforms-field wpforms-field-email\" data-field-id=\"2\"><label class=\"wpforms-field-label\" for=\"wpforms-4255-field_2\">E-Mail <span class=\"wpforms-required-label\" aria-hidden=\"true\">*<\/span><\/label><input type=\"email\" id=\"wpforms-4255-field_2\" class=\"wpforms-field-large wpforms-field-required\" name=\"wpforms[fields][2]\" spellcheck=\"false\" aria-errormessage=\"wpforms-4255-field_2-error\" required><\/div><div id=\"wpforms-4255-field_3-container\" class=\"wpforms-field wpforms-field-textarea\" data-field-id=\"3\"><label class=\"wpforms-field-label\" for=\"wpforms-4255-field_3\">Anfrage <span class=\"wpforms-required-label\" aria-hidden=\"true\">*<\/span><\/label><textarea id=\"wpforms-4255-field_3\" class=\"wpforms-field-medium wpforms-field-required\" name=\"wpforms[fields][3]\" aria-errormessage=\"wpforms-4255-field_3-error\" required><\/textarea><\/div><script>\n\t\t\t\t( function() {\n\t\t\t\t\tconst style = document.createElement( 'style' );\n\t\t\t\t\tstyle.appendChild( document.createTextNode( '#wpforms-4255-field_4-container { position: absolute !important; overflow: hidden !important; display: inline !important; height: 1px !important; width: 1px !important; z-index: -1000 !important; padding: 0 !important; } #wpforms-4255-field_4-container input { visibility: hidden; } #wpforms-conversational-form-page #wpforms-4255-field_4-container label { counter-increment: none; }' ) );\n\t\t\t\t\tdocument.head.appendChild( style );\n\t\t\t\t\tdocument.currentScript?.remove();\n\t\t\t\t} )();\n\t\t\t<\/script><\/div><!-- .wpforms-field-container --><div class=\"wpforms-submit-container\" ><input type=\"hidden\" name=\"wpforms[id]\" value=\"4255\"><input type=\"hidden\" name=\"page_title\" value=\"\"><input type=\"hidden\" name=\"page_url\" value=\"https:\/\/www.dbaspecialists.com\/at\/wp-json\/wp\/v2\/pages\/2304\"><input type=\"hidden\" name=\"url_referer\" value=\"\"><button type=\"submit\" name=\"wpforms[submit]\" id=\"wpforms-submit-4255\" class=\"wpforms-submit\" data-alt-text=\"Versand im Gange\" data-submit-text=\"Absenden\" aria-live=\"assertive\" value=\"wpforms-submit\">Absenden<\/button><img loading=\"lazy\" decoding=\"async\" src=\"https:\/\/www.dbaspecialists.com\/wp-content\/plugins\/wpforms\/assets\/images\/submit-spin.svg\" class=\"wpforms-submit-spinner\" style=\"display: none;\" width=\"26\" height=\"26\" alt=\"Loading\"><\/div><\/form><\/div>  <!-- .wpforms-container --><\/span><\/p>\n<p>[\/et_pb_text][\/et_pb_column][et_pb_column type=&#8221;1_3&#8243; _builder_version=&#8221;4.16&#8243; custom_padding=&#8221;|||&#8221; global_colors_info=&#8221;{}&#8221; custom_padding__hover=&#8221;|||&#8221;][et_pb_blurb image=&#8221;https:\/\/www.dbaspecialists.com\/wp-content\/uploads\/2021\/02\/austria.png&#8221; image_icon_width=&#8221;50%&#8221; disabled_on=&#8221;on|on|&#8221; _builder_version=&#8221;4.16&#8243; text_orientation=&#8221;center&#8221; max_width_tablet=&#8221;50px&#8221; border_style=&#8221;solid&#8221; image_max_width=&#8221;50%&#8221; global_colors_info=&#8221;{}&#8221;]<\/p>\n<p><span>Wir erbringen unsere Dienste im gesamten Landesgebiet.<\/span><\/p>\n<p>[\/et_pb_blurb][et_pb_image src=&#8221;https:\/\/www.dbaspecialists.com\/wp-content\/uploads\/2016\/04\/DBA-logo_s.png&#8221; alt=&#8221;Logo&#8221; show_bottom_space=&#8221;off&#8221; align=&#8221;center&#8221; align_tablet=&#8221;center&#8221; align_phone=&#8221;&#8221; align_last_edited=&#8221;on|desktop&#8221; _builder_version=&#8221;4.16&#8243; border_style=&#8221;solid&#8221; animation=&#8221;off&#8221; sticky=&#8221;off&#8221; always_center_on_mobile=&#8221;on&#8221; global_colors_info=&#8221;{}&#8221;][\/et_pb_image][et_pb_text _builder_version=&#8221;4.16&#8243; background_size=&#8221;initial&#8221; background_position=&#8221;top_left&#8221; background_repeat=&#8221;repeat&#8221; border_style_all=&#8221;solid&#8221; border_style=&#8221;solid&#8221; global_colors_info=&#8221;{}&#8221;]<\/p>\n<p style=\"text-align: center;\">eine Gesch\u00e4ftseinheit von<br \/> <a href=\"http:\/\/www.betacom.it\/\" target=\"_blank\" rel=\"noopener noreferrer\"><img loading=\"lazy\" decoding=\"async\" class=\"alignnone wp-image-1043\" src=\"https:\/\/www.dbaspecialists.com\/wp-content\/uploads\/2018\/02\/betacom.png\" alt=\"\" width=\"137\" height=\"45\" \/><\/a><\/p>\n<p>[\/et_pb_text][et_pb_blurb title=&#8221;Zufriedene Kunden seit 18 Jahren&#8221; use_icon=&#8221;on&#8221; font_icon=&#8221;&#xe085;||divi||400&#8243; icon_placement=&#8221;left&#8221; admin_label=&#8221;Clienti soddisfatti da 15 anni&#8221; _builder_version=&#8221;4.16&#8243; header_font=&#8221;|on|||&#8221; text_orientation=&#8221;center&#8221; custom_margin=&#8221;||0px|&#8221; custom_padding=&#8221;||0px|&#8221; animation=&#8221;off&#8221; border_style=&#8221;solid&#8221; global_colors_info=&#8221;{}&#8221;][\/et_pb_blurb][et_pb_blurb title=&#8221;Bereitschaft 24x7x365&#8243; use_icon=&#8221;on&#8221; font_icon=&#8221;&#xe06b;||divi||400&#8243; icon_placement=&#8221;left&#8221; admin_label=&#8221;Clienti soddisfatti da 15 anni&#8221; _builder_version=&#8221;4.16&#8243; header_font=&#8221;|on|||&#8221; text_orientation=&#8221;center&#8221; custom_margin=&#8221;0px||0px|&#8221; custom_padding=&#8221;0px||0px|&#8221; animation=&#8221;off&#8221; border_style=&#8221;solid&#8221; global_colors_info=&#8221;{}&#8221;][\/et_pb_blurb][et_pb_blurb title=&#8221;Verschiedene Servicepl\u00e4ne&#8221; use_icon=&#8221;on&#8221; font_icon=&#8221;&#xe08c;||divi||400&#8243; icon_placement=&#8221;left&#8221; admin_label=&#8221;Diversi piani di servizio&#8221; _builder_version=&#8221;4.16&#8243; header_font=&#8221;|on|||&#8221; text_orientation=&#8221;center&#8221; custom_margin=&#8221;0px||0px|&#8221; custom_padding=&#8221;0px||0px|&#8221; animation=&#8221;off&#8221; border_style=&#8221;solid&#8221; global_colors_info=&#8221;{}&#8221;][\/et_pb_blurb][et_pb_blurb title=&#8221;DBA-Dienste im Paket oder individuell&#8221; use_icon=&#8221;on&#8221; font_icon=&#8221;&#xe037;||divi||400&#8243; icon_placement=&#8221;left&#8221; admin_label=&#8221;Servizi DBA a pacchetto o personalizzati&#8221; _builder_version=&#8221;4.16&#8243; header_font=&#8221;|on|||&#8221; text_orientation=&#8221;center&#8221; custom_padding=&#8221;0px|||&#8221; animation=&#8221;off&#8221; border_style=&#8221;solid&#8221; global_colors_info=&#8221;{}&#8221;][\/et_pb_blurb][\/et_pb_column][\/et_pb_row][\/et_pb_section]<\/p>\n","protected":false},"excerpt":{"rendered":"<p>Wir erbringen unsere Dienste im gesamten Landesgebiet.Unser Team steht zu Ihren Diensten, um Sie bei allen Anfragen zu unterst\u00fctzen. Wenden Sie sich an uns, um einen Kostenvoranschlag zu erhalten \u2013 entweder mit dem Formular unten oder telefonisch \u2013 und geben Sie an, welche Dienstleistung(en) Sie interessieren. Unsere kaufm\u00e4nnische Abteilung bearbeitet Ihre Anfrage und antwortet Ihnen [&hellip;]<\/p>\n","protected":false},"author":1,"featured_media":0,"parent":0,"menu_order":0,"comment_status":"closed","ping_status":"closed","template":"","meta":{"_et_pb_use_builder":"on","_et_pb_old_content":"","_et_gb_content_width":"","footnotes":""},"class_list":["post-2304","page","type-page","status-publish","hentry"],"yoast_head":"<!-- This site is optimized with the Yoast SEO plugin v27.5 - https:\/\/yoast.com\/product\/yoast-seo-wordpress\/ -->\n<title>Anfrage Kostenvoranschlag<\/title>\n<meta name=\"description\" content=\"Unsere kaufm\u00e4nnische Abteilung bearbeitet Ihre Anfrage und beantwortet sie so bald wie m\u00f6glich.\" \/>\n<meta name=\"robots\" content=\"index, follow, max-snippet:-1, max-image-preview:large, max-video-preview:-1\" \/>\n<link rel=\"canonical\" href=\"https:\/\/www.dbaspecialists.com\/richiesta-preventivo\/\" \/>\n<meta property=\"og:locale\" content=\"de_DE\" \/>\n<meta property=\"og:type\" content=\"article\" \/>\n<meta property=\"og:title\" content=\"Anfrage Kostenvoranschlag\" \/>\n<meta property=\"og:description\" content=\"Unsere kaufm\u00e4nnische Abteilung bearbeitet Ihre Anfrage und beantwortet sie so bald wie m\u00f6glich.\" \/>\n<meta property=\"og:url\" content=\"https:\/\/www.dbaspecialists.com\/richiesta-preventivo\/\" \/>\n<meta property=\"og:site_name\" content=\"DBA Remote Services\" \/>\n<meta property=\"article:publisher\" content=\"https:\/\/www.facebook.com\/BetacomSrl\" \/>\n<meta property=\"article:modified_time\" content=\"2026-02-09T14:31:38+00:00\" \/>\n<meta property=\"og:image\" content=\"https:\/\/www.dbaspecialists.com\/wp-content\/uploads\/2018\/02\/betacom.png\" \/>\n<meta name=\"twitter:card\" content=\"summary_large_image\" \/>\n<meta name=\"twitter:label1\" content=\"Gesch\u00e4tzte Lesezeit\" \/>\n\t<meta name=\"twitter:data1\" content=\"5 Minuten\" \/>\n<script type=\"application\/ld+json\" class=\"yoast-schema-graph\">{\"@context\":\"https:\\\/\\\/schema.org\",\"@graph\":[{\"@type\":\"WebPage\",\"@id\":\"https:\\\/\\\/www.dbaspecialists.com\\\/richiesta-preventivo\\\/\",\"url\":\"https:\\\/\\\/www.dbaspecialists.com\\\/richiesta-preventivo\\\/\",\"name\":\"Anfrage Kostenvoranschlag\",\"isPartOf\":{\"@id\":\"https:\\\/\\\/www.dbaspecialists.com\\\/#website\"},\"primaryImageOfPage\":{\"@id\":\"https:\\\/\\\/www.dbaspecialists.com\\\/richiesta-preventivo\\\/#primaryimage\"},\"image\":{\"@id\":\"https:\\\/\\\/www.dbaspecialists.com\\\/richiesta-preventivo\\\/#primaryimage\"},\"thumbnailUrl\":\"https:\\\/\\\/www.dbaspecialists.com\\\/wp-content\\\/uploads\\\/2018\\\/02\\\/betacom.png\",\"datePublished\":\"2021-02-11T14:23:09+00:00\",\"dateModified\":\"2026-02-09T14:31:38+00:00\",\"description\":\"Unsere kaufm\u00e4nnische Abteilung bearbeitet Ihre Anfrage und beantwortet sie so bald wie m\u00f6glich.\",\"breadcrumb\":{\"@id\":\"https:\\\/\\\/www.dbaspecialists.com\\\/richiesta-preventivo\\\/#breadcrumb\"},\"inLanguage\":\"de-AT\",\"potentialAction\":[{\"@type\":\"ReadAction\",\"target\":[\"https:\\\/\\\/www.dbaspecialists.com\\\/richiesta-preventivo\\\/\"]}]},{\"@type\":\"ImageObject\",\"inLanguage\":\"de-AT\",\"@id\":\"https:\\\/\\\/www.dbaspecialists.com\\\/richiesta-preventivo\\\/#primaryimage\",\"url\":\"https:\\\/\\\/www.dbaspecialists.com\\\/wp-content\\\/uploads\\\/2018\\\/02\\\/betacom.png\",\"contentUrl\":\"https:\\\/\\\/www.dbaspecialists.com\\\/wp-content\\\/uploads\\\/2018\\\/02\\\/betacom.png\"},{\"@type\":\"BreadcrumbList\",\"@id\":\"https:\\\/\\\/www.dbaspecialists.com\\\/richiesta-preventivo\\\/#breadcrumb\",\"itemListElement\":[{\"@type\":\"ListItem\",\"position\":1,\"name\":\"Home\",\"item\":\"https:\\\/\\\/www.dbaspecialists.com\\\/at\\\/\"},{\"@type\":\"ListItem\",\"position\":2,\"name\":\"Kostenvoranschlag anfordern\"}]},{\"@type\":\"WebSite\",\"@id\":\"https:\\\/\\\/www.dbaspecialists.com\\\/#website\",\"url\":\"https:\\\/\\\/www.dbaspecialists.com\\\/\",\"name\":\"DBA Remote Services - Betacom\",\"description\":\"Servizi DBA 24\\\/7\",\"publisher\":{\"@id\":\"https:\\\/\\\/www.dbaspecialists.com\\\/#organization\"},\"potentialAction\":[{\"@type\":\"SearchAction\",\"target\":{\"@type\":\"EntryPoint\",\"urlTemplate\":\"https:\\\/\\\/www.dbaspecialists.com\\\/?s={search_term_string}\"},\"query-input\":{\"@type\":\"PropertyValueSpecification\",\"valueRequired\":true,\"valueName\":\"search_term_string\"}}],\"inLanguage\":\"de-AT\"},{\"@type\":\"Organization\",\"@id\":\"https:\\\/\\\/www.dbaspecialists.com\\\/#organization\",\"name\":\"Betacom\",\"url\":\"https:\\\/\\\/www.dbaspecialists.com\\\/\",\"logo\":{\"@type\":\"ImageObject\",\"inLanguage\":\"de-AT\",\"@id\":\"https:\\\/\\\/www.dbaspecialists.com\\\/#\\\/schema\\\/logo\\\/image\\\/\",\"url\":\"https:\\\/\\\/www.dbaspecialists.com\\\/wp-content\\\/uploads\\\/2016\\\/04\\\/DBA-logo_s.png\",\"contentUrl\":\"https:\\\/\\\/www.dbaspecialists.com\\\/wp-content\\\/uploads\\\/2016\\\/04\\\/DBA-logo_s.png\",\"width\":250,\"height\":78,\"caption\":\"Betacom\"},\"image\":{\"@id\":\"https:\\\/\\\/www.dbaspecialists.com\\\/#\\\/schema\\\/logo\\\/image\\\/\"},\"sameAs\":[\"https:\\\/\\\/www.facebook.com\\\/BetacomSrl\",\"https:\\\/\\\/www.instagram.com\\\/betacom_it\\\/\"]}]}<\/script>\n<!-- \/ Yoast SEO plugin. -->","yoast_head_json":{"title":"Anfrage Kostenvoranschlag","description":"Unsere kaufm\u00e4nnische Abteilung bearbeitet Ihre Anfrage und beantwortet sie so bald wie m\u00f6glich.","robots":{"index":"index","follow":"follow","max-snippet":"max-snippet:-1","max-image-preview":"max-image-preview:large","max-video-preview":"max-video-preview:-1"},"canonical":"https:\/\/www.dbaspecialists.com\/richiesta-preventivo\/","og_locale":"de_DE","og_type":"article","og_title":"Anfrage Kostenvoranschlag","og_description":"Unsere kaufm\u00e4nnische Abteilung bearbeitet Ihre Anfrage und beantwortet sie so bald wie m\u00f6glich.","og_url":"https:\/\/www.dbaspecialists.com\/richiesta-preventivo\/","og_site_name":"DBA Remote Services","article_publisher":"https:\/\/www.facebook.com\/BetacomSrl","article_modified_time":"2026-02-09T14:31:38+00:00","og_image":[{"url":"https:\/\/www.dbaspecialists.com\/wp-content\/uploads\/2018\/02\/betacom.png","type":"","width":"","height":""}],"twitter_card":"summary_large_image","twitter_misc":{"Gesch\u00e4tzte Lesezeit":"5 Minuten"},"schema":{"@context":"https:\/\/schema.org","@graph":[{"@type":"WebPage","@id":"https:\/\/www.dbaspecialists.com\/richiesta-preventivo\/","url":"https:\/\/www.dbaspecialists.com\/richiesta-preventivo\/","name":"Anfrage Kostenvoranschlag","isPartOf":{"@id":"https:\/\/www.dbaspecialists.com\/#website"},"primaryImageOfPage":{"@id":"https:\/\/www.dbaspecialists.com\/richiesta-preventivo\/#primaryimage"},"image":{"@id":"https:\/\/www.dbaspecialists.com\/richiesta-preventivo\/#primaryimage"},"thumbnailUrl":"https:\/\/www.dbaspecialists.com\/wp-content\/uploads\/2018\/02\/betacom.png","datePublished":"2021-02-11T14:23:09+00:00","dateModified":"2026-02-09T14:31:38+00:00","description":"Unsere kaufm\u00e4nnische Abteilung bearbeitet Ihre Anfrage und beantwortet sie so bald wie m\u00f6glich.","breadcrumb":{"@id":"https:\/\/www.dbaspecialists.com\/richiesta-preventivo\/#breadcrumb"},"inLanguage":"de-AT","potentialAction":[{"@type":"ReadAction","target":["https:\/\/www.dbaspecialists.com\/richiesta-preventivo\/"]}]},{"@type":"ImageObject","inLanguage":"de-AT","@id":"https:\/\/www.dbaspecialists.com\/richiesta-preventivo\/#primaryimage","url":"https:\/\/www.dbaspecialists.com\/wp-content\/uploads\/2018\/02\/betacom.png","contentUrl":"https:\/\/www.dbaspecialists.com\/wp-content\/uploads\/2018\/02\/betacom.png"},{"@type":"BreadcrumbList","@id":"https:\/\/www.dbaspecialists.com\/richiesta-preventivo\/#breadcrumb","itemListElement":[{"@type":"ListItem","position":1,"name":"Home","item":"https:\/\/www.dbaspecialists.com\/at\/"},{"@type":"ListItem","position":2,"name":"Kostenvoranschlag anfordern"}]},{"@type":"WebSite","@id":"https:\/\/www.dbaspecialists.com\/#website","url":"https:\/\/www.dbaspecialists.com\/","name":"DBA Remote Services - Betacom","description":"Servizi DBA 24\/7","publisher":{"@id":"https:\/\/www.dbaspecialists.com\/#organization"},"potentialAction":[{"@type":"SearchAction","target":{"@type":"EntryPoint","urlTemplate":"https:\/\/www.dbaspecialists.com\/?s={search_term_string}"},"query-input":{"@type":"PropertyValueSpecification","valueRequired":true,"valueName":"search_term_string"}}],"inLanguage":"de-AT"},{"@type":"Organization","@id":"https:\/\/www.dbaspecialists.com\/#organization","name":"Betacom","url":"https:\/\/www.dbaspecialists.com\/","logo":{"@type":"ImageObject","inLanguage":"de-AT","@id":"https:\/\/www.dbaspecialists.com\/#\/schema\/logo\/image\/","url":"https:\/\/www.dbaspecialists.com\/wp-content\/uploads\/2016\/04\/DBA-logo_s.png","contentUrl":"https:\/\/www.dbaspecialists.com\/wp-content\/uploads\/2016\/04\/DBA-logo_s.png","width":250,"height":78,"caption":"Betacom"},"image":{"@id":"https:\/\/www.dbaspecialists.com\/#\/schema\/logo\/image\/"},"sameAs":["https:\/\/www.facebook.com\/BetacomSrl","https:\/\/www.instagram.com\/betacom_it\/"]}]}},"_links":{"self":[{"href":"https:\/\/www.dbaspecialists.com\/at\/wp-json\/wp\/v2\/pages\/2304","targetHints":{"allow":["GET"]}}],"collection":[{"href":"https:\/\/www.dbaspecialists.com\/at\/wp-json\/wp\/v2\/pages"}],"about":[{"href":"https:\/\/www.dbaspecialists.com\/at\/wp-json\/wp\/v2\/types\/page"}],"author":[{"embeddable":true,"href":"https:\/\/www.dbaspecialists.com\/at\/wp-json\/wp\/v2\/users\/1"}],"replies":[{"embeddable":true,"href":"https:\/\/www.dbaspecialists.com\/at\/wp-json\/wp\/v2\/comments?post=2304"}],"version-history":[{"count":5,"href":"https:\/\/www.dbaspecialists.com\/at\/wp-json\/wp\/v2\/pages\/2304\/revisions"}],"predecessor-version":[{"id":4258,"href":"https:\/\/www.dbaspecialists.com\/at\/wp-json\/wp\/v2\/pages\/2304\/revisions\/4258"}],"wp:attachment":[{"href":"https:\/\/www.dbaspecialists.com\/at\/wp-json\/wp\/v2\/media?parent=2304"}],"curies":[{"name":"wp","href":"https:\/\/api.w.org\/{rel}","templated":true}]}}